{"id":1853056,"date":"2026-01-26T12:09:57","date_gmt":"2026-01-26T11:09:57","guid":{"rendered":"https:\/\/lemonti.pl\/sklep\/bez-kategorii\/adapter-lanberg-zlaczka-sieciowa-rj-45-x2-kat-6-ekranowany\/"},"modified":"2026-04-20T18:22:07","modified_gmt":"2026-04-20T16:22:07","slug":"adapter-lanberg-zlaczka-sieciowa-rj-45-x2-kat-6-ekranowany","status":"publish","type":"product","link":"https:\/\/lemonti.pl\/en\/sklep\/urzadzenia-sieciowe\/adapter-lanberg-zlaczka-sieciowa-rj-45-x2-kat-6-ekranowany\/","title":{"rendered":"Adapter Lanberg z\u0142\u0105czka sieciowa RJ-45 X2 kat.6 ekranowany"},"content":{"rendered":"<div class=\"vgblk-rw-wrapper limit-wrapper\">\n<section class=\"section\">\n<div class=\"item item-12\">\n<section class=\"text-item\">\n<h1>Adapter Lanberg z\u0142\u0105czka sieciowa RJ-45 X2 kat.6 ekranowany<\/h1>\n<\/section><\/div>\n<\/section>\n<section class=\"section\">\n<div class=\"item item-6\">\n<section class=\"image-item\"><img decoding=\"async\" src=\"https:\/\/upload.cdn.baselinker.com\/products\/6010088\/16f1222f1eda43ad322d56e7742be405.jpg\" \/><\/section>\n<\/p><\/div>\n<div class=\"item item-6\">\n<section class=\"text-item\">\n<ul>\n<li><b>Producent:<\/b> LANBERG<\/li>\n<li><b>Opis og\u00f3lny:<\/b> Adapter Lanberg z\u0142\u0105czka sieciowa RJ-45 X2 kat.6 ekranowany<\/li>\n<\/ul>\n<p>Informacje podstawowe<\/p>\n<ul>\n<li><b>Rodzaj produktu sieciowego:<\/b> Okablowanie<\/li>\n<li><b>Kategoria kabla:<\/b> 6<\/li>\n<\/ul>\n<p>Fizyczne<\/p>\n<ul>\n<li><b>Kolor:<\/b> Bia\u0142y<\/li>\n<\/ul>\n<p><b>Informacje dodatkowe:<\/b><\/p>\n<ul>\n<li>Z\u0142\u0105czka Sieciowa Kategorii 6, ekranowana<\/li>\n<li>Bia\u0142a<\/li>\n<li>Piny: 1:1 (RJ45)<\/li>\n<li>2x RJ45<\/li>\n<\/ul>\n<\/section><\/div>\n<\/section>\n<section class=\"section\">\n<div class=\"item item-6\">\n<section class=\"image-item\"><img decoding=\"async\" src=\"https:\/\/upload.cdn.baselinker.com\/products\/6010088\/37224a743f6e05f4681e4b5535437cb1.jpg\" \/><\/section>\n<\/p><\/div>\n<div class=\"item item-6\">\n<section class=\"text-item\">\n<h2>Cechy charakterystyczne:<\/h2>\n<ul>\n<li>Kat. 6 FTP<\/li>\n<li>Z\u0142\u0105cze: 2 x RJ45<\/li>\n<li>Ekranowana<\/li>\n<li>Kolor: srebrny<\/li>\n<\/ul>\n<\/section><\/div>\n<\/section>\n<\/div>\n<p><!-- .vgblk-rw-wrapper --><\/p>","protected":false},"excerpt":{"rendered":"<p>Adapter Lanberg z\u0142\u0105czka sieciowa RJ-45 X2 kat.6 ekranowany Producent: LANBERG Opis og\u00f3lny: Adapter Lanberg z\u0142\u0105czka sieciowa RJ-45 X2 kat.6 ekranowany Informacje podstawowe Rodzaj produktu sieciowego: Okablowanie Kategoria kabla: 6 Fizyczne Kolor: Bia\u0142y Informacje dodatkowe: Z\u0142\u0105czka Sieciowa Kategorii 6, ekranowana Bia\u0142a Piny: 1:1 (RJ45) 2x RJ45 Cechy charakterystyczne: Kat. 6 FTP Z\u0142\u0105cze: 2 x RJ45 Ekranowana&#8230;<\/p>","protected":false},"featured_media":1853050,"comment_status":"open","ping_status":"closed","template":"","meta":[],"product_brand":[18452],"product_cat":[297],"product_tag":[],"class_list":{"0":"post-1853056","1":"product","2":"type-product","3":"status-publish","4":"has-post-thumbnail","6":"product_brand-lanberg","7":"product_cat-urzadzenia-sieciowe","9":"first","10":"instock","11":"taxable","12":"shipping-taxable","13":"purchasable","14":"product-type-simple"},"_links":{"self":[{"href":"https:\/\/lemonti.pl\/en\/wp-json\/wp\/v2\/product\/1853056","targetHints":{"allow":["GET"]}}],"collection":[{"href":"https:\/\/lemonti.pl\/en\/wp-json\/wp\/v2\/product"}],"about":[{"href":"https:\/\/lemonti.pl\/en\/wp-json\/wp\/v2\/types\/product"}],"replies":[{"embeddable":true,"href":"https:\/\/lemonti.pl\/en\/wp-json\/wp\/v2\/comments?post=1853056"}],"version-history":[{"count":0,"href":"https:\/\/lemonti.pl\/en\/wp-json\/wp\/v2\/product\/1853056\/revisions"}],"wp:featuredmedia":[{"embeddable":true,"href":"https:\/\/lemonti.pl\/en\/wp-json\/wp\/v2\/media\/1853050"}],"wp:attachment":[{"href":"https:\/\/lemonti.pl\/en\/wp-json\/wp\/v2\/media?parent=1853056"}],"wp:term":[{"taxonomy":"product_brand","embeddable":true,"href":"https:\/\/lemonti.pl\/en\/wp-json\/wp\/v2\/product_brand?post=1853056"},{"taxonomy":"product_cat","embeddable":true,"href":"https:\/\/lemonti.pl\/en\/wp-json\/wp\/v2\/product_cat?post=1853056"},{"taxonomy":"product_tag","embeddable":true,"href":"https:\/\/lemonti.pl\/en\/wp-json\/wp\/v2\/product_tag?post=1853056"}],"curies":[{"name":"wp","href":"https:\/\/api.w.org\/{rel}","templated":true}]}}