{"id":1853046,"date":"2026-01-26T12:09:49","date_gmt":"2026-01-26T11:09:49","guid":{"rendered":"https:\/\/lemonti.pl\/sklep\/bez-kategorii\/adapter-lanberg-zlaczka-sieciowa-rj-45-rj-45-x2\/"},"modified":"2026-04-15T22:32:58","modified_gmt":"2026-04-15T20:32:58","slug":"adapter-lanberg-zlaczka-sieciowa-rj-45-rj-45-x2","status":"publish","type":"product","link":"https:\/\/lemonti.pl\/en\/sklep\/urzadzenia-sieciowe\/adapter-lanberg-zlaczka-sieciowa-rj-45-rj-45-x2\/","title":{"rendered":"Adapter Lanberg z\u0142\u0105czka sieciowa RJ-45 &#8211; RJ-45 X2"},"content":{"rendered":"<div class=\"vgblk-rw-wrapper limit-wrapper\">\n<section class=\"section\">\n<div class=\"item item-12\">\n<section class=\"text-item\">\n<h1>Adapter Lanberg z\u0142\u0105czka sieciowa RJ-45 &#8211; RJ-45 X2<\/h1>\n<\/section><\/div>\n<\/section>\n<section class=\"section\">\n<div class=\"item item-6\">\n<section class=\"text-item\">\n<ul>\n<li><b>Producent:<\/b> LANBERG<\/li>\n<li><b>Opis og\u00f3lny:<\/b> Adapter Lanberg z\u0142\u0105czka sieciowa RJ-45 &#8211; RJ-45 X2<\/li>\n<\/ul>\n<p>Informacje podstawowe<\/p>\n<ul>\n<li><b>Rodzaj produktu sieciowego:<\/b> Okablowanie<\/li>\n<\/ul>\n<p>Fizyczne<\/p>\n<ul>\n<li><b>Kolor:<\/b> Bia\u0142y<\/li>\n<\/ul>\n<p><b>Informacje dodatkowe:<\/b><\/p>\n<ul>\n<li>Rozdzielacz LAN RJ45,1 gniazdo RJ-45 na 2 gniazda RJ-45<\/li>\n<li>Nieekranowany<\/li>\n<\/ul>\n<\/section><\/div>\n<div class=\"item item-6\">\n<section class=\"image-item\"><img decoding=\"async\" src=\"https:\/\/upload.cdn.baselinker.com\/products\/6010088\/4dce9728711f2cd917835333a3456355.jpg\" \/><\/section>\n<\/p><\/div>\n<\/section>\n<section class=\"section\">\n<div class=\"item item-12\">\n<section class=\"text-item\">\n<h2>Zastosowanie:<\/h2>\n<p>Rozdzielacz LAN\/RJ-45 to rozwi\u0105zanie pozwalaj\u0105ce na rozdzielenie pojedynczego kabla sieciowego na dwa urz\u0105dzenia. W celu poprawnej pracy nale\u017cy po\u0142\u0105czy\u0107 pierwszy adapter z 2 urz\u0105dzeniami. Nast\u0119pnie pod\u0142\u0105cz wychodz\u0105cy kabel z pierwszego adaptera z drugim. Ostatecznie 2 urz\u0105dzenia pod\u0142\u0105cz do 2 adaptera. Rozwi\u0105zanie to sprawdza si\u0119 w miejscach gdzie niemo\u017cliwe jest przeci\u0105gni\u0119cie dw\u00f3ch kabli sieciowych.<\/p>\n<\/section><\/div>\n<\/section>\n<section class=\"section\">\n<div class=\"item item-12\">\n<section class=\"image-item\"><img decoding=\"async\" src=\"https:\/\/upload.cdn.baselinker.com\/products\/6010088\/b5cc6262bbde5cadb0858cce77dad591.jpg\" \/><\/section>\n<\/p><\/div>\n<\/section>\n<\/div>\n<p><!-- .vgblk-rw-wrapper --><\/p>","protected":false},"excerpt":{"rendered":"<p>Adapter Lanberg z\u0142\u0105czka sieciowa RJ-45 &#8211; RJ-45 X2 Producent: LANBERG Opis og\u00f3lny: Adapter Lanberg z\u0142\u0105czka sieciowa RJ-45 &#8211; RJ-45 X2 Informacje podstawowe Rodzaj produktu sieciowego: Okablowanie Fizyczne Kolor: Bia\u0142y Informacje dodatkowe: Rozdzielacz LAN RJ45,1 gniazdo RJ-45 na 2 gniazda RJ-45 Nieekranowany Zastosowanie: Rozdzielacz LAN\/RJ-45 to rozwi\u0105zanie pozwalaj\u0105ce na rozdzielenie pojedynczego kabla sieciowego na dwa urz\u0105dzenia&#8230;.<\/p>","protected":false},"featured_media":1853035,"comment_status":"open","ping_status":"closed","template":"","meta":[],"product_brand":[18452],"product_cat":[297],"product_tag":[],"class_list":{"0":"post-1853046","1":"product","2":"type-product","3":"status-publish","4":"has-post-thumbnail","6":"product_brand-lanberg","7":"product_cat-urzadzenia-sieciowe","9":"first","10":"instock","11":"taxable","12":"shipping-taxable","13":"purchasable","14":"product-type-simple"},"_links":{"self":[{"href":"https:\/\/lemonti.pl\/en\/wp-json\/wp\/v2\/product\/1853046","targetHints":{"allow":["GET"]}}],"collection":[{"href":"https:\/\/lemonti.pl\/en\/wp-json\/wp\/v2\/product"}],"about":[{"href":"https:\/\/lemonti.pl\/en\/wp-json\/wp\/v2\/types\/product"}],"replies":[{"embeddable":true,"href":"https:\/\/lemonti.pl\/en\/wp-json\/wp\/v2\/comments?post=1853046"}],"version-history":[{"count":0,"href":"https:\/\/lemonti.pl\/en\/wp-json\/wp\/v2\/product\/1853046\/revisions"}],"wp:featuredmedia":[{"embeddable":true,"href":"https:\/\/lemonti.pl\/en\/wp-json\/wp\/v2\/media\/1853035"}],"wp:attachment":[{"href":"https:\/\/lemonti.pl\/en\/wp-json\/wp\/v2\/media?parent=1853046"}],"wp:term":[{"taxonomy":"product_brand","embeddable":true,"href":"https:\/\/lemonti.pl\/en\/wp-json\/wp\/v2\/product_brand?post=1853046"},{"taxonomy":"product_cat","embeddable":true,"href":"https:\/\/lemonti.pl\/en\/wp-json\/wp\/v2\/product_cat?post=1853046"},{"taxonomy":"product_tag","embeddable":true,"href":"https:\/\/lemonti.pl\/en\/wp-json\/wp\/v2\/product_tag?post=1853046"}],"curies":[{"name":"wp","href":"https:\/\/api.w.org\/{rel}","templated":true}]}}