{"id":1853025,"date":"2026-01-26T12:09:40","date_gmt":"2026-01-26T11:09:40","guid":{"rendered":"https:\/\/lemonti.pl\/sklep\/bez-kategorii\/lacznik-keystone-lanberg-rj45-rj45-utp-kat-5e-do-puszki-montazowej-zlaczka-sieciowa\/"},"modified":"2026-04-20T22:00:50","modified_gmt":"2026-04-20T20:00:50","slug":"lacznik-keystone-lanberg-rj45-rj45-utp-kat-5e-do-puszki-montazowej-zlaczka-sieciowa","status":"publish","type":"product","link":"https:\/\/lemonti.pl\/en\/sklep\/urzadzenia-sieciowe\/lacznik-keystone-lanberg-rj45-rj45-utp-kat-5e-do-puszki-montazowej-zlaczka-sieciowa\/","title":{"rendered":"\u0141\u0105cznik Keystone Lanberg RJ45 -&gt; RJ45 UTP kat.5e do puszki monta\u017cowej z\u0142\u0105czka sieciowa"},"content":{"rendered":"<div class=\"vgblk-rw-wrapper limit-wrapper\">\n<section class=\"section\">\n<div class=\"item item-12\">\n<section class=\"text-item\">\n<h2>\u0141\u0105cznik Keystone Lanberg RJ45 -&gt; RJ45 UTP kat.5e do puszki monta\u017cowej z\u0142\u0105czka sieciowa<\/h2>\n<\/section><\/div>\n<\/section>\n<section class=\"section\">\n<div class=\"item item-6\">\n<section class=\"image-item\"><img decoding=\"async\" src=\"https:\/\/upload.cdn.baselinker.com\/products\/6010088\/863387ffaf54c1315a731d5ef2211ad0.jpg\" \/><\/section>\n<\/p><\/div>\n<div class=\"item item-6\">\n<section class=\"text-item\">\n<ul>\n<li><b>Producent:<\/b> LANBERG<\/li>\n<li><b>Opis og\u00f3lny:<\/b> \u0141\u0105cznik Keystone Lanberg RJ45 -&gt; RJ45 UTP kat.5e do puszki monta\u017cowej<\/li>\n<\/ul>\n<ul>\n<li><b>Rodzaj produktu sieciowego:<\/b> Kategoria kabla<\/li>\n<li><b>\u0141\u0105cznik:<\/b> 5e<\/li>\n<\/ul>\n<p><b>Informacje dodatkowe:<\/b><\/p>\n<ul>\n<li>\u0141\u0105cznik keystone RJ45 s\u0142u\u017cy do budowy sieci zar\u00f3wno w wersji natynkowej<\/li>\n<li>jak i podtynkowej poprzez umieszczanie w puszkach keystonowych.<\/li>\n<li>Przeznaczony jest r\u00f3wnie\u017c do obsadzania pustych paneli 10\u201d i 19\u201d<\/li>\n<li>w zabudowie modularnej. Produkt sprawdza si\u0119 tak\u017ce jako zwyk\u0142y \u0142\u0105cznik, do \u0142\u0105czenia dw\u00f3ch przewod\u00f3w zako\u0144czonych m\u0119skimi wtyczkami RJ45 8p8c<\/li>\n<li>Specyfikacja<\/li>\n<li>kategoria: 5e<\/li>\n<li>gniazda: 2 x RJ45<\/li>\n<li>nieekranowane UTP<\/li>\n<\/ul>\n<\/section><\/div>\n<\/section>\n<section class=\"section\">\n<div class=\"item item-6\">\n<section class=\"image-item\"><img decoding=\"async\" src=\"https:\/\/upload.cdn.baselinker.com\/products\/6010088\/4f34903cd5876284621d8efa6f0c08af.jpg\" \/><\/section>\n<\/p><\/div>\n<div class=\"item item-6\">\n<section class=\"text-item\">\n<p>\u0141\u0105cznik keystone RJ45 s\u0142u\u017cy do <b>budowy sieci zar\u00f3wno w wersji natynkowej jak i podtynkowej poprzez umieszczanie w puszkach keystonowych<\/b>. Przeznaczony jest r\u00f3wnie\u017c do <b>obsadzania pustych paneli 10\u201d i 19\u201d w zabudowie modularnej<\/b>. Produkt sprawdza si\u0119 tak\u017ce jako zwyk\u0142y \u0142\u0105cznik, do \u0142\u0105czenia dw\u00f3ch przewod\u00f3w zako\u0144czonych m\u0119skimi wtyczkami RJ45 8p8c. Specyfikacja: kategoria: 5e gniazda: 2 x RJ45 nieekranowane UTP Obsluga PoE w keystone: do 36V<\/p>\n<\/section><\/div>\n<\/section>\n<\/div>\n<p><!-- .vgblk-rw-wrapper --><\/p>","protected":false},"excerpt":{"rendered":"<p>\u0141\u0105cznik Keystone Lanberg RJ45 -&gt; RJ45 UTP kat.5e do puszki monta\u017cowej z\u0142\u0105czka sieciowa Producent: LANBERG Opis og\u00f3lny: \u0141\u0105cznik Keystone Lanberg RJ45 -&gt; RJ45 UTP kat.5e do puszki monta\u017cowej Rodzaj produktu sieciowego: Kategoria kabla \u0141\u0105cznik: 5e Informacje dodatkowe: \u0141\u0105cznik keystone RJ45 s\u0142u\u017cy do budowy sieci zar\u00f3wno w wersji natynkowej jak i podtynkowej poprzez umieszczanie w puszkach&#8230;<\/p>","protected":false},"featured_media":1853015,"comment_status":"open","ping_status":"closed","template":"","meta":[],"product_brand":[18452],"product_cat":[297],"product_tag":[],"class_list":{"0":"post-1853025","1":"product","2":"type-product","3":"status-publish","4":"has-post-thumbnail","6":"product_brand-lanberg","7":"product_cat-urzadzenia-sieciowe","9":"first","10":"instock","11":"taxable","12":"shipping-taxable","13":"purchasable","14":"product-type-simple"},"_links":{"self":[{"href":"https:\/\/lemonti.pl\/en\/wp-json\/wp\/v2\/product\/1853025","targetHints":{"allow":["GET"]}}],"collection":[{"href":"https:\/\/lemonti.pl\/en\/wp-json\/wp\/v2\/product"}],"about":[{"href":"https:\/\/lemonti.pl\/en\/wp-json\/wp\/v2\/types\/product"}],"replies":[{"embeddable":true,"href":"https:\/\/lemonti.pl\/en\/wp-json\/wp\/v2\/comments?post=1853025"}],"version-history":[{"count":0,"href":"https:\/\/lemonti.pl\/en\/wp-json\/wp\/v2\/product\/1853025\/revisions"}],"wp:featuredmedia":[{"embeddable":true,"href":"https:\/\/lemonti.pl\/en\/wp-json\/wp\/v2\/media\/1853015"}],"wp:attachment":[{"href":"https:\/\/lemonti.pl\/en\/wp-json\/wp\/v2\/media?parent=1853025"}],"wp:term":[{"taxonomy":"product_brand","embeddable":true,"href":"https:\/\/lemonti.pl\/en\/wp-json\/wp\/v2\/product_brand?post=1853025"},{"taxonomy":"product_cat","embeddable":true,"href":"https:\/\/lemonti.pl\/en\/wp-json\/wp\/v2\/product_cat?post=1853025"},{"taxonomy":"product_tag","embeddable":true,"href":"https:\/\/lemonti.pl\/en\/wp-json\/wp\/v2\/product_tag?post=1853025"}],"curies":[{"name":"wp","href":"https:\/\/api.w.org\/{rel}","templated":true}]}}