{"id":1852947,"date":"2026-01-26T12:08:59","date_gmt":"2026-01-26T11:08:59","guid":{"rendered":"https:\/\/lemonti.pl\/sklep\/bez-kategorii\/wtyk-sieciowy-lanberg-pls-6020-rj-45-8p8c-kat-6-ftp-20-sztuk-z-prowadnica\/"},"modified":"2026-04-20T09:05:03","modified_gmt":"2026-04-20T07:05:03","slug":"wtyk-sieciowy-lanberg-pls-6020-rj-45-8p8c-kat-6-ftp-20-sztuk-z-prowadnica","status":"publish","type":"product","link":"https:\/\/lemonti.pl\/en\/sklep\/urzadzenia-sieciowe\/wtyk-sieciowy-lanberg-pls-6020-rj-45-8p8c-kat-6-ftp-20-sztuk-z-prowadnica\/","title":{"rendered":"Wtyk sieciowy Lanberg PLS-6020 RJ-45 8P8C kat. 6 FTP 20 sztuk z prowadnic\u0105"},"content":{"rendered":"<div class=\"vgblk-rw-wrapper limit-wrapper\">\n<section class=\"section\">\n<div class=\"item item-12\">\n<section class=\"text-item\">\n<h1>Wtyk sieciowy Lanberg PLS-6020 RJ-45 8P8C kat. 6 FTP 20 sztuk z prowadnic\u0105<\/h1>\n<\/section><\/div>\n<\/section>\n<section class=\"section\">\n<div class=\"item item-6\">\n<section class=\"text-item\">\n<h2>Specyfikacja techniczna<\/h2>\n<ul>\n<li>Kolor: &nbsp;&nbsp;&nbsp;<b>Przezroczysty<\/b><\/li>\n<li>Materia\u0142: &nbsp;&nbsp;&nbsp;<b>Tworzywo sztuczne<\/b><\/li>\n<li>Producent: &nbsp;&nbsp;&nbsp;<b>Lanberg<\/b><\/li>\n<li>Rodzaj: &nbsp;&nbsp;&nbsp;<b>Wtyk<\/b><\/li>\n<li>Rodzaj ekranowania: &nbsp;&nbsp;&nbsp;<b>F\/UTP<\/b><\/li>\n<li>Kod produktu: &nbsp;&nbsp;&nbsp;<b>PLS-6020<\/b><\/li>\n<\/ul>\n<\/section><\/div>\n<div class=\"item item-6\">\n<section class=\"image-item\"><img decoding=\"async\" src=\"https:\/\/upload.cdn.baselinker.com\/products\/6010088\/6e338923576179dd499ad6db8af8d239.jpg\" \/><\/section>\n<\/p><\/div>\n<\/section>\n<section class=\"section\">\n<div class=\"item item-6\">\n<section class=\"text-item\">\n<p>Zestaw ekranowanych przelotowych wtyk\u00f3w sieciowych RJ-45 [8P8C] kat.6, przeznaczonych g\u0142\u00f3wnie do kabli LAN FTP. \u015arednica prowadnicy (dla przewodnika z HDPE): 1.05 +- 0.05 mm. Dodatkowo w zestawie ka\u017cdy wtyk posiada prowadnic\u0119 u\u0142atwiaj\u0105c\u0105 prawid\u0142owe u\u0142o\u017cenie kabla przed zarobieniem. Ko\u0144c\u00f3wki wykonane s\u0105 z wytrzyma\u0142ego plastiku &#8211; przezroczyste.<\/p>\n<ul>\n<li>Ka\u017cdy wtyk posiada prowadnic\u0119<\/li>\n<li>Rodzaj ekranowania &#8211; F\/UTP<\/li>\n<li>Opakowanie zawiera &#8211; 20 szt<\/li>\n<\/ul>\n<\/section><\/div>\n<div class=\"item item-6\">\n<section class=\"image-item\"><img decoding=\"async\" src=\"https:\/\/upload.cdn.baselinker.com\/products\/6010088\/af984dfcbda261a11aa276c68ce45f5a.jpg\" \/><\/section>\n<\/p><\/div>\n<\/section>\n<section class=\"section\">\n<div class=\"item item-6\">\n<section class=\"image-item\"><img decoding=\"async\" src=\"https:\/\/upload.cdn.baselinker.com\/products\/6010088\/c6b7a97c34c3311a6e818a8f4cbdc187.jpg\" \/><\/section>\n<\/p><\/div>\n<div class=\"item item-6\">\n<section class=\"image-item\"><img decoding=\"async\" src=\"https:\/\/upload.cdn.baselinker.com\/products\/6010088\/af984dfcbda261a11aa276c68ce45f5a.jpg\" \/><\/section>\n<\/p><\/div>\n<\/section>\n<section class=\"section\">\n<div class=\"item item-12\">\n<section class=\"image-item\"><img decoding=\"async\" src=\"https:\/\/upload.cdn.baselinker.com\/products\/6010088\/d9cf397d1bcfb50feb182b4944e0df17.jpg\" \/><\/section>\n<\/p><\/div>\n<\/section>\n<\/div>\n<p><!-- .vgblk-rw-wrapper --><\/p>\n","protected":false},"excerpt":{"rendered":"<p>Wtyk sieciowy Lanberg PLS-6020 RJ-45 8P8C kat. 6 FTP 20 sztuk z prowadnic\u0105 Specyfikacja techniczna Kolor: &nbsp;&nbsp;&nbsp;Przezroczysty Materia\u0142: &nbsp;&nbsp;&nbsp;Tworzywo sztuczne Producent: &nbsp;&nbsp;&nbsp;Lanberg Rodzaj: &nbsp;&nbsp;&nbsp;Wtyk Rodzaj ekranowania: &nbsp;&nbsp;&nbsp;F\/UTP Kod produktu: &nbsp;&nbsp;&nbsp;PLS-6020 Zestaw ekranowanych przelotowych wtyk\u00f3w sieciowych RJ-45 [8P8C] kat.6, przeznaczonych g\u0142\u00f3wnie do kabli LAN FTP. \u015arednica prowadnicy (dla przewodnika z HDPE): 1.05 +- 0.05 mm. Dodatkowo&#8230;<\/p>\n","protected":false},"featured_media":1852928,"comment_status":"open","ping_status":"closed","template":"","meta":[],"product_brand":[18452],"product_cat":[297],"product_tag":[],"class_list":{"0":"post-1852947","1":"product","2":"type-product","3":"status-publish","4":"has-post-thumbnail","6":"product_brand-lanberg","7":"product_cat-urzadzenia-sieciowe","9":"first","10":"instock","11":"taxable","12":"shipping-taxable","13":"purchasable","14":"product-type-simple"},"_links":{"self":[{"href":"https:\/\/lemonti.pl\/en\/wp-json\/wp\/v2\/product\/1852947","targetHints":{"allow":["GET"]}}],"collection":[{"href":"https:\/\/lemonti.pl\/en\/wp-json\/wp\/v2\/product"}],"about":[{"href":"https:\/\/lemonti.pl\/en\/wp-json\/wp\/v2\/types\/product"}],"replies":[{"embeddable":true,"href":"https:\/\/lemonti.pl\/en\/wp-json\/wp\/v2\/comments?post=1852947"}],"version-history":[{"count":0,"href":"https:\/\/lemonti.pl\/en\/wp-json\/wp\/v2\/product\/1852947\/revisions"}],"wp:featuredmedia":[{"embeddable":true,"href":"https:\/\/lemonti.pl\/en\/wp-json\/wp\/v2\/media\/1852928"}],"wp:attachment":[{"href":"https:\/\/lemonti.pl\/en\/wp-json\/wp\/v2\/media?parent=1852947"}],"wp:term":[{"taxonomy":"product_brand","embeddable":true,"href":"https:\/\/lemonti.pl\/en\/wp-json\/wp\/v2\/product_brand?post=1852947"},{"taxonomy":"product_cat","embeddable":true,"href":"https:\/\/lemonti.pl\/en\/wp-json\/wp\/v2\/product_cat?post=1852947"},{"taxonomy":"product_tag","embeddable":true,"href":"https:\/\/lemonti.pl\/en\/wp-json\/wp\/v2\/product_tag?post=1852947"}],"curies":[{"name":"wp","href":"https:\/\/api.w.org\/{rel}","templated":true}]}}