{"id":1852919,"date":"2026-01-26T12:08:41","date_gmt":"2026-01-26T11:08:41","guid":{"rendered":"https:\/\/lemonti.pl\/sklep\/bez-kategorii\/modul-keystone-lanberg-gniazdo-rj45-lsa-beznarzedziowy-ftp-kat-6-180-do-puszki-montazowej\/"},"modified":"2026-04-17T12:13:48","modified_gmt":"2026-04-17T10:13:48","slug":"modul-keystone-lanberg-gniazdo-rj45-lsa-beznarzedziowy-ftp-kat-6-180-do-puszki-montazowej","status":"publish","type":"product","link":"https:\/\/lemonti.pl\/en\/sklep\/urzadzenia-sieciowe\/modul-keystone-lanberg-gniazdo-rj45-lsa-beznarzedziowy-ftp-kat-6-180-do-puszki-montazowej\/","title":{"rendered":"Modu\u0142 Keystone Lanberg gniazdo RJ45 -&gt; LSA beznarz\u0119dziowy FTP kat.6 180\u00b0 do puszki monta\u017cowej"},"content":{"rendered":"<div class=\"vgblk-rw-wrapper limit-wrapper\">\n<section class=\"section\">\n<div class=\"item item-12\">\n<section class=\"text-item\">\n<h2>Modu\u0142 Keystone Lanberg gniazdo RJ45 -&gt; LSA beznarz\u0119dziowy FTP kat.6 180\u00b0 do puszki monta\u017cowej<\/h2>\n<\/section><\/div>\n<\/section>\n<section class=\"section\">\n<div class=\"item item-6\">\n<section class=\"image-item\"><img decoding=\"async\" src=\"https:\/\/upload.cdn.baselinker.com\/products\/6010088\/59db7278bef6f7c3fbc51ec11249ae7f.jpg\" \/><\/section>\n<\/p><\/div>\n<div class=\"item item-6\">\n<section class=\"text-item\">\n<p>Producent: LANBERG<\/p>\n<p><b>Opis og\u00f3lny:<\/b> Modu\u0142 Keystone Lanberg gniazdo RJ45 -&gt; LSA beznarz\u0119dziowy FTP kat.6 180\u00b0<\/p>\n<p>Informacje podstawowe<\/p>\n<ul>\n<li><b>Rodzaj produktu sieciowego:<\/b> Gniazdo \/ Modu\u0142<\/li>\n<li><b>Kategoria kabla:<\/b> 6<\/li>\n<\/ul>\n<p><b>Informacje dodatkowe:<\/b><\/p>\n<ul>\n<li>Gniazdo beznarz\u0119dziowe FTP RJ45 kat.6 keystone mo\u017cna instalowa\u0107 w ka\u017cdym<\/li>\n<li>adapterze do z\u0142\u0105cz typu keystone o wymiarach (wys x szer) 16,10&#215;14,50mm np\u00a0w adapterach do gniazd 45&#215;45, ramkach osprz\u0119tu elektrycznego, panelac\u00a0modularnych, dzi\u0119ki czemu bardzo szeroka jest lista zastosowa\u0144 tego modu\u0142u<\/li>\n<li>Gniazdo LAN posiada przykrywk\u0119 z\u0142\u0105cza IDC oraz kolorowe oznaczeni<\/li>\n<li>sekwencji po\u0142\u0105cze\u0144 typu 568A\/B<\/li>\n<li>Mo\u017cliwo\u015b\u0107 przy\u0142\u0105czenia kabli w sekwencjach 568B oraz 568A<\/li>\n<li>Uniwersalne z\u0142\u0105cza szczelinowe kompatybilne z narz\u0119dziem LSA.<\/li>\n<li>Wykonane w oparciu o p\u0142ytk\u0119 drukowan\u0105 PCBA.<\/li>\n<li>\u2022 Z\u0142\u0105cze<\/li>\n<li>zewn\u0119trzne: 1 x gniazdo \u017ce\u0144skie RJ45 (8P\/8C)<\/li>\n<li>wewn\u0119trzne: LSA (beznarz\u0119dziowo)<\/li>\n<li>\u2022 Specyfikacja Cat.6<\/li>\n<li>\u2022 Ekranowany (FTP)<\/li>\n<li>\u2022 Zgodny z wymogami Cat.6<\/li>\n<li>EN 50173-1:2011 i EN 60603-7-4 oraz ANSI\/TIA 568-C.2;<\/li>\n<li>\u2022 Dla przewod\u00f3w drutowych lub linkowych maks. do 0,644 mm (22 &#8211; 26 AWG)<\/li>\n<\/ul>\n<\/section><\/div>\n<\/section>\n<section class=\"section\">\n<div class=\"item item-12\">\n<section class=\"image-item\"><img decoding=\"async\" src=\"https:\/\/upload.cdn.baselinker.com\/products\/6010088\/39c3ce2fbd0cca5a04980fb8dd32fa27.jpg\" \/><\/section>\n<\/p><\/div>\n<\/section>\n<\/div>\n<p><!-- .vgblk-rw-wrapper --><\/p>","protected":false},"excerpt":{"rendered":"<p>Modu\u0142 Keystone Lanberg gniazdo RJ45 -&gt; LSA beznarz\u0119dziowy FTP kat.6 180\u00b0 do puszki monta\u017cowej Producent: LANBERG Opis og\u00f3lny: Modu\u0142 Keystone Lanberg gniazdo RJ45 -&gt; LSA beznarz\u0119dziowy FTP kat.6 180\u00b0 Informacje podstawowe Rodzaj produktu sieciowego: Gniazdo \/ Modu\u0142 Kategoria kabla: 6 Informacje dodatkowe: Gniazdo beznarz\u0119dziowe FTP RJ45 kat.6 keystone mo\u017cna instalowa\u0107 w ka\u017cdym adapterze do z\u0142\u0105cz&#8230;<\/p>","protected":false},"featured_media":1852911,"comment_status":"open","ping_status":"closed","template":"","meta":[],"product_brand":[18452],"product_cat":[297],"product_tag":[],"class_list":{"0":"post-1852919","1":"product","2":"type-product","3":"status-publish","4":"has-post-thumbnail","6":"product_brand-lanberg","7":"product_cat-urzadzenia-sieciowe","9":"first","10":"instock","11":"taxable","12":"shipping-taxable","13":"purchasable","14":"product-type-simple"},"_links":{"self":[{"href":"https:\/\/lemonti.pl\/en\/wp-json\/wp\/v2\/product\/1852919","targetHints":{"allow":["GET"]}}],"collection":[{"href":"https:\/\/lemonti.pl\/en\/wp-json\/wp\/v2\/product"}],"about":[{"href":"https:\/\/lemonti.pl\/en\/wp-json\/wp\/v2\/types\/product"}],"replies":[{"embeddable":true,"href":"https:\/\/lemonti.pl\/en\/wp-json\/wp\/v2\/comments?post=1852919"}],"version-history":[{"count":0,"href":"https:\/\/lemonti.pl\/en\/wp-json\/wp\/v2\/product\/1852919\/revisions"}],"wp:featuredmedia":[{"embeddable":true,"href":"https:\/\/lemonti.pl\/en\/wp-json\/wp\/v2\/media\/1852911"}],"wp:attachment":[{"href":"https:\/\/lemonti.pl\/en\/wp-json\/wp\/v2\/media?parent=1852919"}],"wp:term":[{"taxonomy":"product_brand","embeddable":true,"href":"https:\/\/lemonti.pl\/en\/wp-json\/wp\/v2\/product_brand?post=1852919"},{"taxonomy":"product_cat","embeddable":true,"href":"https:\/\/lemonti.pl\/en\/wp-json\/wp\/v2\/product_cat?post=1852919"},{"taxonomy":"product_tag","embeddable":true,"href":"https:\/\/lemonti.pl\/en\/wp-json\/wp\/v2\/product_tag?post=1852919"}],"curies":[{"name":"wp","href":"https:\/\/api.w.org\/{rel}","templated":true}]}}