{"id":1852788,"date":"2026-01-26T12:07:20","date_gmt":"2026-01-26T11:07:20","guid":{"rendered":"https:\/\/lemonti.pl\/sklep\/bez-kategorii\/gniazdo-natynkowe-lanberg-ou6-0001-w-kat-6-1x-rj45\/"},"modified":"2026-04-20T08:31:19","modified_gmt":"2026-04-20T06:31:19","slug":"gniazdo-natynkowe-lanberg-ou6-0001-w-kat-6-1x-rj45","status":"publish","type":"product","link":"https:\/\/lemonti.pl\/en\/sklep\/urzadzenia-sieciowe\/gniazdo-natynkowe-lanberg-ou6-0001-w-kat-6-1x-rj45\/","title":{"rendered":"Gniazdo natynkowe Lanberg OU6-0001-W kat.6 1X RJ45"},"content":{"rendered":"<div class=\"vgblk-rw-wrapper limit-wrapper\">\n<section class=\"section\">\n<div class=\"item item-12\">\n<section class=\"text-item\">\n<h1>Gniazdo natynkowe Lanberg OU6-0001-W kat.6 1X RJ45<\/h1>\n<\/section><\/div>\n<\/section>\n<section class=\"section\">\n<div class=\"item item-6\">\n<section class=\"image-item\"><img decoding=\"async\" src=\"https:\/\/upload.cdn.baselinker.com\/products\/6010088\/412384b8f7358ebe93700f2bd997cdc8.jpg\" \/><\/section>\n<\/p><\/div>\n<div class=\"item item-6\">\n<section class=\"text-item\">\n<p>Jest pasywnym elementem okablowania strukturalnego stosowanym w punktach abonenckich.<\/p>\n<p>Gniazdo wyposa\u017cone jest w nieekranowany port RJ-45 kategorii 6. &#8211; Nieekranowany port RJ-45 kategorii 6.<\/p>\n<ul>\n<li>Uniwersalne z\u0142\u0105cza IDC\/LSA zgodne z T568A\/B.<\/li>\n<li>Umo\u017cliwia przy\u0142\u0105czenie przewod\u00f3w 26-22 AWG.<\/li>\n<li>Bardzo prosty i szybki monta\u017c. &#8211; Kolor: bia\u0142y.<\/li>\n<\/ul>\n<\/section><\/div>\n<\/section>\n<section class=\"section\">\n<div class=\"item item-6\">\n<section class=\"image-item\"><img decoding=\"async\" src=\"https:\/\/upload.cdn.baselinker.com\/products\/6010088\/778e623cd809eb388da9b0cb62dc932c.jpg\" \/><\/section>\n<\/p><\/div>\n<div class=\"item item-6\">\n<section class=\"text-item\">\n<ul>\n<li><b>Kolor:<\/b> Bia\u0142y<\/li>\n<li><b>Opis og\u00f3lny:<\/b> Gniazdo natynkowe Lanberg OU6-0001-W kat.6 1X RJ45<\/li>\n<\/ul>\n<p><b>Informacje dodatkowe:<\/b><\/p>\n<ul>\n<li>Uniwersalne z\u0142\u0105cza IDC\/LSA zgodne z T568A\/B<\/li>\n<li>Umo\u017cliwia przy\u0142\u0105czenie przewod\u00f3w 26-22 AWG<\/li>\n<li>Bardzo prosty i szybki monta\u017c<\/li>\n<\/ul>\n<\/section><\/div>\n<\/section>\n<section class=\"section\">\n<div class=\"item item-6\">\n<section class=\"image-item\"><img decoding=\"async\" src=\"https:\/\/upload.cdn.baselinker.com\/products\/6010088\/77f4c1a56743bb32a995799ea1e63870.jpg\" \/><\/section>\n<\/p><\/div>\n<div class=\"item item-6\">\n<section class=\"image-item\"><img decoding=\"async\" src=\"https:\/\/upload.cdn.baselinker.com\/products\/6010088\/778e623cd809eb388da9b0cb62dc932c.jpg\" \/><\/section>\n<\/p><\/div>\n<\/section>\n<\/div>\n<p><!-- .vgblk-rw-wrapper --><\/p>","protected":false},"excerpt":{"rendered":"<p>Gniazdo natynkowe Lanberg OU6-0001-W kat.6 1X RJ45 Jest pasywnym elementem okablowania strukturalnego stosowanym w punktach abonenckich. Gniazdo wyposa\u017cone jest w nieekranowany port RJ-45 kategorii 6. &#8211; Nieekranowany port RJ-45 kategorii 6. Uniwersalne z\u0142\u0105cza IDC\/LSA zgodne z T568A\/B. Umo\u017cliwia przy\u0142\u0105czenie przewod\u00f3w 26-22 AWG. Bardzo prosty i szybki monta\u017c. &#8211; Kolor: bia\u0142y. Kolor: Bia\u0142y Opis og\u00f3lny: Gniazdo&#8230;<\/p>","protected":false},"featured_media":1852777,"comment_status":"open","ping_status":"closed","template":"","meta":[],"product_brand":[18452],"product_cat":[297],"product_tag":[],"class_list":{"0":"post-1852788","1":"product","2":"type-product","3":"status-publish","4":"has-post-thumbnail","6":"product_brand-lanberg","7":"product_cat-urzadzenia-sieciowe","9":"first","10":"instock","11":"taxable","12":"shipping-taxable","13":"purchasable","14":"product-type-simple"},"_links":{"self":[{"href":"https:\/\/lemonti.pl\/en\/wp-json\/wp\/v2\/product\/1852788","targetHints":{"allow":["GET"]}}],"collection":[{"href":"https:\/\/lemonti.pl\/en\/wp-json\/wp\/v2\/product"}],"about":[{"href":"https:\/\/lemonti.pl\/en\/wp-json\/wp\/v2\/types\/product"}],"replies":[{"embeddable":true,"href":"https:\/\/lemonti.pl\/en\/wp-json\/wp\/v2\/comments?post=1852788"}],"version-history":[{"count":0,"href":"https:\/\/lemonti.pl\/en\/wp-json\/wp\/v2\/product\/1852788\/revisions"}],"wp:featuredmedia":[{"embeddable":true,"href":"https:\/\/lemonti.pl\/en\/wp-json\/wp\/v2\/media\/1852777"}],"wp:attachment":[{"href":"https:\/\/lemonti.pl\/en\/wp-json\/wp\/v2\/media?parent=1852788"}],"wp:term":[{"taxonomy":"product_brand","embeddable":true,"href":"https:\/\/lemonti.pl\/en\/wp-json\/wp\/v2\/product_brand?post=1852788"},{"taxonomy":"product_cat","embeddable":true,"href":"https:\/\/lemonti.pl\/en\/wp-json\/wp\/v2\/product_cat?post=1852788"},{"taxonomy":"product_tag","embeddable":true,"href":"https:\/\/lemonti.pl\/en\/wp-json\/wp\/v2\/product_tag?post=1852788"}],"curies":[{"name":"wp","href":"https:\/\/api.w.org\/{rel}","templated":true}]}}