{"id":1852747,"date":"2026-01-26T12:06:51","date_gmt":"2026-01-26T11:06:51","guid":{"rendered":"https:\/\/lemonti.pl\/sklep\/bez-kategorii\/gniazdo-natynkowe-lanberg-os5-0002-w-kat-5e-ekranowane-2x-rj45\/"},"modified":"2026-04-20T11:50:29","modified_gmt":"2026-04-20T09:50:29","slug":"gniazdo-natynkowe-lanberg-os5-0002-w-kat-5e-ekranowane-2x-rj45","status":"publish","type":"product","link":"https:\/\/lemonti.pl\/en\/sklep\/urzadzenia-sieciowe\/gniazdo-natynkowe-lanberg-os5-0002-w-kat-5e-ekranowane-2x-rj45\/","title":{"rendered":"Gniazdo natynkowe Lanberg OS5-0002-W kat.5E ekranowane 2X RJ45"},"content":{"rendered":"<div class=\"vgblk-rw-wrapper limit-wrapper\">\n<section class=\"section\">\n<div class=\"item item-12\">\n<section class=\"text-item\">\n<h1>Gniazdo natynkowe Lanberg OS5-0002-W kat.5E ekranowane 2X RJ45<\/h1>\n<\/section><\/div>\n<\/section>\n<section class=\"section\">\n<div class=\"item item-6\">\n<section class=\"text-item\">\n<ul>\n<li><b>Producent:<\/b> LANBERG<\/li>\n<li><b>Nazwa typu:<\/b> Sieci -elementy instalacji i okablowanie<\/li>\n<li><b>Opis og\u00f3lny:<\/b> Gniazdo natynkowe Lanberg OS5-0002-W kat.5E ekranowane 2X RJ45<\/li>\n<\/ul>\n<p>Informacje podstawowe<\/p>\n<ul>\n<li><b>Rodzaj produktu sieciowego:<\/b> Gniazdo \/ Modu\u0142<\/li>\n<\/ul>\n<p>Fizyczne<\/p>\n<ul>\n<li><b>Kolor:<\/b> Bia\u0142y<\/li>\n<\/ul>\n<p><b>Informacje dodatkowe:<\/b><\/p>\n<ul>\n<li>Uniwersalne z\u0142\u0105cza IDC\/LSA zgodne z T568A\/B<\/li>\n<li>Umo\u017cliwia przy\u0142\u0105czenie przewod\u00f3w 26-22 AWG<\/li>\n<li>Bardzo prosty i szybki monta\u017c<\/li>\n<\/ul>\n<\/section><\/div>\n<div class=\"item item-6\">\n<section class=\"image-item\"><img decoding=\"async\" src=\"https:\/\/upload.cdn.baselinker.com\/products\/6010088\/0abe99631aca523746fc5a251cc5c0e3.jpg\" \/><\/section>\n<\/p><\/div>\n<\/section>\n<section class=\"section\">\n<div class=\"item item-6\">\n<section class=\"image-item\"><img decoding=\"async\" src=\"https:\/\/upload.cdn.baselinker.com\/products\/6010088\/ead144d19a92908025ef38c8730f8074.jpg\" \/><\/section>\n<\/p><\/div>\n<div class=\"item item-6\">\n<section class=\"image-item\"><img decoding=\"async\" src=\"https:\/\/upload.cdn.baselinker.com\/products\/6010088\/6b007f0ebcf3c6b67839f57d692875ea.jpg\" \/><\/section>\n<\/p><\/div>\n<\/section>\n<\/div>\n<p><!-- .vgblk-rw-wrapper --><\/p>","protected":false},"excerpt":{"rendered":"<p>Gniazdo natynkowe Lanberg OS5-0002-W kat.5E ekranowane 2X RJ45 Producent: LANBERG Nazwa typu: Sieci -elementy instalacji i okablowanie Opis og\u00f3lny: Gniazdo natynkowe Lanberg OS5-0002-W kat.5E ekranowane 2X RJ45 Informacje podstawowe Rodzaj produktu sieciowego: Gniazdo \/ Modu\u0142 Fizyczne Kolor: Bia\u0142y Informacje dodatkowe: Uniwersalne z\u0142\u0105cza IDC\/LSA zgodne z T568A\/B Umo\u017cliwia przy\u0142\u0105czenie przewod\u00f3w 26-22 AWG Bardzo prosty i szybki&#8230;<\/p>","protected":false},"featured_media":1852725,"comment_status":"open","ping_status":"closed","template":"","meta":[],"product_brand":[18452],"product_cat":[297],"product_tag":[],"class_list":{"0":"post-1852747","1":"product","2":"type-product","3":"status-publish","4":"has-post-thumbnail","6":"product_brand-lanberg","7":"product_cat-urzadzenia-sieciowe","9":"first","10":"instock","11":"taxable","12":"shipping-taxable","13":"purchasable","14":"product-type-simple"},"_links":{"self":[{"href":"https:\/\/lemonti.pl\/en\/wp-json\/wp\/v2\/product\/1852747","targetHints":{"allow":["GET"]}}],"collection":[{"href":"https:\/\/lemonti.pl\/en\/wp-json\/wp\/v2\/product"}],"about":[{"href":"https:\/\/lemonti.pl\/en\/wp-json\/wp\/v2\/types\/product"}],"replies":[{"embeddable":true,"href":"https:\/\/lemonti.pl\/en\/wp-json\/wp\/v2\/comments?post=1852747"}],"version-history":[{"count":0,"href":"https:\/\/lemonti.pl\/en\/wp-json\/wp\/v2\/product\/1852747\/revisions"}],"wp:featuredmedia":[{"embeddable":true,"href":"https:\/\/lemonti.pl\/en\/wp-json\/wp\/v2\/media\/1852725"}],"wp:attachment":[{"href":"https:\/\/lemonti.pl\/en\/wp-json\/wp\/v2\/media?parent=1852747"}],"wp:term":[{"taxonomy":"product_brand","embeddable":true,"href":"https:\/\/lemonti.pl\/en\/wp-json\/wp\/v2\/product_brand?post=1852747"},{"taxonomy":"product_cat","embeddable":true,"href":"https:\/\/lemonti.pl\/en\/wp-json\/wp\/v2\/product_cat?post=1852747"},{"taxonomy":"product_tag","embeddable":true,"href":"https:\/\/lemonti.pl\/en\/wp-json\/wp\/v2\/product_tag?post=1852747"}],"curies":[{"name":"wp","href":"https:\/\/api.w.org\/{rel}","templated":true}]}}