{"id":1852718,"date":"2026-01-26T12:06:33","date_gmt":"2026-01-26T11:06:33","guid":{"rendered":"https:\/\/lemonti.pl\/sklep\/bez-kategorii\/gniazdo-natynkowe-lanberg-ou6-0002-w-kat-6-2x-rj45\/"},"modified":"2026-04-20T11:50:26","modified_gmt":"2026-04-20T09:50:26","slug":"gniazdo-natynkowe-lanberg-ou6-0002-w-kat-6-2x-rj45","status":"publish","type":"product","link":"https:\/\/lemonti.pl\/en\/sklep\/urzadzenia-sieciowe\/gniazdo-natynkowe-lanberg-ou6-0002-w-kat-6-2x-rj45\/","title":{"rendered":"Gniazdo natynkowe Lanberg OU6-0002-W kat.6 2X RJ45"},"content":{"rendered":"<div class=\"vgblk-rw-wrapper limit-wrapper\">\n<section class=\"section\">\n<div class=\"item item-12\">\n<section class=\"text-item\">\n<h1>Gniazdo natynkowe Lanberg OU6-0002-W kat.6 2X RJ45<\/h1>\n<\/section><\/div>\n<\/section>\n<section class=\"section\">\n<div class=\"item item-6\">\n<section class=\"text-item\">\n<ul>\n<li><b>Producent:<\/b> LANBERG<\/li>\n<li><b>Nazwa typu:<\/b> Sieci -elementy instalacji i okablowanie<\/li>\n<li><b>Opis og\u00f3lny:<\/b> Gniazdo natynkowe Lanberg OU6-0002-W kat.6 2X RJ45<\/li>\n<\/ul>\n<p>Informacje podstawowe<\/p>\n<ul>\n<li><b>Rodzaj produktu sieciowego:<\/b> Gniazdo \/ Modu\u0142<\/li>\n<\/ul>\n<p>Fizyczne<\/p>\n<ul>\n<li><b>Kolor:<\/b> Bia\u0142y<\/li>\n<\/ul>\n<p><b>Informacje dodatkowe:<\/b><\/p>\n<ul>\n<li>Uniwersalne z\u0142\u0105cza IDC\/LSA zgodne z T568A\/B<\/li>\n<li>Umo\u017cliwia przy\u0142\u0105czenie przewod\u00f3w 26-22 AWG<\/li>\n<li>Bardzo prosty i szybki monta\u017c<\/li>\n<\/ul>\n<\/section><\/div>\n<div class=\"item item-6\">\n<section class=\"image-item\"><img decoding=\"async\" src=\"https:\/\/upload.cdn.baselinker.com\/products\/6010088\/26b0cc169a7238d3bf55d8f2bd49f40f.jpg\" \/><\/section>\n<\/p><\/div>\n<\/section>\n<section class=\"section\">\n<div class=\"item item-6\">\n<section class=\"image-item\"><img decoding=\"async\" src=\"https:\/\/upload.cdn.baselinker.com\/products\/6010088\/ab02ecb50c01972eb6cbcf8c6bd36296.jpg\" \/><\/section>\n<\/p><\/div>\n<div class=\"item item-6\">\n<section class=\"image-item\"><img decoding=\"async\" src=\"https:\/\/upload.cdn.baselinker.com\/products\/6010088\/c4c15fa4c1b0a46220d68efe1322fecd.jpg\" \/><\/section>\n<\/p><\/div>\n<\/section>\n<section class=\"section\">\n<div class=\"item item-12\">\n<section class=\"image-item\"><img decoding=\"async\" src=\"https:\/\/upload.cdn.baselinker.com\/products\/6010088\/79b5659de602ccbba3d01467dd3ad64f.jpg\" \/><\/section>\n<\/p><\/div>\n<\/section>\n<\/div>\n<p><!-- .vgblk-rw-wrapper --><\/p>","protected":false},"excerpt":{"rendered":"<p>Gniazdo natynkowe Lanberg OU6-0002-W kat.6 2X RJ45 Producent: LANBERG Nazwa typu: Sieci -elementy instalacji i okablowanie Opis og\u00f3lny: Gniazdo natynkowe Lanberg OU6-0002-W kat.6 2X RJ45 Informacje podstawowe Rodzaj produktu sieciowego: Gniazdo \/ Modu\u0142 Fizyczne Kolor: Bia\u0142y Informacje dodatkowe: Uniwersalne z\u0142\u0105cza IDC\/LSA zgodne z T568A\/B Umo\u017cliwia przy\u0142\u0105czenie przewod\u00f3w 26-22 AWG Bardzo prosty i szybki monta\u017c<\/p>","protected":false},"featured_media":1852698,"comment_status":"open","ping_status":"closed","template":"","meta":[],"product_brand":[18452],"product_cat":[297],"product_tag":[],"class_list":{"0":"post-1852718","1":"product","2":"type-product","3":"status-publish","4":"has-post-thumbnail","6":"product_brand-lanberg","7":"product_cat-urzadzenia-sieciowe","9":"first","10":"instock","11":"taxable","12":"shipping-taxable","13":"purchasable","14":"product-type-simple"},"_links":{"self":[{"href":"https:\/\/lemonti.pl\/en\/wp-json\/wp\/v2\/product\/1852718","targetHints":{"allow":["GET"]}}],"collection":[{"href":"https:\/\/lemonti.pl\/en\/wp-json\/wp\/v2\/product"}],"about":[{"href":"https:\/\/lemonti.pl\/en\/wp-json\/wp\/v2\/types\/product"}],"replies":[{"embeddable":true,"href":"https:\/\/lemonti.pl\/en\/wp-json\/wp\/v2\/comments?post=1852718"}],"version-history":[{"count":0,"href":"https:\/\/lemonti.pl\/en\/wp-json\/wp\/v2\/product\/1852718\/revisions"}],"wp:featuredmedia":[{"embeddable":true,"href":"https:\/\/lemonti.pl\/en\/wp-json\/wp\/v2\/media\/1852698"}],"wp:attachment":[{"href":"https:\/\/lemonti.pl\/en\/wp-json\/wp\/v2\/media?parent=1852718"}],"wp:term":[{"taxonomy":"product_brand","embeddable":true,"href":"https:\/\/lemonti.pl\/en\/wp-json\/wp\/v2\/product_brand?post=1852718"},{"taxonomy":"product_cat","embeddable":true,"href":"https:\/\/lemonti.pl\/en\/wp-json\/wp\/v2\/product_cat?post=1852718"},{"taxonomy":"product_tag","embeddable":true,"href":"https:\/\/lemonti.pl\/en\/wp-json\/wp\/v2\/product_tag?post=1852718"}],"curies":[{"name":"wp","href":"https:\/\/api.w.org\/{rel}","templated":true}]}}