{"id":1852436,"date":"2026-01-26T12:03:45","date_gmt":"2026-01-26T11:03:45","guid":{"rendered":"https:\/\/lemonti.pl\/sklep\/bez-kategorii\/adapter-lanberg-zlaczka-sieciowa-rj-45-rj-45-kat-6-ekranowany-wodoodporny-ip67\/"},"modified":"2026-04-18T02:26:09","modified_gmt":"2026-04-18T00:26:09","slug":"adapter-lanberg-zlaczka-sieciowa-rj-45-rj-45-kat-6-ekranowany-wodoodporny-ip67","status":"publish","type":"product","link":"https:\/\/lemonti.pl\/en\/sklep\/urzadzenia-sieciowe\/adapter-lanberg-zlaczka-sieciowa-rj-45-rj-45-kat-6-ekranowany-wodoodporny-ip67\/","title":{"rendered":"Adapter Lanberg z\u0142\u0105czka sieciowa RJ-45 &#8211; RJ-45 kat.6 ekranowany wodoodporny IP67"},"content":{"rendered":"<div class=\"vgblk-rw-wrapper limit-wrapper\">\n<section class=\"section\">\n<div class=\"item item-12\">\n<section class=\"text-item\">\n<h1>Adapter z\u0142\u0105czka sieciowa Lanberg AD-RJ45-OS6-IP67 Kat.6 FTP IP67<\/h1>\n<\/section><\/div>\n<\/section>\n<section class=\"section\">\n<div class=\"item item-6\">\n<section class=\"image-item\"><img decoding=\"async\" src=\"https:\/\/upload.cdn.baselinker.com\/products\/6010088\/f6bf3ab969e000b57c6a0dde46d092a2.jpg\" \/><\/section>\n<\/p><\/div>\n<div class=\"item item-6\">\n<section class=\"text-item\">\n<p>Idealny do CCTV\/IPTV, POE, budynk\u00f3w biurowych i wszelkich instalacji zewn\u0119trznych.<\/p>\n<p>Ekranowana konstrukcja, dzi\u0119ki czemu idealnie nadaje si\u0119 do ekranowanych i nieekranowanych wtyczek.<\/p>\n<p>Dodatkowa przestrze\u0144 dla r\u00f3\u017cnych rozmiar\u00f3w wtyczek, dzi\u0119ki czemu pomie\u015bci wi\u0119kszo\u015b\u0107 rodzaj\u00f3w wtyczek.<\/p>\n<p>Z\u0142\u0105cza \u017ce\u0144skie RJ45.<\/p>\n<p>Zaprojektowany do u\u017cytku na zewn\u0105trz budynk\u00f3w i dom\u00f3w, w kt\u00f3rych mo\u017ce wyst\u0119powa\u0107 wnikanie wody. Umo\u017cliwienie po\u0142\u0105czenia dw\u00f3ch zako\u0144czonych RJ45 kabli zewn\u0119trznych okre\u015blonych jako CAT5E lub CAT6.<\/p>\n<\/section><\/div>\n<\/section>\n<section class=\"section\">\n<div class=\"item item-6\">\n<section class=\"image-item\"><img decoding=\"async\" src=\"https:\/\/upload.cdn.baselinker.com\/products\/6010088\/6d7166cfc6947dcc29ff9c3a8347033a.jpg\" \/><\/section>\n<\/p><\/div>\n<div class=\"item item-6\">\n<section class=\"text-item\">\n<p><b>Wodoodporna z\u0142\u0105czka do kabla CAT5E\/CAT6 &#8211; UTP\/FTP<\/b><\/p>\n<ul>\n<li><b>Z\u0142\u0105cza:<\/b> RJ-45<\/li>\n<li><b>Kategoria teleinformatyczna:<\/b> Kat. 5\/5e, Kat. 6<\/li>\n<li><b>Chipset:<\/b> Nie<\/li>\n<li><b>Materia\u0142:<\/b> ABS<\/li>\n<li><b>Kolor:<\/b> Czarny<\/li>\n<li><b>D\u0142ugo\u015b\u0107:<\/b> 104.3 mm<\/li>\n<li><b>Szeroko\u015b\u0107:<\/b> 26.4 mm<\/li>\n<li><b>Wysoko\u015b\u0107:<\/b> 26.4 mm<\/li>\n<\/ul>\n<\/section><\/div>\n<\/section>\n<\/div>\n<p><!-- .vgblk-rw-wrapper --><\/p>","protected":false},"excerpt":{"rendered":"<p>Adapter z\u0142\u0105czka sieciowa Lanberg AD-RJ45-OS6-IP67 Kat.6 FTP IP67 Idealny do CCTV\/IPTV, POE, budynk\u00f3w biurowych i wszelkich instalacji zewn\u0119trznych. Ekranowana konstrukcja, dzi\u0119ki czemu idealnie nadaje si\u0119 do ekranowanych i nieekranowanych wtyczek. Dodatkowa przestrze\u0144 dla r\u00f3\u017cnych rozmiar\u00f3w wtyczek, dzi\u0119ki czemu pomie\u015bci wi\u0119kszo\u015b\u0107 rodzaj\u00f3w wtyczek. Z\u0142\u0105cza \u017ce\u0144skie RJ45. Zaprojektowany do u\u017cytku na zewn\u0105trz budynk\u00f3w i dom\u00f3w, w kt\u00f3rych&#8230;<\/p>","protected":false},"featured_media":1852427,"comment_status":"open","ping_status":"closed","template":"","meta":[],"product_brand":[18452],"product_cat":[297],"product_tag":[],"class_list":{"0":"post-1852436","1":"product","2":"type-product","3":"status-publish","4":"has-post-thumbnail","6":"product_brand-lanberg","7":"product_cat-urzadzenia-sieciowe","9":"first","10":"instock","11":"taxable","12":"shipping-taxable","13":"purchasable","14":"product-type-simple"},"_links":{"self":[{"href":"https:\/\/lemonti.pl\/en\/wp-json\/wp\/v2\/product\/1852436","targetHints":{"allow":["GET"]}}],"collection":[{"href":"https:\/\/lemonti.pl\/en\/wp-json\/wp\/v2\/product"}],"about":[{"href":"https:\/\/lemonti.pl\/en\/wp-json\/wp\/v2\/types\/product"}],"replies":[{"embeddable":true,"href":"https:\/\/lemonti.pl\/en\/wp-json\/wp\/v2\/comments?post=1852436"}],"version-history":[{"count":0,"href":"https:\/\/lemonti.pl\/en\/wp-json\/wp\/v2\/product\/1852436\/revisions"}],"wp:featuredmedia":[{"embeddable":true,"href":"https:\/\/lemonti.pl\/en\/wp-json\/wp\/v2\/media\/1852427"}],"wp:attachment":[{"href":"https:\/\/lemonti.pl\/en\/wp-json\/wp\/v2\/media?parent=1852436"}],"wp:term":[{"taxonomy":"product_brand","embeddable":true,"href":"https:\/\/lemonti.pl\/en\/wp-json\/wp\/v2\/product_brand?post=1852436"},{"taxonomy":"product_cat","embeddable":true,"href":"https:\/\/lemonti.pl\/en\/wp-json\/wp\/v2\/product_cat?post=1852436"},{"taxonomy":"product_tag","embeddable":true,"href":"https:\/\/lemonti.pl\/en\/wp-json\/wp\/v2\/product_tag?post=1852436"}],"curies":[{"name":"wp","href":"https:\/\/api.w.org\/{rel}","templated":true}]}}