{"id":1852419,"date":"2026-01-26T12:03:35","date_gmt":"2026-01-26T11:03:35","guid":{"rendered":"https:\/\/lemonti.pl\/sklep\/bez-kategorii\/adapter-lanberg-zlaczka-sieciowa-przelotka-okienna-rj45-kat-5e-23cm\/"},"modified":"2026-04-18T02:21:12","modified_gmt":"2026-04-18T00:21:12","slug":"adapter-lanberg-zlaczka-sieciowa-przelotka-okienna-rj45-kat-5e-23cm","status":"publish","type":"product","link":"https:\/\/lemonti.pl\/en\/sklep\/urzadzenia-sieciowe\/adapter-lanberg-zlaczka-sieciowa-przelotka-okienna-rj45-kat-5e-23cm\/","title":{"rendered":"Adapter Lanberg z\u0142\u0105czka sieciowa przelotka okienna RJ45 kat.5E 23cm"},"content":{"rendered":"<div class=\"vgblk-rw-wrapper limit-wrapper\">\n<section class=\"section\">\n<div class=\"item item-12\">\n<section class=\"text-item\">\n<h2>Adapter Lanberg z\u0142\u0105czka sieciowa przelotka okienna RJ45 kat.5E 23cm<\/h2>\n<\/section><\/div>\n<\/section>\n<section class=\"section\">\n<div class=\"item item-6\">\n<section class=\"text-item\">\n<p><b>Wysokiej jako\u015bci adapter\/\u0142\u0105cznik podokienny<\/b>&nbsp;do zastosowania w miejscach bez mo\u017cliwo\u015bci wiercenia w \u015bcianie lub futryniej. Grubo\u015b\u0107 ta\u015bmy nieprzekraczaj\u0105ca 0.2mm nie przeszkadza podczas zamykania okna. U\u017cycie przej\u015bcia podokiennego nie powoduje wi\u0119kszych strat sygna\u0142u, zak\u0142\u00f3ce\u0144 czy szum\u00f3w. Zastosowanie najwy\u017cszej jako\u015bci materia\u0142\u00f3w wykonania gwarantuj\u0105 d\u0142ug\u0105, bezawaryjn\u0105 \u017cywotno\u015b\u0107 produktu. Do zastosowania tak\u017ce przy monitoringu i u\u017cyciu technologii POE.<\/p>\n<\/section><\/div>\n<div class=\"item item-6\">\n<section class=\"image-item\"><img decoding=\"async\" src=\"https:\/\/upload.cdn.baselinker.com\/products\/6010088\/98916933ab1654bd176b43f593e9b073.jpg\" \/><\/section>\n<\/p><\/div>\n<\/section>\n<section class=\"section\">\n<div class=\"item item-6\">\n<section class=\"image-item\"><img decoding=\"async\" src=\"https:\/\/upload.cdn.baselinker.com\/products\/6010088\/98916933ab1654bd176b43f593e9b073.jpg\" \/><\/section>\n<\/p><\/div>\n<div class=\"item item-6\">\n<section class=\"image-item\"><img decoding=\"async\" src=\"https:\/\/upload.cdn.baselinker.com\/products\/6010088\/5b89ea110d0c3d027f713ef425857e92.jpg\" \/><\/section>\n<\/p><\/div>\n<\/section>\n<section class=\"section\">\n<div class=\"item item-6\">\n<section class=\"image-item\"><img decoding=\"async\" src=\"https:\/\/upload.cdn.baselinker.com\/products\/6010088\/307a92337dcd23b920084817c80626a0.jpg\" \/><\/section>\n<\/p><\/div>\n<div class=\"item item-6\">\n<section class=\"image-item\"><img decoding=\"async\" src=\"https:\/\/upload.cdn.baselinker.com\/products\/6010088\/2a3964d037de83b3c640829f01725e65.jpg\" \/><\/section>\n<\/p><\/div>\n<\/section>\n<\/div>\n<p><!-- .vgblk-rw-wrapper --><\/p>","protected":false},"excerpt":{"rendered":"<p>Adapter Lanberg z\u0142\u0105czka sieciowa przelotka okienna RJ45 kat.5E 23cm Wysokiej jako\u015bci adapter\/\u0142\u0105cznik podokienny&nbsp;do zastosowania w miejscach bez mo\u017cliwo\u015bci wiercenia w \u015bcianie lub futryniej. Grubo\u015b\u0107 ta\u015bmy nieprzekraczaj\u0105ca 0.2mm nie przeszkadza podczas zamykania okna. U\u017cycie przej\u015bcia podokiennego nie powoduje wi\u0119kszych strat sygna\u0142u, zak\u0142\u00f3ce\u0144 czy szum\u00f3w. Zastosowanie najwy\u017cszej jako\u015bci materia\u0142\u00f3w wykonania gwarantuj\u0105 d\u0142ug\u0105, bezawaryjn\u0105 \u017cywotno\u015b\u0107 produktu. Do zastosowania&#8230;<\/p>","protected":false},"featured_media":1852394,"comment_status":"open","ping_status":"closed","template":"","meta":[],"product_brand":[18452],"product_cat":[297],"product_tag":[],"class_list":{"0":"post-1852419","1":"product","2":"type-product","3":"status-publish","4":"has-post-thumbnail","6":"product_brand-lanberg","7":"product_cat-urzadzenia-sieciowe","9":"first","10":"instock","11":"taxable","12":"shipping-taxable","13":"purchasable","14":"product-type-simple"},"_links":{"self":[{"href":"https:\/\/lemonti.pl\/en\/wp-json\/wp\/v2\/product\/1852419","targetHints":{"allow":["GET"]}}],"collection":[{"href":"https:\/\/lemonti.pl\/en\/wp-json\/wp\/v2\/product"}],"about":[{"href":"https:\/\/lemonti.pl\/en\/wp-json\/wp\/v2\/types\/product"}],"replies":[{"embeddable":true,"href":"https:\/\/lemonti.pl\/en\/wp-json\/wp\/v2\/comments?post=1852419"}],"version-history":[{"count":0,"href":"https:\/\/lemonti.pl\/en\/wp-json\/wp\/v2\/product\/1852419\/revisions"}],"wp:featuredmedia":[{"embeddable":true,"href":"https:\/\/lemonti.pl\/en\/wp-json\/wp\/v2\/media\/1852394"}],"wp:attachment":[{"href":"https:\/\/lemonti.pl\/en\/wp-json\/wp\/v2\/media?parent=1852419"}],"wp:term":[{"taxonomy":"product_brand","embeddable":true,"href":"https:\/\/lemonti.pl\/en\/wp-json\/wp\/v2\/product_brand?post=1852419"},{"taxonomy":"product_cat","embeddable":true,"href":"https:\/\/lemonti.pl\/en\/wp-json\/wp\/v2\/product_cat?post=1852419"},{"taxonomy":"product_tag","embeddable":true,"href":"https:\/\/lemonti.pl\/en\/wp-json\/wp\/v2\/product_tag?post=1852419"}],"curies":[{"name":"wp","href":"https:\/\/api.w.org\/{rel}","templated":true}]}}