{"id":1852146,"date":"2026-01-26T12:00:50","date_gmt":"2026-01-26T11:00:50","guid":{"rendered":"https:\/\/lemonti.pl\/sklep\/bez-kategorii\/modul-keystone-lanberg-gniazdo-rj45-lsa-beznarzedziowy-ftp-kat-5e\/"},"modified":"2026-04-14T19:54:25","modified_gmt":"2026-04-14T17:54:25","slug":"modul-keystone-lanberg-gniazdo-rj45-lsa-beznarzedziowy-ftp-kat-5e","status":"publish","type":"product","link":"https:\/\/lemonti.pl\/en\/sklep\/urzadzenia-sieciowe\/modul-keystone-lanberg-gniazdo-rj45-lsa-beznarzedziowy-ftp-kat-5e\/","title":{"rendered":"Modu\u0142 Keystone Lanberg gniazdo RJ45 -&gt; LSA beznarz\u0119dziowy FTP kat.5e"},"content":{"rendered":"<div class=\"vgblk-rw-wrapper limit-wrapper\">\n<section class=\"section\">\n<div class=\"item item-6\">\n<section class=\"text-item\">\n<p><b>LANBERG Modu\u0142 Keystone Gniazdo Beznarz\u0119dziowy RJ45 Kat 5E FTP<\/b><\/p>\n<p><b>Modu\u0142 keystone gniazdo beznarz\u0119dziowy rj45 kat.5e ftp<\/b><\/p>\n<p>Gniazdo Keystone RJ45 KAT.6 FTP to wyj\u0105tkowe rozwi\u0105zanie, kt\u00f3re mo\u017cna swobodnie montowa\u0107 w r\u00f3\u017cnych adapterach typu keystone o standardowych wymiarach (wysoko\u015b\u0107 x szeroko\u015b\u0107) 16,1 x 14,5 mm. Oznacza to, \u017ce jest kompatybilne z adapterami do gniazd 45&#215;45, ramkami osprz\u0119tu elektrycznego, panelami modularnymi i wieloma innymi rodzajami adapter\u00f3w, co czyni je wyj\u0105tkowo wszechstronnym. Gniazdo LAN posiada przykrywk\u0119 z\u0142\u0105cza IDC oraz kolorowe oznaczenie sekwencji po\u0142\u0105cze\u0144 typu568A\/B. Uniwersalne z\u0142\u0105cza szczelinowe kompatybilne z narz\u0119dziem LSA.<\/p>\n<ul>\n<li>Z\u0142\u0105cze zewn\u0119trzne: gniazdo \u017ce\u0144skie RJ45 (8P\/8C)<\/li>\n<li>Z\u0142\u0105cze wewn\u0119trzne: LSA (beznarz\u0119dziowe)<\/li>\n<li>Specyfikacja CAT.5E<\/li>\n<li>Ekranowany (FTP)<\/li>\n<li>Zgodny z wymogami CAT.5E EN 50173-1:2011 i EN 60603-7-4 oraz ANSI\/TIA 568-C.2<\/li>\n<li>Dla przewod\u00f3w drutowych lub linkowych maks. do 0,644 mm (22 &#8211; 26 AWG)<\/li>\n<li>Obs\u0142uga PoE w keystone: do 57V<\/li>\n<\/ul>\n<\/section><\/div>\n<div class=\"item item-6\">\n<section class=\"image-item\"><img decoding=\"async\" src=\"https:\/\/upload.cdn.baselinker.com\/products\/6010088\/781cfc4b6b2f3ea102d018f3f22afa87.jpg\" \/><\/section>\n<\/p><\/div>\n<\/section>\n<section class=\"section\">\n<div class=\"item item-6\">\n<section class=\"image-item\"><img decoding=\"async\" src=\"https:\/\/upload.cdn.baselinker.com\/products\/6010088\/c75a62d7d9e338de0f43f4604ad8d771.jpg\" \/><\/section>\n<\/p><\/div>\n<div class=\"item item-6\">\n<section class=\"text-item\">\n<p><b>Cechy produktu:<\/b><\/p>\n<ul>\n<li><b>Z\u0142\u0105cze<\/b>: RJ-45<\/li>\n<li><b>Liczba w opakowaniu jednostkowym<\/b>: 1<\/li>\n<li><b>Wymiary<\/b>: 19,6 x 14,5 x 34 mm<\/li>\n<\/ul>\n<\/section><\/div>\n<\/section>\n<\/div>\n<p><!-- .vgblk-rw-wrapper --><\/p>","protected":false},"excerpt":{"rendered":"<p>LANBERG Modu\u0142 Keystone Gniazdo Beznarz\u0119dziowy RJ45 Kat 5E FTP Modu\u0142 keystone gniazdo beznarz\u0119dziowy rj45 kat.5e ftp Gniazdo Keystone RJ45 KAT.6 FTP to wyj\u0105tkowe rozwi\u0105zanie, kt\u00f3re mo\u017cna swobodnie montowa\u0107 w r\u00f3\u017cnych adapterach typu keystone o standardowych wymiarach (wysoko\u015b\u0107 x szeroko\u015b\u0107) 16,1 x 14,5 mm. Oznacza to, \u017ce jest kompatybilne z adapterami do gniazd 45&#215;45, ramkami osprz\u0119tu&#8230;<\/p>","protected":false},"featured_media":1852135,"comment_status":"open","ping_status":"closed","template":"","meta":[],"product_brand":[18452],"product_cat":[297],"product_tag":[],"class_list":{"0":"post-1852146","1":"product","2":"type-product","3":"status-publish","4":"has-post-thumbnail","6":"product_brand-lanberg","7":"product_cat-urzadzenia-sieciowe","9":"first","10":"instock","11":"taxable","12":"shipping-taxable","13":"purchasable","14":"product-type-simple"},"_links":{"self":[{"href":"https:\/\/lemonti.pl\/en\/wp-json\/wp\/v2\/product\/1852146","targetHints":{"allow":["GET"]}}],"collection":[{"href":"https:\/\/lemonti.pl\/en\/wp-json\/wp\/v2\/product"}],"about":[{"href":"https:\/\/lemonti.pl\/en\/wp-json\/wp\/v2\/types\/product"}],"replies":[{"embeddable":true,"href":"https:\/\/lemonti.pl\/en\/wp-json\/wp\/v2\/comments?post=1852146"}],"version-history":[{"count":0,"href":"https:\/\/lemonti.pl\/en\/wp-json\/wp\/v2\/product\/1852146\/revisions"}],"wp:featuredmedia":[{"embeddable":true,"href":"https:\/\/lemonti.pl\/en\/wp-json\/wp\/v2\/media\/1852135"}],"wp:attachment":[{"href":"https:\/\/lemonti.pl\/en\/wp-json\/wp\/v2\/media?parent=1852146"}],"wp:term":[{"taxonomy":"product_brand","embeddable":true,"href":"https:\/\/lemonti.pl\/en\/wp-json\/wp\/v2\/product_brand?post=1852146"},{"taxonomy":"product_cat","embeddable":true,"href":"https:\/\/lemonti.pl\/en\/wp-json\/wp\/v2\/product_cat?post=1852146"},{"taxonomy":"product_tag","embeddable":true,"href":"https:\/\/lemonti.pl\/en\/wp-json\/wp\/v2\/product_tag?post=1852146"}],"curies":[{"name":"wp","href":"https:\/\/api.w.org\/{rel}","templated":true}]}}