{"id":1851818,"date":"2026-01-26T11:55:56","date_gmt":"2026-01-26T10:55:56","guid":{"rendered":"https:\/\/lemonti.pl\/sklep\/bez-kategorii\/adapter-lanberg-zlaczka-sieciowa-rj-45-x2-kat-5e-ekranowany\/"},"modified":"2026-04-15T04:22:38","modified_gmt":"2026-04-15T02:22:38","slug":"adapter-lanberg-zlaczka-sieciowa-rj-45-x2-kat-5e-ekranowany","status":"publish","type":"product","link":"https:\/\/lemonti.pl\/en\/sklep\/urzadzenia-sieciowe\/adapter-lanberg-zlaczka-sieciowa-rj-45-x2-kat-5e-ekranowany\/","title":{"rendered":"Adapter Lanberg z\u0142\u0105czka sieciowa RJ-45 X2 kat.5e ekranowany"},"content":{"rendered":"<div class=\"vgblk-rw-wrapper limit-wrapper\">\n<section class=\"section\">\n<div class=\"item item-6\">\n<section class=\"text-item\">\n<h2>Lanberg Adapter z\u0142\u0105czka sieciowa RJ45 x2 kat.5e ekranowany<\/h2>\n<ul>\n<li><b>Producent<\/b> LANBERG<\/li>\n<li><b>Opis og\u00f3lny<\/b> Adapter Lanberg z\u0142\u0105czka sieciowa RJ-45 X2 kat.5e ekranowany<\/li>\n<li><b>Rodzaj produktu sieciowego<\/b> Okablowanie<\/li>\n<li><b>Kategoria kabla<\/b> 5e<\/li>\n<li><b>Kolor<\/b> Bia\u0142y<\/li>\n<li><b>Informacje dodatkowe<\/b> Z\u0142\u0105czka Sieciowa Kategorii 5e ekranowana.<\/li>\n<li><b>Informacje dodatkowe<\/b> Piny: 1:1 (RJ45);<\/li>\n<li><b>Informacje dodatkowe<\/b> 2x RJ45;<\/li>\n<\/ul>\n<\/section><\/div>\n<div class=\"item item-6\">\n<section class=\"image-item\"><img decoding=\"async\" src=\"https:\/\/upload.cdn.baselinker.com\/products\/6010088\/dc9acfdce66e3701f65fd914a8fda8f9.jpg\" \/><\/section>\n<\/p><\/div>\n<\/section>\n<\/div>\n<p><!-- .vgblk-rw-wrapper --><\/p>","protected":false},"excerpt":{"rendered":"<p>Lanberg Adapter z\u0142\u0105czka sieciowa RJ45 x2 kat.5e ekranowany Producent LANBERG Opis og\u00f3lny Adapter Lanberg z\u0142\u0105czka sieciowa RJ-45 X2 kat.5e ekranowany Rodzaj produktu sieciowego Okablowanie Kategoria kabla 5e Kolor Bia\u0142y Informacje dodatkowe Z\u0142\u0105czka Sieciowa Kategorii 5e ekranowana. Informacje dodatkowe Piny: 1:1 (RJ45); Informacje dodatkowe 2x RJ45;<\/p>","protected":false},"featured_media":1851814,"comment_status":"open","ping_status":"closed","template":"","meta":[],"product_brand":[18452],"product_cat":[297],"product_tag":[],"class_list":{"0":"post-1851818","1":"product","2":"type-product","3":"status-publish","4":"has-post-thumbnail","6":"product_brand-lanberg","7":"product_cat-urzadzenia-sieciowe","9":"first","10":"instock","11":"taxable","12":"shipping-taxable","13":"purchasable","14":"product-type-simple"},"_links":{"self":[{"href":"https:\/\/lemonti.pl\/en\/wp-json\/wp\/v2\/product\/1851818","targetHints":{"allow":["GET"]}}],"collection":[{"href":"https:\/\/lemonti.pl\/en\/wp-json\/wp\/v2\/product"}],"about":[{"href":"https:\/\/lemonti.pl\/en\/wp-json\/wp\/v2\/types\/product"}],"replies":[{"embeddable":true,"href":"https:\/\/lemonti.pl\/en\/wp-json\/wp\/v2\/comments?post=1851818"}],"version-history":[{"count":0,"href":"https:\/\/lemonti.pl\/en\/wp-json\/wp\/v2\/product\/1851818\/revisions"}],"wp:featuredmedia":[{"embeddable":true,"href":"https:\/\/lemonti.pl\/en\/wp-json\/wp\/v2\/media\/1851814"}],"wp:attachment":[{"href":"https:\/\/lemonti.pl\/en\/wp-json\/wp\/v2\/media?parent=1851818"}],"wp:term":[{"taxonomy":"product_brand","embeddable":true,"href":"https:\/\/lemonti.pl\/en\/wp-json\/wp\/v2\/product_brand?post=1851818"},{"taxonomy":"product_cat","embeddable":true,"href":"https:\/\/lemonti.pl\/en\/wp-json\/wp\/v2\/product_cat?post=1851818"},{"taxonomy":"product_tag","embeddable":true,"href":"https:\/\/lemonti.pl\/en\/wp-json\/wp\/v2\/product_tag?post=1851818"}],"curies":[{"name":"wp","href":"https:\/\/api.w.org\/{rel}","templated":true}]}}