{"id":1851789,"date":"2026-01-26T11:55:22","date_gmt":"2026-01-26T10:55:22","guid":{"rendered":"https:\/\/lemonti.pl\/sklep\/bez-kategorii\/lacznik-keystone-lanberg-gniazdo-rj45-rj45-ftp-kat-5e-do-puszki-montazowej-zlaczka-sieciowa\/"},"modified":"2026-04-20T00:13:05","modified_gmt":"2026-04-19T22:13:05","slug":"lacznik-keystone-lanberg-gniazdo-rj45-rj45-ftp-kat-5e-do-puszki-montazowej-zlaczka-sieciowa","status":"publish","type":"product","link":"https:\/\/lemonti.pl\/en\/sklep\/urzadzenia-sieciowe\/lacznik-keystone-lanberg-gniazdo-rj45-rj45-ftp-kat-5e-do-puszki-montazowej-zlaczka-sieciowa\/","title":{"rendered":"\u0141\u0105cznik Keystone Lanberg gniazdo RJ45 -&gt; RJ45 FTP kat.5e do puszki monta\u017cowej z\u0142\u0105czka sieciowa"},"content":{"rendered":"<div class=\"vgblk-rw-wrapper limit-wrapper\">\n<section class=\"section\">\n<div class=\"item item-6\">\n<section class=\"text-item\">\n<h2>\u0141\u0105cznik keystone gniazdo RJ45 Lanberg KSF5-3000<\/h2>\n<h1>\u0141\u0105cznik modularny keystone RJ45 &#8211; RJ45, kat. 5e, ekranowany Lanberg KSF5-3000<\/h1>\n<\/section><\/div>\n<div class=\"item item-6\">\n<section class=\"image-item\"><img decoding=\"async\" src=\"https:\/\/upload.cdn.baselinker.com\/products\/6010088\/173ba71179010d295649618cf1a2499e.jpg\" \/><\/section>\n<\/p><\/div>\n<\/section>\n<section class=\"section\">\n<div class=\"item item-6\">\n<section class=\"text-item\">\n<p><b>Opis techniczny<\/b><\/p>\n<p>\u0141\u0105cznik modularny s\u0142u\u017cy do po\u0142\u0105czenia dw\u00f3ch przewod\u00f3w typu skr\u0119tka komputerowa zako\u0144czonych z\u0142\u0105czem RJ45. Modu\u0142 przeznaczony jest do \u0142\u0105czenia 4-parowych przewod\u00f3w ekranowanych (FTP) kategorii 5e. Po\u0142\u0105czenia dokonuje si\u0119 g\u0142\u00f3wnie patchcordami RJ45-RJ45.<\/p>\n<\/section><\/div>\n<div class=\"item item-6\">\n<section class=\"image-item\"><img decoding=\"async\" src=\"https:\/\/upload.cdn.baselinker.com\/products\/6010088\/173ba71179010d295649618cf1a2499e.jpg\" \/><\/section>\n<\/p><\/div>\n<\/section>\n<section class=\"section\">\n<div class=\"item item-12\">\n<section class=\"text-item\">\n<p><b>Najwa\u017cniejsze cechy<\/b><\/p>\n<p>&#8211; \u0142\u0105cznik przewod\u00f3w zako\u0144czonych RJ45-R45<\/p>\n<p>&#8211; adapter umo\u017cliwiaj\u0105cy monta\u017c z\u0142\u0105cza w modu\u0142ach Keystone<\/p>\n<p>&#8211; mocowanie: mechanizm zatrzaskowy<\/p>\n<p>&#8211; pasuje do wi\u0119kszo\u015bci ramek z gniazdami Keystone<\/p>\n<p>&#8211; wysoka jako\u015b\u0107 materia\u0142u<\/p>\n<\/section><\/div>\n<\/section>\n<section class=\"section\">\n<div class=\"item item-12\">\n<section class=\"text-item\">\n<p><b>Parametry techniczne<\/b><\/p>\n<p>Rodzaj z\u0142\u0105cza: <b>RJ45 (pojedyncze) \u2013 RJ45 (pojedyncze)<\/b><\/p>\n<p>Rodzaj przewodu: <b>FTP, kat. 5e<\/b><\/p>\n<p>Deklaracje: <b>CE<\/b><\/p>\n<\/section><\/div>\n<\/section>\n<section class=\"section\">\n<div class=\"item item-12\">\n<section class=\"text-item\">\n<p><b>Zastosowanie<\/b><\/p>\n<p><b><\/b> Mechanizm zatrzaskowy adaptera upraszcza i skraca czas monta\u017cu skrzynki multimedialnej zgodnej z rozporz\u0105dzeniem MTBiGM.<\/p>\n<p>R\u00f3wnie cz\u0119sto stosowane s\u0105 w ramkach, krosownicach, patch panelach z gniazdami zgodnymi ze standardem Keystone. <b><\/b><\/p>\n<\/section><\/div>\n<\/section>\n<section class=\"section\">\n<div class=\"item item-12\">\n<section class=\"image-item\"><img decoding=\"async\" src=\"https:\/\/upload.cdn.baselinker.com\/products\/6010088\/173ba71179010d295649618cf1a2499e.jpg\" \/><\/section>\n<\/p><\/div>\n<\/section>\n<section class=\"section\">\n<div class=\"item item-12\">\n<section class=\"image-item\"><img decoding=\"async\" src=\"https:\/\/upload.cdn.baselinker.com\/products\/6010088\/67d9664ffed6ce6625d4d687dd46d324.jpg\" \/><\/section>\n<\/p><\/div>\n<\/section>\n<\/div>\n<p><!-- .vgblk-rw-wrapper --><\/p>","protected":false},"excerpt":{"rendered":"<p>\u0141\u0105cznik keystone gniazdo RJ45 Lanberg KSF5-3000 \u0141\u0105cznik modularny keystone RJ45 &#8211; RJ45, kat. 5e, ekranowany Lanberg KSF5-3000 Opis techniczny \u0141\u0105cznik modularny s\u0142u\u017cy do po\u0142\u0105czenia dw\u00f3ch przewod\u00f3w typu skr\u0119tka komputerowa zako\u0144czonych z\u0142\u0105czem RJ45. Modu\u0142 przeznaczony jest do \u0142\u0105czenia 4-parowych przewod\u00f3w ekranowanych (FTP) kategorii 5e. Po\u0142\u0105czenia dokonuje si\u0119 g\u0142\u00f3wnie patchcordami RJ45-RJ45. Najwa\u017cniejsze cechy &#8211; \u0142\u0105cznik przewod\u00f3w zako\u0144czonych&#8230;<\/p>","protected":false},"featured_media":1851783,"comment_status":"open","ping_status":"closed","template":"","meta":[],"product_brand":[18452],"product_cat":[297],"product_tag":[],"class_list":{"0":"post-1851789","1":"product","2":"type-product","3":"status-publish","4":"has-post-thumbnail","6":"product_brand-lanberg","7":"product_cat-urzadzenia-sieciowe","9":"first","10":"instock","11":"taxable","12":"shipping-taxable","13":"purchasable","14":"product-type-simple"},"_links":{"self":[{"href":"https:\/\/lemonti.pl\/en\/wp-json\/wp\/v2\/product\/1851789","targetHints":{"allow":["GET"]}}],"collection":[{"href":"https:\/\/lemonti.pl\/en\/wp-json\/wp\/v2\/product"}],"about":[{"href":"https:\/\/lemonti.pl\/en\/wp-json\/wp\/v2\/types\/product"}],"replies":[{"embeddable":true,"href":"https:\/\/lemonti.pl\/en\/wp-json\/wp\/v2\/comments?post=1851789"}],"version-history":[{"count":0,"href":"https:\/\/lemonti.pl\/en\/wp-json\/wp\/v2\/product\/1851789\/revisions"}],"wp:featuredmedia":[{"embeddable":true,"href":"https:\/\/lemonti.pl\/en\/wp-json\/wp\/v2\/media\/1851783"}],"wp:attachment":[{"href":"https:\/\/lemonti.pl\/en\/wp-json\/wp\/v2\/media?parent=1851789"}],"wp:term":[{"taxonomy":"product_brand","embeddable":true,"href":"https:\/\/lemonti.pl\/en\/wp-json\/wp\/v2\/product_brand?post=1851789"},{"taxonomy":"product_cat","embeddable":true,"href":"https:\/\/lemonti.pl\/en\/wp-json\/wp\/v2\/product_cat?post=1851789"},{"taxonomy":"product_tag","embeddable":true,"href":"https:\/\/lemonti.pl\/en\/wp-json\/wp\/v2\/product_tag?post=1851789"}],"curies":[{"name":"wp","href":"https:\/\/api.w.org\/{rel}","templated":true}]}}