{"id":1851742,"date":"2026-01-26T11:54:32","date_gmt":"2026-01-26T10:54:32","guid":{"rendered":"https:\/\/lemonti.pl\/sklep\/bez-kategorii\/modul-keystone-lanberg-gniazdo-rj45-lsa-beznarzedziowy-utp-kat-6a-180-do-puszki-montazowej\/"},"modified":"2026-04-17T16:16:42","modified_gmt":"2026-04-17T14:16:42","slug":"modul-keystone-lanberg-gniazdo-rj45-lsa-beznarzedziowy-utp-kat-6a-180-do-puszki-montazowej","status":"publish","type":"product","link":"https:\/\/lemonti.pl\/en\/sklep\/urzadzenia-sieciowe\/modul-keystone-lanberg-gniazdo-rj45-lsa-beznarzedziowy-utp-kat-6a-180-do-puszki-montazowej\/","title":{"rendered":"Modu\u0142 Keystone Lanberg gniazdo RJ45 -&gt; LSA beznarz\u0119dziowy UTP kat.6a 180\u00b0 do puszki monta\u017cowej"},"content":{"rendered":"<div class=\"vgblk-rw-wrapper limit-wrapper\">\n<section class=\"section\">\n<div class=\"item item-12\">\n<section class=\"text-item\">\n<p>Gniazdo beznarz\u0119dziowe UTP RJ45 kat.6a keystone mo\u017cna instalowa\u0107 w ka\u017cdym adapterze do z\u0142\u0105cz typu keystone o wymiarach (wys x szer) 16,10&#215;14,50mm np. w adapterach do gniazd 45&#215;45, ramkach osprz\u0119tu elektrycznego, panelach modularnych, dzi\u0119ki czemu bardzo szeroka jest lista zastosowa\u0144 tego modu\u0142u. Gniazdo LAN posiada przykrywk\u0119 z\u0142\u0105cza IDC oraz kolorowe oznaczenie sekwencji po\u0142\u0105cze\u0144 typu 568A\/B. Mo\u017cliwo\u015b\u0107 przy\u0142\u0105czenia kabli w sekwencjach 568B oraz 568A. Uniwersalne z\u0142\u0105cza szczelinowe kompatybilne z narz\u0119dziem LSA. Wykonane w oparciu o p\u0142ytk\u0119 drukowan\u0105 PCBA. EAN: 5901969415: 24 miesi\u0105ce Kod : KSUA-2000 Z\u0142\u0105cze: RJ-45 Liczba w opakowaniu jednostkowym: 1 Pozosta\u0142e parametry: Cat.6a Nieekranowany (UTP) Zgodny z wymogami Cat.6a EN 50173-1:2011 i EN 60603-7-4 oraz ANSI\/TIA 568-C.2 Dla przewod\u00f3w drutowych lub linkowych maks. do 0,644 mm (22 &#8211; 26 AWG)<\/p>\n<\/section><\/div>\n<\/section>\n<section class=\"section\">\n<div class=\"item item-12\">\n<section class=\"image-item\"><img decoding=\"async\" src=\"https:\/\/upload.cdn.baselinker.com\/products\/6010088\/a3801be808a673eea1e0d1a32daebc5f.jpg\" \/><\/section>\n<\/p><\/div>\n<\/section>\n<\/div>\n<p><!-- .vgblk-rw-wrapper --><\/p>","protected":false},"excerpt":{"rendered":"<p>Gniazdo beznarz\u0119dziowe UTP RJ45 kat.6a keystone mo\u017cna instalowa\u0107 w ka\u017cdym adapterze do z\u0142\u0105cz typu keystone o wymiarach (wys x szer) 16,10&#215;14,50mm np. w adapterach do gniazd 45&#215;45, ramkach osprz\u0119tu elektrycznego, panelach modularnych, dzi\u0119ki czemu bardzo szeroka jest lista zastosowa\u0144 tego modu\u0142u. Gniazdo LAN posiada przykrywk\u0119 z\u0142\u0105cza IDC oraz kolorowe oznaczenie sekwencji po\u0142\u0105cze\u0144 typu 568A\/B. Mo\u017cliwo\u015b\u0107&#8230;<\/p>","protected":false},"featured_media":1851725,"comment_status":"open","ping_status":"closed","template":"","meta":[],"product_brand":[18452],"product_cat":[297],"product_tag":[],"class_list":{"0":"post-1851742","1":"product","2":"type-product","3":"status-publish","4":"has-post-thumbnail","6":"product_brand-lanberg","7":"product_cat-urzadzenia-sieciowe","9":"first","10":"instock","11":"taxable","12":"shipping-taxable","13":"purchasable","14":"product-type-simple"},"_links":{"self":[{"href":"https:\/\/lemonti.pl\/en\/wp-json\/wp\/v2\/product\/1851742","targetHints":{"allow":["GET"]}}],"collection":[{"href":"https:\/\/lemonti.pl\/en\/wp-json\/wp\/v2\/product"}],"about":[{"href":"https:\/\/lemonti.pl\/en\/wp-json\/wp\/v2\/types\/product"}],"replies":[{"embeddable":true,"href":"https:\/\/lemonti.pl\/en\/wp-json\/wp\/v2\/comments?post=1851742"}],"version-history":[{"count":0,"href":"https:\/\/lemonti.pl\/en\/wp-json\/wp\/v2\/product\/1851742\/revisions"}],"wp:featuredmedia":[{"embeddable":true,"href":"https:\/\/lemonti.pl\/en\/wp-json\/wp\/v2\/media\/1851725"}],"wp:attachment":[{"href":"https:\/\/lemonti.pl\/en\/wp-json\/wp\/v2\/media?parent=1851742"}],"wp:term":[{"taxonomy":"product_brand","embeddable":true,"href":"https:\/\/lemonti.pl\/en\/wp-json\/wp\/v2\/product_brand?post=1851742"},{"taxonomy":"product_cat","embeddable":true,"href":"https:\/\/lemonti.pl\/en\/wp-json\/wp\/v2\/product_cat?post=1851742"},{"taxonomy":"product_tag","embeddable":true,"href":"https:\/\/lemonti.pl\/en\/wp-json\/wp\/v2\/product_tag?post=1851742"}],"curies":[{"name":"wp","href":"https:\/\/api.w.org\/{rel}","templated":true}]}}