{"id":1851720,"date":"2026-01-26T11:54:18","date_gmt":"2026-01-26T10:54:18","guid":{"rendered":"https:\/\/lemonti.pl\/sklep\/bez-kategorii\/modul-keystone-lanberg-gniazdo-beznarzedziowe-rj45-lsa-ftp-kat-6a\/"},"modified":"2026-04-13T14:11:35","modified_gmt":"2026-04-13T12:11:35","slug":"modul-keystone-lanberg-gniazdo-beznarzedziowe-rj45-lsa-ftp-kat-6a","status":"publish","type":"product","link":"https:\/\/lemonti.pl\/en\/sklep\/urzadzenia-sieciowe\/modul-keystone-lanberg-gniazdo-beznarzedziowe-rj45-lsa-ftp-kat-6a\/","title":{"rendered":"Modu\u0142 Keystone Lanberg gniazdo beznarz\u0119dziowe RJ45 -&gt; LSA FTP kat.6A"},"content":{"rendered":"<div class=\"vgblk-rw-wrapper limit-wrapper\">\n<section class=\"section\">\n<div class=\"item item-12\">\n<section class=\"text-item\">\n<p>Gniazdo beznarz\u0119dziowe FTP RJ45 kat.6a keystone mo\u017cna instalowa\u0107 w ka\u017cdym adapterze do z\u0142\u0105cz typu keystone o wymiarach (wys x szer) <b>16,10 x 14,50mm<\/b>, np. w adapterach do gniazd 45&#215;45, ramkach osprz\u0119tu elektrycznego, panelach modularnych, dzi\u0119ki czemu lista zastosowa\u0144 tego modu\u0142u jest bardzo szeroka.<\/p>\n<p>Gniazdo LAN posiada przykrywk\u0119 z\u0142\u0105cza IDC oraz kolorowe oznaczenie sekwencji po\u0142\u0105cze\u0144 typu 568A\/B.<\/p>\n<\/section><\/div>\n<\/section>\n<section class=\"section\">\n<div class=\"item item-12\">\n<section class=\"text-item\">\n<p><b>Specyfikacja:<\/b><\/p>\n<ul>\n<li>Mo\u017cliwo\u015b\u0107 przy\u0142\u0105czenia kabli w sekwencjach 568B oraz 568A<\/li>\n<li>Uniwersalne z\u0142\u0105cza szczelinowe kompatybilne z narz\u0119dziem LSA<\/li>\n<li>Wykonane w oparciu o p\u0142ytk\u0119 drukowan\u0105 PCBA<\/li>\n<li>Z\u0142\u0105cze: zewn\u0119trzne: 1 x gniazdo \u017ce\u0144skie RJ45 (8P\/8C); wewn\u0119trzne: LSA<\/li>\n<li>Specyfikacja: Cat.6A<\/li>\n<li>Ekranowany (FTP)<\/li>\n<li>Zgodny z wymogami Cat.6 EIA\/TIA 568, EN 50173, ISO\/IEC 11801<\/li>\n<li>Dla przewod\u00f3w drutowych lub linkowych maks. do 0,644 mm (22 &#8211; 26 AWG)<\/li>\n<li>Obsluga PoE w keystone: do 36V<\/li>\n<\/ul>\n<\/section><\/div>\n<\/section>\n<section class=\"section\">\n<div class=\"item item-12\">\n<section class=\"image-item\"><img decoding=\"async\" src=\"https:\/\/upload.cdn.baselinker.com\/products\/6010088\/e9caece4db47b0028980f06219fa7c43.jpg\" \/><\/section>\n<\/p><\/div>\n<\/section>\n<\/div>\n<p><!-- .vgblk-rw-wrapper --><\/p>","protected":false},"excerpt":{"rendered":"<p>Gniazdo beznarz\u0119dziowe FTP RJ45 kat.6a keystone mo\u017cna instalowa\u0107 w ka\u017cdym adapterze do z\u0142\u0105cz typu keystone o wymiarach (wys x szer) 16,10 x 14,50mm, np. w adapterach do gniazd 45&#215;45, ramkach osprz\u0119tu elektrycznego, panelach modularnych, dzi\u0119ki czemu lista zastosowa\u0144 tego modu\u0142u jest bardzo szeroka. Gniazdo LAN posiada przykrywk\u0119 z\u0142\u0105cza IDC oraz kolorowe oznaczenie sekwencji po\u0142\u0105cze\u0144 typu&#8230;<\/p>","protected":false},"featured_media":1851713,"comment_status":"open","ping_status":"closed","template":"","meta":[],"product_brand":[18452],"product_cat":[297],"product_tag":[],"class_list":{"0":"post-1851720","1":"product","2":"type-product","3":"status-publish","4":"has-post-thumbnail","6":"product_brand-lanberg","7":"product_cat-urzadzenia-sieciowe","9":"first","10":"instock","11":"taxable","12":"shipping-taxable","13":"purchasable","14":"product-type-simple"},"_links":{"self":[{"href":"https:\/\/lemonti.pl\/en\/wp-json\/wp\/v2\/product\/1851720","targetHints":{"allow":["GET"]}}],"collection":[{"href":"https:\/\/lemonti.pl\/en\/wp-json\/wp\/v2\/product"}],"about":[{"href":"https:\/\/lemonti.pl\/en\/wp-json\/wp\/v2\/types\/product"}],"replies":[{"embeddable":true,"href":"https:\/\/lemonti.pl\/en\/wp-json\/wp\/v2\/comments?post=1851720"}],"version-history":[{"count":0,"href":"https:\/\/lemonti.pl\/en\/wp-json\/wp\/v2\/product\/1851720\/revisions"}],"wp:featuredmedia":[{"embeddable":true,"href":"https:\/\/lemonti.pl\/en\/wp-json\/wp\/v2\/media\/1851713"}],"wp:attachment":[{"href":"https:\/\/lemonti.pl\/en\/wp-json\/wp\/v2\/media?parent=1851720"}],"wp:term":[{"taxonomy":"product_brand","embeddable":true,"href":"https:\/\/lemonti.pl\/en\/wp-json\/wp\/v2\/product_brand?post=1851720"},{"taxonomy":"product_cat","embeddable":true,"href":"https:\/\/lemonti.pl\/en\/wp-json\/wp\/v2\/product_cat?post=1851720"},{"taxonomy":"product_tag","embeddable":true,"href":"https:\/\/lemonti.pl\/en\/wp-json\/wp\/v2\/product_tag?post=1851720"}],"curies":[{"name":"wp","href":"https:\/\/api.w.org\/{rel}","templated":true}]}}