{"id":1851707,"date":"2026-01-26T11:54:10","date_gmt":"2026-01-26T10:54:10","guid":{"rendered":"https:\/\/lemonti.pl\/sklep\/bez-kategorii\/modul-keystone-lanberg-gniazdo-beznarzedziowy-rj45-lsa-180-ftp-kat-7\/"},"modified":"2026-04-20T11:50:22","modified_gmt":"2026-04-20T09:50:22","slug":"modul-keystone-lanberg-gniazdo-beznarzedziowy-rj45-lsa-180-ftp-kat-7","status":"publish","type":"product","link":"https:\/\/lemonti.pl\/en\/sklep\/urzadzenia-sieciowe\/modul-keystone-lanberg-gniazdo-beznarzedziowy-rj45-lsa-180-ftp-kat-7\/","title":{"rendered":"Modu\u0142 Keystone Lanberg gniazdo beznarz\u0119dziowy RJ45 -&gt; LSA 180\u00b0 FTP kat.7"},"content":{"rendered":"<div class=\"vgblk-rw-wrapper limit-wrapper\">\n<section class=\"section\">\n<div class=\"item item-12\">\n<section class=\"text-item\">\n<h2>LANBERG keystone toolless module RJ45 180 deg. FTP<\/h2>\n<p>LANBERG<\/p>\n<p>Gniazdo beznarz\u0119dziowe FTP RJ-45 Cat 7 keystone mo\u017cna instalowa\u0107 w ka\u017cdym adapterze do z\u0142\u0105cz typu keystone, np. w adapterach do gniazd, ramkach osprz\u0119tu elektrycznego, panelach modularnych, dzi\u0119ki czemu lista zastosowa\u0144 tego modu\u0142u jest bardzo szeroka. Gniazdo LAN posiada przykrywk\u0119 z\u0142\u0105cza IDC oraz kolorowe oznaczenie sekwencji po\u0142\u0105cze\u0144.<\/p>\n<p>Mo\u017cliwo\u015b\u0107 przy\u0142\u0105czenia kabli w sekwencjach 568B oraz 568A Uniwersalne z\u0142\u0105cza szczelinowe kompatybilne z narz\u0119dziem LSA Wykonane w oparciu o p\u0142ytk\u0119 drukowan\u0105 PCBA<\/p>\n<\/section><\/div>\n<\/section>\n<section class=\"section\">\n<div class=\"item item-12\">\n<section class=\"text-item\">\n<ul>\n<li><b>Opis produktu:<\/b> Lanberg KSF72000 wk\u0142adka modu\u0142owa<\/li>\n<li><b>Rodzaj produktu:<\/b> Wk\u0142adka modu\u0142owa CAT 7 RJ45<\/li>\n<li><b>Wymiary (szer.g\u0142\u0119b.wys.):<\/b> 1.45 cm 1.61 cm<\/li>\n<li><b>Kolor:<\/b> Srebrny<\/li>\n<li><b>Ilo\u015b\u0107 port\u00f3w:<\/b> 1 port<\/li>\n<\/ul>\n<\/section><\/div>\n<\/section>\n<section class=\"section\">\n<div class=\"item item-12\">\n<section class=\"image-item\"><img decoding=\"async\" src=\"https:\/\/upload.cdn.baselinker.com\/products\/6010088\/4b6f69a03c01dfd2543c5db3874b948f.jpg\" \/><\/section>\n<\/p><\/div>\n<\/section>\n<\/div>\n<p><!-- .vgblk-rw-wrapper --><\/p>","protected":false},"excerpt":{"rendered":"<p>LANBERG keystone toolless module RJ45 180 deg. FTP LANBERG Gniazdo beznarz\u0119dziowe FTP RJ-45 Cat 7 keystone mo\u017cna instalowa\u0107 w ka\u017cdym adapterze do z\u0142\u0105cz typu keystone, np. w adapterach do gniazd, ramkach osprz\u0119tu elektrycznego, panelach modularnych, dzi\u0119ki czemu lista zastosowa\u0144 tego modu\u0142u jest bardzo szeroka. Gniazdo LAN posiada przykrywk\u0119 z\u0142\u0105cza IDC oraz kolorowe oznaczenie sekwencji po\u0142\u0105cze\u0144&#8230;.<\/p>","protected":false},"featured_media":1851694,"comment_status":"open","ping_status":"closed","template":"","meta":[],"product_brand":[18452],"product_cat":[297],"product_tag":[],"class_list":{"0":"post-1851707","1":"product","2":"type-product","3":"status-publish","4":"has-post-thumbnail","6":"product_brand-lanberg","7":"product_cat-urzadzenia-sieciowe","9":"first","10":"instock","11":"taxable","12":"shipping-taxable","13":"purchasable","14":"product-type-simple"},"_links":{"self":[{"href":"https:\/\/lemonti.pl\/en\/wp-json\/wp\/v2\/product\/1851707","targetHints":{"allow":["GET"]}}],"collection":[{"href":"https:\/\/lemonti.pl\/en\/wp-json\/wp\/v2\/product"}],"about":[{"href":"https:\/\/lemonti.pl\/en\/wp-json\/wp\/v2\/types\/product"}],"replies":[{"embeddable":true,"href":"https:\/\/lemonti.pl\/en\/wp-json\/wp\/v2\/comments?post=1851707"}],"version-history":[{"count":0,"href":"https:\/\/lemonti.pl\/en\/wp-json\/wp\/v2\/product\/1851707\/revisions"}],"wp:featuredmedia":[{"embeddable":true,"href":"https:\/\/lemonti.pl\/en\/wp-json\/wp\/v2\/media\/1851694"}],"wp:attachment":[{"href":"https:\/\/lemonti.pl\/en\/wp-json\/wp\/v2\/media?parent=1851707"}],"wp:term":[{"taxonomy":"product_brand","embeddable":true,"href":"https:\/\/lemonti.pl\/en\/wp-json\/wp\/v2\/product_brand?post=1851707"},{"taxonomy":"product_cat","embeddable":true,"href":"https:\/\/lemonti.pl\/en\/wp-json\/wp\/v2\/product_cat?post=1851707"},{"taxonomy":"product_tag","embeddable":true,"href":"https:\/\/lemonti.pl\/en\/wp-json\/wp\/v2\/product_tag?post=1851707"}],"curies":[{"name":"wp","href":"https:\/\/api.w.org\/{rel}","templated":true}]}}