{"id":1851685,"date":"2026-01-26T11:53:57","date_gmt":"2026-01-26T10:53:57","guid":{"rendered":"https:\/\/lemonti.pl\/sklep\/bez-kategorii\/puszka-natynkowa-lanberg-na-dwa-moduly-keystone\/"},"modified":"2026-04-20T09:58:16","modified_gmt":"2026-04-20T07:58:16","slug":"puszka-natynkowa-lanberg-na-dwa-moduly-keystone","status":"publish","type":"product","link":"https:\/\/lemonti.pl\/en\/sklep\/urzadzenia-sieciowe\/puszka-natynkowa-lanberg-na-dwa-moduly-keystone\/","title":{"rendered":"Puszka natynkowa Lanberg na dwa modu\u0142y keystone"},"content":{"rendered":"<div class=\"vgblk-rw-wrapper limit-wrapper\">\n<section class=\"section\">\n<div class=\"item item-12\">\n<section class=\"text-item\">\n<h1>Puszka natynkowa Lanberg na dwa modu\u0142y keystone<\/h1>\n<\/section><\/div>\n<\/section>\n<section class=\"section\">\n<div class=\"item item-6\">\n<section class=\"text-item\">\n<p><b>Producent<\/b>: LANBERG<\/p>\n<p><b>Nazwa typu<\/b>: Sieci -elementy instalacji i okablowanie<\/p>\n<p><b>Opis og\u00f3lny<\/b>: Puszka natynkowa Lanberg na dwa modu\u0142y keystone<\/p>\n<p><b>Rodzaj produktu sieciowego<\/b>: Puszka natynkowa<\/p>\n<p><b>Kolor<\/b>: Bia\u0142y<\/p>\n<p><b>Informacje dodatkowe<\/b>: Puszka natynkowa keystone mo\u017ce by\u0107 montowana na \u015bcianie. Dzi\u0119ki<\/p>\n<p><b>Informacje dodatkowe<\/b>: znormalizowanych wymiarach, nadaje si\u0119 do \u0142atwego zatrzaskowego mocowania<\/p>\n<p><b>Informacje dodatkowe<\/b>: jednego elementu typu keystone<\/p>\n<p><b>Informacje dodatkowe<\/b>: Specyfikacja:<\/p>\n<p><b>Informacje dodatkowe<\/b>: Dwa porty Keystone 19.2 x 14.9 mm<\/p>\n<p><b>Informacje dodatkowe<\/b>: Prowadzenie przewod\u00f3w 180 \u00b0<\/p>\n<p><b>Informacje dodatkowe<\/b>: Zintegrowana p\u0142yta<\/p>\n<p><b>Informacje dodatkowe<\/b>: Kolor: bia\u0142y<\/p>\n<p><b>Informacje dodatkowe<\/b>: Zawarto\u015b\u0107 opakowania:<\/p>\n<p><b>Informacje dodatkowe<\/b>: Obudowa Keystone<\/p>\n<p><b>Informacje dodatkowe<\/b>: Podk\u0142adki samoprzylepne<\/p>\n<p><b>Informacje dodatkowe<\/b>: Opakowanie: Poly bag<\/p>\n<p><b>Baza SCIP<\/b>: Nie<\/p>\n<\/section><\/div>\n<div class=\"item item-6\">\n<section class=\"image-item\"><img decoding=\"async\" src=\"https:\/\/upload.cdn.baselinker.com\/products\/6010088\/301e210cd8e55c4a944599d966b3893a.jpg\" \/><\/section>\n<\/p><\/div>\n<\/section>\n<\/div>\n<p><!-- .vgblk-rw-wrapper --><\/p>","protected":false},"excerpt":{"rendered":"<p>Puszka natynkowa Lanberg na dwa modu\u0142y keystone Producent: LANBERG Nazwa typu: Sieci -elementy instalacji i okablowanie Opis og\u00f3lny: Puszka natynkowa Lanberg na dwa modu\u0142y keystone Rodzaj produktu sieciowego: Puszka natynkowa Kolor: Bia\u0142y Informacje dodatkowe: Puszka natynkowa keystone mo\u017ce by\u0107 montowana na \u015bcianie. Dzi\u0119ki Informacje dodatkowe: znormalizowanych wymiarach, nadaje si\u0119 do \u0142atwego zatrzaskowego mocowania Informacje dodatkowe:&#8230;<\/p>","protected":false},"featured_media":1851678,"comment_status":"open","ping_status":"closed","template":"","meta":[],"product_brand":[18452],"product_cat":[297],"product_tag":[],"class_list":{"0":"post-1851685","1":"product","2":"type-product","3":"status-publish","4":"has-post-thumbnail","6":"product_brand-lanberg","7":"product_cat-urzadzenia-sieciowe","9":"first","10":"instock","11":"taxable","12":"shipping-taxable","13":"purchasable","14":"product-type-simple"},"_links":{"self":[{"href":"https:\/\/lemonti.pl\/en\/wp-json\/wp\/v2\/product\/1851685","targetHints":{"allow":["GET"]}}],"collection":[{"href":"https:\/\/lemonti.pl\/en\/wp-json\/wp\/v2\/product"}],"about":[{"href":"https:\/\/lemonti.pl\/en\/wp-json\/wp\/v2\/types\/product"}],"replies":[{"embeddable":true,"href":"https:\/\/lemonti.pl\/en\/wp-json\/wp\/v2\/comments?post=1851685"}],"version-history":[{"count":0,"href":"https:\/\/lemonti.pl\/en\/wp-json\/wp\/v2\/product\/1851685\/revisions"}],"wp:featuredmedia":[{"embeddable":true,"href":"https:\/\/lemonti.pl\/en\/wp-json\/wp\/v2\/media\/1851678"}],"wp:attachment":[{"href":"https:\/\/lemonti.pl\/en\/wp-json\/wp\/v2\/media?parent=1851685"}],"wp:term":[{"taxonomy":"product_brand","embeddable":true,"href":"https:\/\/lemonti.pl\/en\/wp-json\/wp\/v2\/product_brand?post=1851685"},{"taxonomy":"product_cat","embeddable":true,"href":"https:\/\/lemonti.pl\/en\/wp-json\/wp\/v2\/product_cat?post=1851685"},{"taxonomy":"product_tag","embeddable":true,"href":"https:\/\/lemonti.pl\/en\/wp-json\/wp\/v2\/product_tag?post=1851685"}],"curies":[{"name":"wp","href":"https:\/\/api.w.org\/{rel}","templated":true}]}}