{"id":1851600,"date":"2026-01-26T11:52:41","date_gmt":"2026-01-26T10:52:41","guid":{"rendered":"https:\/\/lemonti.pl\/sklep\/bez-kategorii\/modul-keystone-lanberg-gniazdo-rj45-lsa-utp-kat-6-90-do-puszki-montazowej\/"},"modified":"2026-04-20T15:19:01","modified_gmt":"2026-04-20T13:19:01","slug":"modul-keystone-lanberg-gniazdo-rj45-lsa-utp-kat-6-90-do-puszki-montazowej","status":"publish","type":"product","link":"https:\/\/lemonti.pl\/en\/sklep\/urzadzenia-sieciowe\/modul-keystone-lanberg-gniazdo-rj45-lsa-utp-kat-6-90-do-puszki-montazowej\/","title":{"rendered":"Modu\u0142 Keystone Lanberg gniazdo RJ45 -&gt; LSA UTP kat.6 90\u00b0 do puszki monta\u017cowej"},"content":{"rendered":"<div class=\"vgblk-rw-wrapper limit-wrapper\">\n<section class=\"section\">\n<div class=\"item item-12\">\n<section class=\"text-item\">\n<h1>Modu\u0142 Keystone Lanberg gniazdo RJ45 -&gt; LSA UTP kat.6 90\u00b0 do puszki monta\u017cowej<\/h1>\n<\/section><\/div>\n<\/section>\n<section class=\"section\">\n<div class=\"item item-6\">\n<section class=\"text-item\">\n<ul>\n<li><b>Z\u0142\u0105cza<\/b> LSA RJ-45<\/li>\n<li><b>Kolor<\/b> Bia\u0142y<\/li>\n<li>6<\/li>\n<li><b>Szeroko\u015b\u0107 portu keystone<\/b> 14.5 mm<\/li>\n<li><b>Wysoko\u015b\u0107 portu keystone<\/b> 16.1 mm<\/li>\n<li><b>Typ<\/b> Modu\u0142<\/li>\n<\/ul>\n<\/section><\/div>\n<div class=\"item item-6\">\n<section class=\"image-item\"><img decoding=\"async\" src=\"https:\/\/upload.cdn.baselinker.com\/products\/6010088\/0e222292ed76395b5eb85be0aea06eb3.jpg\" \/><\/section>\n<\/p><\/div>\n<\/section>\n<section class=\"section\">\n<div class=\"item item-12\">\n<section class=\"text-item\">\n<p>Gniazdo UTP RJ45 kat.6 keystone mo\u017cna instalowa\u0107 w ka\u017cdym adapterze do z\u0142\u0105cz typu keystone o wymiarach (wys x szer) 16,10 x 14,50mm np. w adapterach do gniazd 45&#215;45, ramkach osprz\u0119tu elektrycznego, panelach modularnych, dzi\u0119ki czemu lista zastosowa\u0144 tego modu\u0142u jest bardzo szeroka. Gniazdo LAN posiada przykrywk\u0119 z\u0142\u0105cza IDC oraz kolorowe oznaczenie sekwencji po\u0142\u0105cze\u0144 typu 568A\/B. Mo\u017cliwo\u015b\u0107 przy\u0142\u0105czenia kabli w sekwencjach 568B oraz 568A. Uniwersalne z\u0142\u0105cza szczelinowe kompatybilne z narz\u0119dziem LSA. Wykonane w oparciu o p\u0142ytk\u0119 drukowan\u0105 PCBA. \u2022 Z\u0142\u0105cze: zewn\u0119trzne: 1 x gniazdo \u017ce\u0144skie RJ45 (8P\/8C) wewn\u0119trzne: LSA \u2022 Specyfikacja Cat.6 \u2022 Nieekranowany (UTP) \u2022 Zgodny z wymogami Cat.6 EIA\/TIA 568, EN 50173, ISO\/IEC 11801 \u2022 Dla przewod\u00f3w drutowych lub linkowych maks. do 0,644 mm (22 &#8211; 26 AWG) Obsluga PoE w keystone: do 36V<\/p>\n<\/section><\/div>\n<\/section>\n<section class=\"section\">\n<div class=\"item item-12\">\n<section class=\"image-item\"><img decoding=\"async\" src=\"https:\/\/upload.cdn.baselinker.com\/products\/6010088\/5fa0521922c589629328649ff19d061d.jpg\" \/><\/section>\n<\/p><\/div>\n<\/section>\n<\/div>\n<p><!-- .vgblk-rw-wrapper --><\/p>","protected":false},"excerpt":{"rendered":"<p>Modu\u0142 Keystone Lanberg gniazdo RJ45 -&gt; LSA UTP kat.6 90\u00b0 do puszki monta\u017cowej Z\u0142\u0105cza LSA RJ-45 Kolor Bia\u0142y 6 Szeroko\u015b\u0107 portu keystone 14.5 mm Wysoko\u015b\u0107 portu keystone 16.1 mm Typ Modu\u0142 Gniazdo UTP RJ45 kat.6 keystone mo\u017cna instalowa\u0107 w ka\u017cdym adapterze do z\u0142\u0105cz typu keystone o wymiarach (wys x szer) 16,10 x 14,50mm np. w&#8230;<\/p>","protected":false},"featured_media":1851594,"comment_status":"open","ping_status":"closed","template":"","meta":[],"product_brand":[18452],"product_cat":[297],"product_tag":[],"class_list":{"0":"post-1851600","1":"product","2":"type-product","3":"status-publish","4":"has-post-thumbnail","6":"product_brand-lanberg","7":"product_cat-urzadzenia-sieciowe","9":"first","10":"instock","11":"taxable","12":"shipping-taxable","13":"purchasable","14":"product-type-simple"},"_links":{"self":[{"href":"https:\/\/lemonti.pl\/en\/wp-json\/wp\/v2\/product\/1851600","targetHints":{"allow":["GET"]}}],"collection":[{"href":"https:\/\/lemonti.pl\/en\/wp-json\/wp\/v2\/product"}],"about":[{"href":"https:\/\/lemonti.pl\/en\/wp-json\/wp\/v2\/types\/product"}],"replies":[{"embeddable":true,"href":"https:\/\/lemonti.pl\/en\/wp-json\/wp\/v2\/comments?post=1851600"}],"version-history":[{"count":0,"href":"https:\/\/lemonti.pl\/en\/wp-json\/wp\/v2\/product\/1851600\/revisions"}],"wp:featuredmedia":[{"embeddable":true,"href":"https:\/\/lemonti.pl\/en\/wp-json\/wp\/v2\/media\/1851594"}],"wp:attachment":[{"href":"https:\/\/lemonti.pl\/en\/wp-json\/wp\/v2\/media?parent=1851600"}],"wp:term":[{"taxonomy":"product_brand","embeddable":true,"href":"https:\/\/lemonti.pl\/en\/wp-json\/wp\/v2\/product_brand?post=1851600"},{"taxonomy":"product_cat","embeddable":true,"href":"https:\/\/lemonti.pl\/en\/wp-json\/wp\/v2\/product_cat?post=1851600"},{"taxonomy":"product_tag","embeddable":true,"href":"https:\/\/lemonti.pl\/en\/wp-json\/wp\/v2\/product_tag?post=1851600"}],"curies":[{"name":"wp","href":"https:\/\/api.w.org\/{rel}","templated":true}]}}