{"id":1851502,"date":"2026-01-26T11:51:00","date_gmt":"2026-01-26T10:51:00","guid":{"rendered":"https:\/\/lemonti.pl\/sklep\/bez-kategorii\/gniazdo-natynkowe-lanberg-os6-0002-w-kat-6-ekranowane-2x-rj45\/"},"modified":"2026-04-20T16:24:49","modified_gmt":"2026-04-20T14:24:49","slug":"gniazdo-natynkowe-lanberg-os6-0002-w-kat-6-ekranowane-2x-rj45","status":"publish","type":"product","link":"https:\/\/lemonti.pl\/en\/sklep\/urzadzenia-sieciowe\/gniazdo-natynkowe-lanberg-os6-0002-w-kat-6-ekranowane-2x-rj45\/","title":{"rendered":"Gniazdo natynkowe Lanberg OS6-0002-W kat.6 ekranowane 2X RJ45"},"content":{"rendered":"<div class=\"vgblk-rw-wrapper limit-wrapper\">\n<section class=\"section\">\n<div class=\"item item-6\">\n<section class=\"image-item\"><img decoding=\"async\" src=\"https:\/\/upload.cdn.baselinker.com\/products\/6010088\/80b49668bb53c412a02e92de08f18f28.jpg\" \/><\/section>\n<\/p><\/div>\n<div class=\"item item-6\">\n<section class=\"text-item\">\n<h1>Lanberg Gniazdo natynkowe Kat.6 2X RJ45 Ekranowane bia\u0142e (OS6-0002-W)<\/h1>\n<p>Urz\u0105dzenie zosta\u0142o wyposa\u017cone w dwa ekranowane porty RJ45 kategorii 6. Jest to pasywny element okablowania strukturalnego stosowany w punktach abonenckich. Konstrukcja gniazda sprawia, \u017ce monta\u017c jest szybki i bezproblemowy.<\/p>\n<ul>\n<li>Dwa ekranowane porty RJ-45 kategorii 6<\/li>\n<li>Uniwersalne z\u0142\u0105cza IDC\/LSA zgodne z T568A\/B<\/li>\n<li>Umo\u017cliwia przy\u0142\u0105czenie przewod\u00f3w 26-22 AWG<\/li>\n<li>Bardzo prosty i szybki monta\u017c<\/li>\n<\/ul>\n<\/section><\/div>\n<\/section>\n<section class=\"section\">\n<div class=\"item item-12\">\n<section class=\"text-item\">\n<h2>Opis produktu<\/h2>\n<p><b>Najwy\u017csza jako\u015b\u0107<\/b><\/p>\n<p>Wykorzystanie najwy\u017cszej jako\u015bci materia\u0142\u00f3w, zapewnia d\u0142ugie, nieprzerwane u\u017cytkowanie.<\/p>\n<\/section><\/div>\n<\/section>\n<section class=\"section\">\n<div class=\"item item-12\">\n<section class=\"text-item\">\n<h2>Specyfikacja techniczna<\/h2>\n<ul>\n<li>Ekranowane: &nbsp;&nbsp;&nbsp;<b>Tak<\/b><\/li>\n<li>G\u0142\u0119boko\u015b\u0107: &nbsp;&nbsp;&nbsp;<b>30 mm<\/b><\/li>\n<li>Kolor: &nbsp;&nbsp;&nbsp;<b>Bia\u0142y<\/b><\/li>\n<li>Producent: &nbsp;&nbsp;&nbsp;<b>Lanberg<\/b><\/li>\n<li>Rodzaj: &nbsp;&nbsp;&nbsp;<b>Gniazdo<\/b><\/li>\n<li>Szeroko\u015b\u0107: &nbsp;&nbsp;&nbsp;<b>58 mm<\/b><\/li>\n<li>Wysoko\u015b\u0107: &nbsp;&nbsp;&nbsp;<b>54 mm<\/b><\/li>\n<li>Kod produktu: &nbsp;&nbsp;&nbsp;<b>OS6-0002-W<\/b><\/li>\n<li>Numer katalogowy: &nbsp;&nbsp;&nbsp;<b>OS6-0002-W<\/b><\/li>\n<\/ul>\n<\/section><\/div>\n<\/section>\n<section class=\"section\">\n<div class=\"item item-12\">\n<section class=\"text-item\">\n<h2>Galeria<\/h2>\n<\/section><\/div>\n<\/section>\n<section class=\"section\">\n<div class=\"item item-12\">\n<section class=\"image-item\"><img decoding=\"async\" src=\"https:\/\/upload.cdn.baselinker.com\/products\/6010088\/80b49668bb53c412a02e92de08f18f28.jpg\" \/><\/section>\n<\/p><\/div>\n<\/section>\n<section class=\"section\">\n<div class=\"item item-12\">\n<section class=\"image-item\"><img decoding=\"async\" src=\"https:\/\/upload.cdn.baselinker.com\/products\/6010088\/2944a70f3e21df5ccec55bebea1b1733.jpg\" \/><\/section>\n<\/p><\/div>\n<\/section>\n<section class=\"section\">\n<div class=\"item item-12\">\n<section class=\"image-item\"><img decoding=\"async\" src=\"https:\/\/upload.cdn.baselinker.com\/products\/6010088\/5369403ad7c609c3ebca3c11055ec399.jpg\" \/><\/section>\n<\/p><\/div>\n<\/section>\n<\/div>\n<p><!-- .vgblk-rw-wrapper --><\/p>","protected":false},"excerpt":{"rendered":"<p>Lanberg Gniazdo natynkowe Kat.6 2X RJ45 Ekranowane bia\u0142e (OS6-0002-W) Urz\u0105dzenie zosta\u0142o wyposa\u017cone w dwa ekranowane porty RJ45 kategorii 6. Jest to pasywny element okablowania strukturalnego stosowany w punktach abonenckich. Konstrukcja gniazda sprawia, \u017ce monta\u017c jest szybki i bezproblemowy. Dwa ekranowane porty RJ-45 kategorii 6 Uniwersalne z\u0142\u0105cza IDC\/LSA zgodne z T568A\/B Umo\u017cliwia przy\u0142\u0105czenie przewod\u00f3w 26-22 AWG&#8230;<\/p>","protected":false},"featured_media":1851491,"comment_status":"open","ping_status":"closed","template":"","meta":[],"product_brand":[18452],"product_cat":[297],"product_tag":[],"class_list":{"0":"post-1851502","1":"product","2":"type-product","3":"status-publish","4":"has-post-thumbnail","6":"product_brand-lanberg","7":"product_cat-urzadzenia-sieciowe","9":"first","10":"instock","11":"taxable","12":"shipping-taxable","13":"purchasable","14":"product-type-simple"},"_links":{"self":[{"href":"https:\/\/lemonti.pl\/en\/wp-json\/wp\/v2\/product\/1851502","targetHints":{"allow":["GET"]}}],"collection":[{"href":"https:\/\/lemonti.pl\/en\/wp-json\/wp\/v2\/product"}],"about":[{"href":"https:\/\/lemonti.pl\/en\/wp-json\/wp\/v2\/types\/product"}],"replies":[{"embeddable":true,"href":"https:\/\/lemonti.pl\/en\/wp-json\/wp\/v2\/comments?post=1851502"}],"version-history":[{"count":0,"href":"https:\/\/lemonti.pl\/en\/wp-json\/wp\/v2\/product\/1851502\/revisions"}],"wp:featuredmedia":[{"embeddable":true,"href":"https:\/\/lemonti.pl\/en\/wp-json\/wp\/v2\/media\/1851491"}],"wp:attachment":[{"href":"https:\/\/lemonti.pl\/en\/wp-json\/wp\/v2\/media?parent=1851502"}],"wp:term":[{"taxonomy":"product_brand","embeddable":true,"href":"https:\/\/lemonti.pl\/en\/wp-json\/wp\/v2\/product_brand?post=1851502"},{"taxonomy":"product_cat","embeddable":true,"href":"https:\/\/lemonti.pl\/en\/wp-json\/wp\/v2\/product_cat?post=1851502"},{"taxonomy":"product_tag","embeddable":true,"href":"https:\/\/lemonti.pl\/en\/wp-json\/wp\/v2\/product_tag?post=1851502"}],"curies":[{"name":"wp","href":"https:\/\/api.w.org\/{rel}","templated":true}]}}