{"id":1851486,"date":"2026-01-26T11:50:47","date_gmt":"2026-01-26T10:50:47","guid":{"rendered":"https:\/\/lemonti.pl\/sklep\/bez-kategorii\/kabel-rozdzielacz-lan-lanberg-rj-45-na-2xrj-45-ftp-2-urzadzenia-na-1-kablu\/"},"modified":"2026-04-21T11:29:31","modified_gmt":"2026-04-21T09:29:31","slug":"kabel-rozdzielacz-lan-lanberg-rj-45-na-2xrj-45-ftp-2-urzadzenia-na-1-kablu","status":"publish","type":"product","link":"https:\/\/lemonti.pl\/en\/sklep\/urzadzenia-sieciowe\/kabel-rozdzielacz-lan-lanberg-rj-45-na-2xrj-45-ftp-2-urzadzenia-na-1-kablu\/","title":{"rendered":"Kabel rozdzielacz LAN Lanberg RJ-45 na 2xRJ-45 FTP (2 urz\u0105dzenia na 1 kablu)"},"content":{"rendered":"<div class=\"vgblk-rw-wrapper limit-wrapper\">\n<section class=\"section\">\n<div class=\"item item-12\">\n<section class=\"text-item\">\n<p>Adapter rodzielacz LAN RJ-45 &#8211; 2x RJ-45 FTP<\/p>\n<\/section><\/div>\n<\/section>\n<section class=\"section\">\n<div class=\"item item-6\">\n<section class=\"image-item\"><img decoding=\"async\" src=\"https:\/\/upload.cdn.baselinker.com\/products\/6010088\/d7fe1e98c04db0176d0763b5dd2a37ff.jpg\" \/><\/section>\n<\/p><\/div>\n<div class=\"item item-6\">\n<section class=\"text-item\">\n<p>Adapter rozdzielacza LAN\/RJ-45 Lanberg to rozwi\u0105zanie pozwalaj\u0105ce na jednoczesn\u0105 obs\u0142ug\u0119 dw\u00f3ch po\u0142\u0105cze\u0144 sieciowych na jednym kablu. Urz\u0105dzenie pozwala na dwukierunkow\u0105 transmisj\u0119 z urz\u0105dzenia nadawczego po 8 \u017cy\u0142owym kablu do dw\u00f3ch odbiornik\u00f3w za pomoc\u0105 rozdzielacza &#8211; 2 kable 4 \u017cy\u0142owe.<\/p>\n<p>Samo rozwi\u0105zanie nie wymaga oddzielnego \u017ar\u00f3d\u0142a zasilania oraz jest niezale\u017cne od platformy sprz\u0119towej. Wystarczy pod\u0142\u0105czy\u0107 ko\u0144c\u00f3wk\u0119 kabla do routera czy switcha, a pod \u017ce\u0144skie wtyki RJ-45 podpi\u0105\u0107 komputer, laptop, IoT czy inne urz\u0105dzenia pracuj\u0105ce w standardzie Ethernet.<\/p>\n<p>Specyfikacja: &#8211; Z\u0142\u0105cza: RJ-45,; &#8211; Typ wtyczki 1: RJ-45 m\u0119ski; &#8211; Typ wtyczki 2: RJ-45 \u017ce\u0144ski; &#8211; Typ wtyczki 3: RJ-45 \u017ce\u0144ski; &#8211; Niezale\u017cne od platformy; &#8211; Mo\u017cliwo\u015b\u0107 uzyskania transmisji 100 Mbps dla 2 po\u0142\u0105cze\u0144; &#8211; Dwukierunkowa transmisja z maksymaln\u0105 pr\u0119dko\u015bci\u0105 dla po\u0142\u0105czenia z kablem 4 \u017cy\u0142owym;<\/p>\n<\/section><\/div>\n<\/section>\n<section class=\"section\">\n<div class=\"item item-6\">\n<section class=\"image-item\"><img decoding=\"async\" src=\"https:\/\/upload.cdn.baselinker.com\/products\/6010088\/b2fdc0cf0b9bcd614f50ee65daf4246a.jpg\" \/><\/section>\n<\/p><\/div>\n<div class=\"item item-6\">\n<section class=\"image-item\"><img decoding=\"async\" src=\"https:\/\/upload.cdn.baselinker.com\/products\/6010088\/d7fe1e98c04db0176d0763b5dd2a37ff.jpg\" \/><\/section>\n<\/p><\/div>\n<\/section>\n<\/div>\n<p><!-- .vgblk-rw-wrapper --><\/p>","protected":false},"excerpt":{"rendered":"<p>Adapter rodzielacz LAN RJ-45 &#8211; 2x RJ-45 FTP Adapter rozdzielacza LAN\/RJ-45 Lanberg to rozwi\u0105zanie pozwalaj\u0105ce na jednoczesn\u0105 obs\u0142ug\u0119 dw\u00f3ch po\u0142\u0105cze\u0144 sieciowych na jednym kablu. Urz\u0105dzenie pozwala na dwukierunkow\u0105 transmisj\u0119 z urz\u0105dzenia nadawczego po 8 \u017cy\u0142owym kablu do dw\u00f3ch odbiornik\u00f3w za pomoc\u0105 rozdzielacza &#8211; 2 kable 4 \u017cy\u0142owe. Samo rozwi\u0105zanie nie wymaga oddzielnego \u017ar\u00f3d\u0142a zasilania oraz&#8230;<\/p>","protected":false},"featured_media":1851475,"comment_status":"open","ping_status":"closed","template":"","meta":[],"product_brand":[18452],"product_cat":[297],"product_tag":[],"class_list":{"0":"post-1851486","1":"product","2":"type-product","3":"status-publish","4":"has-post-thumbnail","6":"product_brand-lanberg","7":"product_cat-urzadzenia-sieciowe","9":"first","10":"outofstock","11":"taxable","12":"shipping-taxable","13":"purchasable","14":"product-type-simple"},"_links":{"self":[{"href":"https:\/\/lemonti.pl\/en\/wp-json\/wp\/v2\/product\/1851486","targetHints":{"allow":["GET"]}}],"collection":[{"href":"https:\/\/lemonti.pl\/en\/wp-json\/wp\/v2\/product"}],"about":[{"href":"https:\/\/lemonti.pl\/en\/wp-json\/wp\/v2\/types\/product"}],"replies":[{"embeddable":true,"href":"https:\/\/lemonti.pl\/en\/wp-json\/wp\/v2\/comments?post=1851486"}],"version-history":[{"count":0,"href":"https:\/\/lemonti.pl\/en\/wp-json\/wp\/v2\/product\/1851486\/revisions"}],"wp:featuredmedia":[{"embeddable":true,"href":"https:\/\/lemonti.pl\/en\/wp-json\/wp\/v2\/media\/1851475"}],"wp:attachment":[{"href":"https:\/\/lemonti.pl\/en\/wp-json\/wp\/v2\/media?parent=1851486"}],"wp:term":[{"taxonomy":"product_brand","embeddable":true,"href":"https:\/\/lemonti.pl\/en\/wp-json\/wp\/v2\/product_brand?post=1851486"},{"taxonomy":"product_cat","embeddable":true,"href":"https:\/\/lemonti.pl\/en\/wp-json\/wp\/v2\/product_cat?post=1851486"},{"taxonomy":"product_tag","embeddable":true,"href":"https:\/\/lemonti.pl\/en\/wp-json\/wp\/v2\/product_tag?post=1851486"}],"curies":[{"name":"wp","href":"https:\/\/api.w.org\/{rel}","templated":true}]}}