{"id":1851292,"date":"2026-01-26T11:44:10","date_gmt":"2026-01-26T10:44:10","guid":{"rendered":"https:\/\/lemonti.pl\/sklep\/bez-kategorii\/wzmacniacz-tenda-a23-dual-band-wifi-6-1gbe-1501mb-s-ax1500-range-extender\/"},"modified":"2026-02-25T12:45:11","modified_gmt":"2026-02-25T11:45:11","slug":"wzmacniacz-tenda-a23-dual-band-wifi-6-1gbe-1501mb-s-ax1500-range-extender","status":"publish","type":"product","link":"https:\/\/lemonti.pl\/en\/sklep\/urzadzenia-sieciowe\/wzmacniacze-sygnalu\/wzmacniacz-tenda-a23-dual-band-wifi-6-1gbe-1501mb-s-ax1500-range-extender\/","title":{"rendered":"Wzmacniacz Tenda A23 Dual Band WiFi 6 1GbE 1501Mb\/s AX1500 Range Extender"},"content":{"rendered":"<div class=\"vgblk-rw-wrapper limit-wrapper\">\n<section class=\"section\">\n<div class=\"item item-12\">\n<section class=\"text-item\">\n<h1>Tenda &#8211; Wzmacniacz Tenda A23 Dual Band WiFi 6 1GbE 1501Mb\/s AX1500 Range Extender<\/h1>\n<\/section><\/div>\n<\/section>\n<section class=\"section\">\n<div class=\"item item-6\">\n<section class=\"text-item\">\n<p><b>Producent<\/b>: Tenda<\/p>\n<p><b>Nazwa typu<\/b>: Sieci -urz\u0105dzenia bezprzewodowe<\/p>\n<p><b>Opis og\u00f3lny<\/b>: Wzmacniacz Tenda A23 Dual Band WiFi 6 1GbE 1501Mb\/s AX1500 Range Extender<\/p>\n<p><b>Rodzaj urz\u0105dzenia bezprzewodowego<\/b>: Repeater \/ Wzmacniacz sygna\u0142u<\/p>\n<p><b>Obs\u0142ugiwane protoko\u0142y \/ Zgodno\u015b\u0107 z normami<\/b>: IEEE 802.11b<\/p>\n<p><b>Obs\u0142ugiwane protoko\u0142y \/ Zgodno\u015b\u0107 z normami<\/b>: IEEE 802.11g Po\u0142\u0105czenie bezprzewodowe do 54 Mb\/s, cz\u0119stotliwo\u015b\u0107 2,4 GHz<\/p>\n<p><b>Obs\u0142ugiwane protoko\u0142y \/ Zgodno\u015b\u0107 z normami<\/b>: IEEE 802.11n Po\u0142\u0105czenie bezprzewodowe 2,4GHz lub 5GHz do 600Mb\/s<\/p>\n<p><b>Obs\u0142ugiwane protoko\u0142y \/ Zgodno\u015b\u0107 z normami<\/b>: IEEE 802.11a Po\u0142\u0105czenie bezprzewodowe do 54 Mb\/s<\/p>\n<p><b>Obs\u0142ugiwane protoko\u0142y \/ Zgodno\u015b\u0107 z normami<\/b>: IEEE 802.11ac Po\u0142\u0105czenie bezprzewodowe do 3,46 Gb\/s, cz\u0119stotliwo\u015b\u0107 5 GHz<\/p>\n<p><b>Obs\u0142ugiwane protoko\u0142y \/ Zgodno\u015b\u0107 z normami<\/b>: IEEE 802.11ax<\/p>\n<p><b>Cz\u0119stotliwo\u015b\u0107 pracy<\/b>: 2,4 GHz i 5 GHz<\/p>\n<p><b>Pr\u0119dko\u015b\u0107 transmisji<\/b>: Wi-Fi: 1500 Mbps = 300 Mbps (2,4 GHz) + 1201 Mbps (5 GHz)<\/p>\n<p><b>Bezpiecze\u0144stwo<\/b>: WPA2-PSK<\/p>\n<p><b>Bezpiecze\u0144stwo<\/b>: WPA3-SAE\/WPA2-PSK<\/p>\n<p><b>Antena<\/b>: Zewn\u0119trzna &#8211; 2 szt.<\/p>\n<p><b>Odpinana antena<\/b>: Nie<\/p>\n<p><b>Zysk anteny bezprzewodowej<\/b>: 2 x 5 dBi<\/p>\n<p><b>Tryb pracy<\/b>: Range extender \/ Repeater \/ Wzmacniacz sygna\u0142u<\/p>\n<p><b>Tryb pracy<\/b>: Access Point \/ Punkt dost\u0119powy<\/p>\n<p><b>Ilo\u015b\u0107 port\u00f3w LAN<\/b>: 1<\/p>\n<p><b>Ilo\u015b\u0107 port\u00f3w WAN<\/b>: 0<\/p>\n<p><b>Ilo\u015b\u0107 port\u00f3w USB<\/b>: 0 szt.<\/p>\n<p><b>Porty wej\/wyj<\/b>: 1x 10M\/100M\/1G RJ-45<\/p>\n<p><b>Port PoE<\/b>: Nie<\/p>\n<p><b>Wymiary [G x S x W] (mm)<\/b>: 72 x 47,5 x 123<\/p>\n<p><b>Waga (g)<\/b>:<\/p>\n<p><b>Cechy<\/b>: AX1500<\/p>\n<p><b>Informacje dodatkowe<\/b>: Wbudowany zasilacz 12V1A<\/p>\n<p><b>Informacje dodatkowe<\/b>: Pob\u00f3r energii: 11W<\/p>\n<p><b>Informacje dodatkowe<\/b>: Moc transmisji: 2.4GHz: <b>Informacje dodatkowe<\/b>: Temperatura pracy: 0\u00b0C &#8211; 40\u00b0C<\/p>\n<p><b>Informacje dodatkowe<\/b>: Temperatura przechowywania: -40\u00b0C &#8211; 70\u00b0C<\/p>\n<p><b>Informacje dodatkowe<\/b>: Wilgotno\u015bc wzgl\u0119dna: 10% &#8211; 90% bez kondensacji<\/p>\n<p><b>Informacje dodatkowe<\/b>: Certyfikaty: FCC CE SRRC ROSH UCCA<\/p>\n<p><b>Baza SCIP<\/b>: Nie<\/p>\n<\/section><\/div>\n<div class=\"item item-6\">\n<section class=\"image-item\"><img decoding=\"async\" src=\"https:\/\/upload.cdn.baselinker.com\/products\/6010088\/455246356de58f1d3125769b3edc2aa4.jpg\" \/><\/section>\n<\/p><\/div>\n<\/section>\n<section class=\"section\">\n<div class=\"item item-6\">\n<section class=\"image-item\"><img decoding=\"async\" src=\"https:\/\/upload.cdn.baselinker.com\/products\/6010088\/455246356de58f1d3125769b3edc2aa4.jpg\" \/><\/section>\n<\/p><\/div>\n<div class=\"item item-6\">\n<section class=\"image-item\"><img decoding=\"async\" src=\"https:\/\/upload.cdn.baselinker.com\/products\/6010088\/455246356de58f1d3125769b3edc2aa4.jpg\" \/><\/section>\n<\/p><\/div>\n<\/section>\n<\/div>\n<p><!-- .vgblk-rw-wrapper --><\/p>\n","protected":false},"excerpt":{"rendered":"<p>Tenda &#8211; Wzmacniacz Tenda A23 Dual Band WiFi 6 1GbE 1501Mb\/s AX1500 Range Extender Producent: Tenda Nazwa typu: Sieci -urz\u0105dzenia bezprzewodowe Opis og\u00f3lny: Wzmacniacz Tenda A23 Dual Band WiFi 6 1GbE 1501Mb\/s AX1500 Range Extender Rodzaj urz\u0105dzenia bezprzewodowego: Repeater \/ Wzmacniacz sygna\u0142u Obs\u0142ugiwane protoko\u0142y \/ Zgodno\u015b\u0107 z normami: IEEE 802.11b Obs\u0142ugiwane protoko\u0142y \/ Zgodno\u015b\u0107 z&#8230;<\/p>","protected":false},"featured_media":1851288,"comment_status":"open","ping_status":"closed","template":"","meta":[],"product_brand":[32216],"product_cat":[297,298],"product_tag":[],"class_list":{"0":"post-1851292","1":"product","2":"type-product","3":"status-publish","4":"has-post-thumbnail","6":"product_brand-tenda","7":"product_cat-urzadzenia-sieciowe","8":"product_cat-wzmacniacze-sygnalu","10":"first","11":"outofstock","12":"taxable","13":"shipping-taxable","14":"purchasable","15":"product-type-simple"},"_links":{"self":[{"href":"https:\/\/lemonti.pl\/en\/wp-json\/wp\/v2\/product\/1851292","targetHints":{"allow":["GET"]}}],"collection":[{"href":"https:\/\/lemonti.pl\/en\/wp-json\/wp\/v2\/product"}],"about":[{"href":"https:\/\/lemonti.pl\/en\/wp-json\/wp\/v2\/types\/product"}],"replies":[{"embeddable":true,"href":"https:\/\/lemonti.pl\/en\/wp-json\/wp\/v2\/comments?post=1851292"}],"version-history":[{"count":1,"href":"https:\/\/lemonti.pl\/en\/wp-json\/wp\/v2\/product\/1851292\/revisions"}],"predecessor-version":[{"id":1853374,"href":"https:\/\/lemonti.pl\/en\/wp-json\/wp\/v2\/product\/1851292\/revisions\/1853374"}],"wp:featuredmedia":[{"embeddable":true,"href":"https:\/\/lemonti.pl\/en\/wp-json\/wp\/v2\/media\/1851288"}],"wp:attachment":[{"href":"https:\/\/lemonti.pl\/en\/wp-json\/wp\/v2\/media?parent=1851292"}],"wp:term":[{"taxonomy":"product_brand","embeddable":true,"href":"https:\/\/lemonti.pl\/en\/wp-json\/wp\/v2\/product_brand?post=1851292"},{"taxonomy":"product_cat","embeddable":true,"href":"https:\/\/lemonti.pl\/en\/wp-json\/wp\/v2\/product_cat?post=1851292"},{"taxonomy":"product_tag","embeddable":true,"href":"https:\/\/lemonti.pl\/en\/wp-json\/wp\/v2\/product_tag?post=1851292"}],"curies":[{"name":"wp","href":"https:\/\/api.w.org\/{rel}","templated":true}]}}