{"id":1848674,"date":"2026-01-21T13:01:20","date_gmt":"2026-01-21T12:01:20","guid":{"rendered":"https:\/\/lemonti.pl\/sklep\/bez-kategorii\/sluchawki-z-mikrofonem-esperanza-eh103-concert-czarne\/"},"modified":"2026-02-25T12:33:29","modified_gmt":"2026-02-25T11:33:29","slug":"sluchawki-z-mikrofonem-esperanza-eh103-concert-czarne","status":"publish","type":"product","link":"https:\/\/lemonti.pl\/en\/sklep\/urzadzenia-peryferyjne\/sluchawki\/sluchawki-z-mikrofonem-esperanza-eh103-concert-czarne\/","title":{"rendered":"S\u0142uchawki z mikrofonem Esperanza EH103 Concert czarne"},"content":{"rendered":"<div class=\"vgblk-rw-wrapper limit-wrapper\">\n<section class=\"section\">\n<div class=\"item item-12\">\n<section class=\"text-item\">\n<h1>S\u0142uchawki z mikrofonem Esperanza EH103 Concert czarne<\/h1>\n<\/section><\/div>\n<\/section>\n<section class=\"section\">\n<div class=\"item item-6\">\n<section class=\"image-item\"><img decoding=\"async\" src=\"https:\/\/upload.cdn.baselinker.com\/products\/6010088\/6c583cc7f601557fe5ab650953ffdaa4.jpg\" \/><\/section>\n<\/p><\/div>\n<div class=\"item item-6\">\n<section class=\"text-item\">\n<h2>Specyfikacja:<\/h2>\n<ul>\n<li><b>Komunikacja:<\/b> Przewodowa<\/li>\n<li><b>Typ s\u0142uchawek\/mikrofonu:<\/b> Stereo<\/li>\n<li><b>Pasmo przenoszenia s\u0142uchawek:<\/b> 20Hz &#8211; 20kHz<\/li>\n<li><b>Miejsce monta\u017cu s\u0142uchawek:<\/b> S\u0142uchawki nauszne\/wok\u00f3\u0142uszne<\/li>\n<li><b>Pa\u0142\u0105k s\u0142uchawek:<\/b> Pa\u0142\u0105k na g\u0142ow\u0119<\/li>\n<li><b>Czu\u0142o\u015b\u0107 s\u0142uchawek:<\/b> 105dB +\/-3dB<\/li>\n<li><b>Wbudowany mikrofon:<\/b> Tak<\/li>\n<li><b>Pasmo przenoszenia mikrofonu:<\/b> 30Hz &#8211; 16kHz<\/li>\n<li><b>Miejsce monta\u017cu mikrofonu:<\/b> Mikrofon na wysi\u0119gniku<\/li>\n<li><b>Czu\u0142o\u015b\u0107 mikrofonu:<\/b> -58dB +\/-3dB<\/li>\n<li><b>Pod\u0142\u0105czenie s\u0142uchawek \/ mikrofonu:<\/b> 2x mini jack 3,5mm 3-pin<\/li>\n<li><b>D\u0142ugo\u015b\u0107 kabla \/ Maksymalny zasi\u0119g (m):<\/b> 2.50<\/li>\n<li><b>Regulacja g\u0142o\u015bno\u015bci:<\/b> Tak<\/li>\n<li><b>Impedancja (Om):<\/b> 32.0<\/li>\n<li><b>Kolor:<\/b> Czarny<\/li>\n<li><b>Symbol producenta: <\/b>EH103<\/li>\n<li><b>Kod EAN: <\/b>5905784767864<\/li>\n<\/ul>\n<\/section><\/div>\n<\/section>\n<section class=\"section\">\n<div class=\"item item-6\">\n<section class=\"image-item\"><img decoding=\"async\" src=\"https:\/\/upload.cdn.baselinker.com\/products\/6010088\/cf2654d5a0aebfdb492fe58628f93214.jpg\" \/><\/section>\n<\/p><\/div>\n<div class=\"item item-6\">\n<section class=\"text-item\">\n<p>Stylowe s\u0142uchawki stereofoniczne z wysokiej jako\u015bci mikrofonem i p\u0142ynn\u0105 regulacj\u0105 g\u0142o\u015bno\u015bci. Pa\u0142\u0105k nag\u0142owny na ca\u0142ej powierzchni zosta\u0142 wy\u0142o\u017cony mi\u0119kk\u0105 piank\u0105. Posiada obustronn\u0105 regulacj\u0105 d\u0142ugo\u015bci dzi\u0119ki czemu idealnie dopasowuje si\u0119 do kszta\u0142tu g\u0142owy. Du\u017ce poduszki uszne wy\u015bcielone t\u0142umi\u0105cym zewn\u0119trzne ha\u0142asy materia\u0142em sk\u00f3ropodobnym. Kompatybilne ze wszystkimi wiod\u0105cymi kartami d\u017awi\u0119kowymi oraz urz\u0105dzeniami audio. Doskona\u0142a jako\u015b\u0107 d\u017awi\u0119ku wspaniale sprawdza si\u0119 w czasie s\u0142uchania muzyki, ogl\u0105dania film\u00f3w, grania czy rozm\u00f3w prowadzonych przez komunikatory internetowe.<\/p>\n<p><b>DANE TECHNICZNE:<\/b><\/p>\n<ul>\n<li>mi\u0119kkie poduszki uszne<\/li>\n<li>czu\u0142o\u015b\u0107: 105dB przy 1KHz<\/li>\n<li>impedancja: 32\u03a9<\/li>\n<li>pasmo przenoszenia: 20Hz-20.000Hz<\/li>\n<li>moc rzeczywista: 100mW<\/li>\n<li>czu\u0142o\u015b\u0107 mikrofonu: -42dB\u00b12dB<\/li>\n<li>pasmo przenoszenia mikrofonu: 30Hz-16.000Hz<\/li>\n<li>d\u0142ugo\u015b\u0107 kabla: 2.5m<\/li>\n<li>rodzaj wtyczki: 2x stereo Mini Jack 3.5mm<\/li>\n<\/ul>\n<\/section><\/div>\n<\/section>\n<section class=\"section\">\n<div class=\"item item-6\">\n<section class=\"image-item\"><img decoding=\"async\" src=\"https:\/\/upload.cdn.baselinker.com\/products\/6010088\/c38070e8a08522a36aaee31c6d574bf6.jpg\" \/><\/section>\n<\/p><\/div>\n<div class=\"item item-6\">\n<section class=\"image-item\"><img decoding=\"async\" src=\"https:\/\/upload.cdn.baselinker.com\/products\/6010088\/ae83bab1015477b1aacf310724ea7643.jpg\" \/><\/section>\n<\/p><\/div>\n<\/section>\n<\/div>\n<p><!-- .vgblk-rw-wrapper --><\/p>","protected":false},"excerpt":{"rendered":"<p>S\u0142uchawki z mikrofonem Esperanza EH103 Concert czarne Specyfikacja: Komunikacja: Przewodowa Typ s\u0142uchawek\/mikrofonu: Stereo Pasmo przenoszenia s\u0142uchawek: 20Hz &#8211; 20kHz Miejsce monta\u017cu s\u0142uchawek: S\u0142uchawki nauszne\/wok\u00f3\u0142uszne Pa\u0142\u0105k s\u0142uchawek: Pa\u0142\u0105k na g\u0142ow\u0119 Czu\u0142o\u015b\u0107 s\u0142uchawek: 105dB +\/-3dB Wbudowany mikrofon: Tak Pasmo przenoszenia mikrofonu: 30Hz &#8211; 16kHz Miejsce monta\u017cu mikrofonu: Mikrofon na wysi\u0119gniku Czu\u0142o\u015b\u0107 mikrofonu: -58dB +\/-3dB Pod\u0142\u0105czenie s\u0142uchawek \/&#8230;<\/p>","protected":false},"featured_media":1848661,"comment_status":"open","ping_status":"closed","template":"","meta":[],"product_brand":[17954],"product_cat":[291,283],"product_tag":[],"class_list":{"0":"post-1848674","1":"product","2":"type-product","3":"status-publish","4":"has-post-thumbnail","6":"product_brand-esperanza","7":"product_cat-sluchawki","8":"product_cat-urzadzenia-peryferyjne","10":"first","11":"outofstock","12":"taxable","13":"shipping-taxable","14":"purchasable","15":"product-type-simple"},"_links":{"self":[{"href":"https:\/\/lemonti.pl\/en\/wp-json\/wp\/v2\/product\/1848674","targetHints":{"allow":["GET"]}}],"collection":[{"href":"https:\/\/lemonti.pl\/en\/wp-json\/wp\/v2\/product"}],"about":[{"href":"https:\/\/lemonti.pl\/en\/wp-json\/wp\/v2\/types\/product"}],"replies":[{"embeddable":true,"href":"https:\/\/lemonti.pl\/en\/wp-json\/wp\/v2\/comments?post=1848674"}],"version-history":[{"count":0,"href":"https:\/\/lemonti.pl\/en\/wp-json\/wp\/v2\/product\/1848674\/revisions"}],"wp:featuredmedia":[{"embeddable":true,"href":"https:\/\/lemonti.pl\/en\/wp-json\/wp\/v2\/media\/1848661"}],"wp:attachment":[{"href":"https:\/\/lemonti.pl\/en\/wp-json\/wp\/v2\/media?parent=1848674"}],"wp:term":[{"taxonomy":"product_brand","embeddable":true,"href":"https:\/\/lemonti.pl\/en\/wp-json\/wp\/v2\/product_brand?post=1848674"},{"taxonomy":"product_cat","embeddable":true,"href":"https:\/\/lemonti.pl\/en\/wp-json\/wp\/v2\/product_cat?post=1848674"},{"taxonomy":"product_tag","embeddable":true,"href":"https:\/\/lemonti.pl\/en\/wp-json\/wp\/v2\/product_tag?post=1848674"}],"curies":[{"name":"wp","href":"https:\/\/api.w.org\/{rel}","templated":true}]}}