{"id":1847868,"date":"2026-01-21T12:56:27","date_gmt":"2026-01-21T11:56:27","guid":{"rendered":"https:\/\/lemonti.pl\/sklep\/bez-kategorii\/mikrofon-na-statywie-esperanza-eh182-studio-pro-do-pc-i-notebooka\/"},"modified":"2026-03-20T16:47:43","modified_gmt":"2026-03-20T15:47:43","slug":"mikrofon-na-statywie-esperanza-eh182-studio-pro-do-pc-i-notebooka","status":"publish","type":"product","link":"https:\/\/lemonti.pl\/en\/sklep\/urzadzenia-peryferyjne\/mikrofony\/mikrofon-na-statywie-esperanza-eh182-studio-pro-do-pc-i-notebooka\/","title":{"rendered":"Mikrofon na statywie Esperanza EH182 &#8222;Studio pro&#8221; do PC i notebooka"},"content":{"rendered":"<div class=\"vgblk-rw-wrapper limit-wrapper\">\n<section class=\"section\">\n<div class=\"item item-12\">\n<section class=\"text-item\">\n<h1>Mikrofon na statywie Esperanza EH182 &#8222;Studio pro&#8221; do PC i notebooka<\/h1>\n<\/section><\/div>\n<\/section>\n<section class=\"section\">\n<div class=\"item item-6\">\n<section class=\"image-item\"><img decoding=\"async\" src=\"https:\/\/upload.cdn.baselinker.com\/products\/6010088\/c32498084974cf275cc82b9e26991253.jpg\" \/><\/section>\n<\/p><\/div>\n<div class=\"item item-6\">\n<section class=\"text-item\">\n<h2>Specyfikacja:<\/h2>\n<ul>\n<li><b>Komunikacja:<\/b> Przewodowa<\/li>\n<li><b>Wykonanie \/ przeznaczenie:<\/b> Standard<\/li>\n<li><b>Wbudowany mikrofon:<\/b> Nie<\/li>\n<li><b>Pasmo przenoszenia mikrofonu:<\/b> 20Hz &#8211; 20kHz<\/li>\n<li><b>Miejsce monta\u017cu mikrofonu:<\/b> Mikrofon na statywie\/podstawce<\/li>\n<li><b>Czu\u0142o\u015b\u0107 mikrofonu:<\/b> -38dB +\/-3dB<\/li>\n<li><b>Pod\u0142\u0105czenie s\u0142uchawek \/ mikrofonu:<\/b> 1x mini jack 3,5mm 3-pin<\/li>\n<li><b>Poz\u0142acane styki:<\/b> Nie<\/li>\n<li><b>D\u0142ugo\u015b\u0107 kabla \/ Maksymalny zasi\u0119g (m):<\/b> 1.80<\/li>\n<li><b>Regulacja g\u0142o\u015bno\u015bci:<\/b> Brak regulacji g\u0142o\u015bno\u015bci<\/li>\n<li><b>Kolor:<\/b> Czarny<\/li>\n<li><b>Informacje dodatkowe:<\/b><\/li>\n<li>Statyw<\/li>\n<li>Do wszelkich urz\u0105dze\u0144 audio w tym aplikacji typu VoIP<\/li>\n<li>Krystalicznie czysty d\u017awi\u0119k<\/li>\n<li>\u0141\u0105czenie z wszystkimi urz\u0105dzeniami wyposa\u017conymi w port mikrofonu 3,5mm (mini Jack)<\/li>\n<\/ul>\n<\/section><\/div>\n<\/section>\n<\/div>\n<p><!-- .vgblk-rw-wrapper --><\/p>","protected":false},"excerpt":{"rendered":"<p>Mikrofon na statywie Esperanza EH182 &#8222;Studio pro&#8221; do PC i notebooka Specyfikacja: Komunikacja: Przewodowa Wykonanie \/ przeznaczenie: Standard Wbudowany mikrofon: Nie Pasmo przenoszenia mikrofonu: 20Hz &#8211; 20kHz Miejsce monta\u017cu mikrofonu: Mikrofon na statywie\/podstawce Czu\u0142o\u015b\u0107 mikrofonu: -38dB +\/-3dB Pod\u0142\u0105czenie s\u0142uchawek \/ mikrofonu: 1x mini jack 3,5mm 3-pin Poz\u0142acane styki: Nie D\u0142ugo\u015b\u0107 kabla \/ Maksymalny zasi\u0119g (m):&#8230;<\/p>","protected":false},"featured_media":1847863,"comment_status":"open","ping_status":"closed","template":"","meta":[],"product_brand":[17954],"product_cat":[292,283],"product_tag":[],"class_list":{"0":"post-1847868","1":"product","2":"type-product","3":"status-publish","4":"has-post-thumbnail","6":"product_brand-esperanza","7":"product_cat-mikrofony","8":"product_cat-urzadzenia-peryferyjne","10":"first","11":"outofstock","12":"taxable","13":"shipping-taxable","14":"purchasable","15":"product-type-simple"},"_links":{"self":[{"href":"https:\/\/lemonti.pl\/en\/wp-json\/wp\/v2\/product\/1847868","targetHints":{"allow":["GET"]}}],"collection":[{"href":"https:\/\/lemonti.pl\/en\/wp-json\/wp\/v2\/product"}],"about":[{"href":"https:\/\/lemonti.pl\/en\/wp-json\/wp\/v2\/types\/product"}],"replies":[{"embeddable":true,"href":"https:\/\/lemonti.pl\/en\/wp-json\/wp\/v2\/comments?post=1847868"}],"version-history":[{"count":0,"href":"https:\/\/lemonti.pl\/en\/wp-json\/wp\/v2\/product\/1847868\/revisions"}],"wp:featuredmedia":[{"embeddable":true,"href":"https:\/\/lemonti.pl\/en\/wp-json\/wp\/v2\/media\/1847863"}],"wp:attachment":[{"href":"https:\/\/lemonti.pl\/en\/wp-json\/wp\/v2\/media?parent=1847868"}],"wp:term":[{"taxonomy":"product_brand","embeddable":true,"href":"https:\/\/lemonti.pl\/en\/wp-json\/wp\/v2\/product_brand?post=1847868"},{"taxonomy":"product_cat","embeddable":true,"href":"https:\/\/lemonti.pl\/en\/wp-json\/wp\/v2\/product_cat?post=1847868"},{"taxonomy":"product_tag","embeddable":true,"href":"https:\/\/lemonti.pl\/en\/wp-json\/wp\/v2\/product_tag?post=1847868"}],"curies":[{"name":"wp","href":"https:\/\/api.w.org\/{rel}","templated":true}]}}