{"id":1847847,"date":"2026-01-21T12:56:18","date_gmt":"2026-01-21T11:56:18","guid":{"rendered":"https:\/\/lemonti.pl\/sklep\/bez-kategorii\/mikrofon-tracer-studio\/"},"modified":"2026-02-26T15:56:06","modified_gmt":"2026-02-26T14:56:06","slug":"mikrofon-tracer-studio","status":"publish","type":"product","link":"https:\/\/lemonti.pl\/en\/sklep\/urzadzenia-peryferyjne\/mikrofony\/mikrofon-tracer-studio\/","title":{"rendered":"Mikrofon Tracer STUDIO"},"content":{"rendered":"<div class=\"vgblk-rw-wrapper limit-wrapper\">\n<section class=\"section\">\n<div class=\"item item-12\">\n<section class=\"text-item\">\n<h1>Mikrofon Tracer STUDIO<\/h1>\n<\/section><\/div>\n<\/section>\n<section class=\"section\">\n<div class=\"item item-6\">\n<section class=\"image-item\"><img decoding=\"async\" src=\"https:\/\/upload.cdn.baselinker.com\/products\/6010088\/76bba5aeb446b8cc457477328a47e4ad.jpg\" \/><\/section>\n<\/p><\/div>\n<div class=\"item item-6\">\n<section class=\"text-item\">\n<h2>Specyfikacja:<\/h2>\n<ul>\n<li><b>Pasmo przenoszenia mikrofonu:<\/b> 100Hz &#8211; 10kHz<\/li>\n<li><b>D\u0142ugo\u015b\u0107 kabla \/ Maksymalny zasi\u0119g (m):<\/b> 1.80<\/li>\n<li><b>Regulacja g\u0142o\u015bno\u015bci:<\/b> Tak<\/li>\n<li><b>Kolor:<\/b> Czarny<\/li>\n<li><b>Informacje dodatkowe:<\/b> Instrukcja obs\u0142ugi w j\u0119zyku polskim: tak<\/li>\n<li><b>Informacje dodatkowe:<\/b> Redukcja szum\u00f3w: tak<\/li>\n<\/ul>\n<\/section><\/div>\n<\/section>\n<section class=\"section\">\n<div class=\"item item-12\">\n<section class=\"image-item\"><img decoding=\"async\" src=\"https:\/\/upload.cdn.baselinker.com\/products\/6010088\/6db92e344f2de1fa8fd580bd18907cf2.jpg\" \/><\/section>\n<\/p><\/div>\n<\/section>\n<section class=\"section\">\n<div class=\"item item-12\">\n<section class=\"image-item\"><img decoding=\"async\" src=\"https:\/\/upload.cdn.baselinker.com\/products\/6010088\/2ec181c39d0571931e665d336c5b31ee.jpg\" \/><\/section>\n<\/p><\/div>\n<\/section>\n<section class=\"section\">\n<div class=\"item item-12\">\n<section class=\"image-item\"><img decoding=\"async\" src=\"https:\/\/upload.cdn.baselinker.com\/products\/6010088\/7031eb76092d70ca86be0d48f81273a9.jpg\" \/><\/section>\n<\/p><\/div>\n<\/section>\n<section class=\"section\">\n<div class=\"item item-12\">\n<section class=\"image-item\"><img decoding=\"async\" src=\"https:\/\/upload.cdn.baselinker.com\/products\/6010088\/76bba5aeb446b8cc457477328a47e4ad.jpg\" \/><\/section>\n<\/p><\/div>\n<\/section>\n<\/div>\n<p><!-- .vgblk-rw-wrapper --><\/p>","protected":false},"excerpt":{"rendered":"<p>Mikrofon Tracer STUDIO Specyfikacja: Pasmo przenoszenia mikrofonu: 100Hz &#8211; 10kHz D\u0142ugo\u015b\u0107 kabla \/ Maksymalny zasi\u0119g (m): 1.80 Regulacja g\u0142o\u015bno\u015bci: Tak Kolor: Czarny Informacje dodatkowe: Instrukcja obs\u0142ugi w j\u0119zyku polskim: tak Informacje dodatkowe: Redukcja szum\u00f3w: tak<\/p>","protected":false},"featured_media":1847840,"comment_status":"open","ping_status":"closed","template":"","meta":[],"product_brand":[17961],"product_cat":[292,283],"product_tag":[],"class_list":{"0":"post-1847847","1":"product","2":"type-product","3":"status-publish","4":"has-post-thumbnail","6":"product_brand-tracer","7":"product_cat-mikrofony","8":"product_cat-urzadzenia-peryferyjne","10":"first","11":"outofstock","12":"taxable","13":"shipping-taxable","14":"purchasable","15":"product-type-simple"},"_links":{"self":[{"href":"https:\/\/lemonti.pl\/en\/wp-json\/wp\/v2\/product\/1847847","targetHints":{"allow":["GET"]}}],"collection":[{"href":"https:\/\/lemonti.pl\/en\/wp-json\/wp\/v2\/product"}],"about":[{"href":"https:\/\/lemonti.pl\/en\/wp-json\/wp\/v2\/types\/product"}],"replies":[{"embeddable":true,"href":"https:\/\/lemonti.pl\/en\/wp-json\/wp\/v2\/comments?post=1847847"}],"version-history":[{"count":0,"href":"https:\/\/lemonti.pl\/en\/wp-json\/wp\/v2\/product\/1847847\/revisions"}],"wp:featuredmedia":[{"embeddable":true,"href":"https:\/\/lemonti.pl\/en\/wp-json\/wp\/v2\/media\/1847840"}],"wp:attachment":[{"href":"https:\/\/lemonti.pl\/en\/wp-json\/wp\/v2\/media?parent=1847847"}],"wp:term":[{"taxonomy":"product_brand","embeddable":true,"href":"https:\/\/lemonti.pl\/en\/wp-json\/wp\/v2\/product_brand?post=1847847"},{"taxonomy":"product_cat","embeddable":true,"href":"https:\/\/lemonti.pl\/en\/wp-json\/wp\/v2\/product_cat?post=1847847"},{"taxonomy":"product_tag","embeddable":true,"href":"https:\/\/lemonti.pl\/en\/wp-json\/wp\/v2\/product_tag?post=1847847"}],"curies":[{"name":"wp","href":"https:\/\/api.w.org\/{rel}","templated":true}]}}