{"id":1839363,"date":"2026-01-20T15:10:00","date_gmt":"2026-01-20T14:10:00","guid":{"rendered":"https:\/\/lemonti.pl\/sklep\/bez-kategorii\/monitor-asus-27-eye-care-va27dqsb-vga-hdmi-dp-2xusb-glosniki\/"},"modified":"2026-04-20T10:08:28","modified_gmt":"2026-04-20T08:08:28","slug":"monitor-asus-27-eye-care-va27dqsb-vga-hdmi-dp-2xusb-glosniki","status":"publish","type":"product","link":"https:\/\/lemonti.pl\/en\/sklep\/urzadzenia-peryferyjne\/monitory\/monitor-asus-27-eye-care-va27dqsb-vga-hdmi-dp-2xusb-glosniki\/","title":{"rendered":"Monitor Asus 27&#8243; Eye Care VA27DQSB VGA HDMI DP 2xUSB g\u0142o\u015bniki"},"content":{"rendered":"<div class=\"vgblk-rw-wrapper limit-wrapper\">\n<section class=\"section\">\n<div class=\"item item-12\">\n<section class=\"text-item\">\n<h1>Monitor Asus 27&#8243; Eye Care VA27DQSB VGA HDMI DP 2xUSB g\u0142o\u015bniki<\/h1>\n<\/section><\/div>\n<\/section>\n<section class=\"section\">\n<div class=\"item item-6\">\n<section class=\"image-item\"><img decoding=\"async\" src=\"https:\/\/upload.cdn.baselinker.com\/products\/6010088\/4b12ad17af8cb97aadff7e58d17737d9.jpg\" \/><\/section>\n<\/p><\/div>\n<div class=\"item item-6\">\n<section class=\"text-item\">\n<h2>Specyfikacja:<\/h2>\n<p>Wy\u015bwietlacz<\/p>\n<ul>\n<li><b>Przek\u0105tna ekranu:<\/b> 27.00 cali<\/li>\n<li><b>Typ matrycy:<\/b> IPS (In-Plane Switching)<\/li>\n<li><b>Technologia pod\u015bwietlania:<\/b> WLED<\/li>\n<li><b>Format obrazu:<\/b> 16:9<\/li>\n<li><b>Wielko\u015b\u0107 plamki:<\/b> 0.311 mm<\/li>\n<li><b>Czas reakcji matrycy:<\/b> 5.000 ms<\/li>\n<li><b>Jasno\u015b\u0107 matrycy:<\/b> 250 cd\/m2<\/li>\n<li><b>Kontrast statyczny:<\/b> 1000 :1<\/li>\n<li><b>Kontrast dynamiczny:<\/b> 100000000 :1<\/li>\n<li><b>Rozdzielczo\u015b\u0107 maksymalna:<\/b> 1920 x 1080 (Full HD)<\/li>\n<li><b>Cz\u0119st. od\u015bw. przy rozdzielczo\u015bci optymalnej (Hz):<\/b> 75<\/li>\n<li><b>Cz\u0119stotliwo\u015b\u0107 odchylania pionowego (Hz):<\/b> HDMI: 48 ~ 75 Hz | DP: 48 ~75 Hz<\/li>\n<li><b>Cz\u0119stotliwo\u015b\u0107 odchylania poziomego (KHz):<\/b> HDMI: 30 ~ 85 KHz | DP: 85 ~ 85 KHz<\/li>\n<li><b>Ilo\u015b\u0107 wy\u015bwietlanych kolor\u00f3w:<\/b> 16,7 M (8-bitowy)<\/li>\n<li><b>K\u0105t widzenia pionowy (V):<\/b> 178.00 stopni<\/li>\n<li><b>K\u0105t widzenia poziomy (H):<\/b> 178.00 stopni<\/li>\n<li><b>Zakrzywiony ekran:<\/b> Nie<\/li>\n<li><b>Ustawienie ekranu w pionie [Pivot]:<\/b> Tak<\/li>\n<li><b>Regulacja k\u0105ta nachylenia [Tilt]:<\/b> -5\u00b0 \/ +35\u00b0<\/li>\n<li><b>Obr\u00f3t wok\u00f3\u0142 w\u0142asnej osi [Swivel]:<\/b> -180\u00b0 \/ +180\u00b0<\/li>\n<li><b>Regulacja wysoko\u015bci:<\/b> Tak &#8211; 150mm<\/li>\n<li><b>Nasycenie kolor\u00f3w:<\/b> 72% (NTSC)<\/li>\n<\/ul>\n<\/section><\/div>\n<\/section>\n<section class=\"section\">\n<div class=\"item item-6\">\n<section class=\"image-item\"><img decoding=\"async\" src=\"https:\/\/upload.cdn.baselinker.com\/products\/6010088\/b45d5e86822f1b06371fcd51a712ef44.jpg\" \/><\/section>\n<\/p><\/div>\n<div class=\"item item-6\">\n<section class=\"text-item\">\n<p>Techniczne<\/p>\n<ul>\n<li><b>Touch:<\/b> Nie<\/li>\n<li><b>Obs\u0142uga G-Sync:<\/b> Nie<\/li>\n<li><b>Obs\u0142uga FreeSync:<\/b> Tak<\/li>\n<li><b>Redukcja migotania [FlickerFree\/Safe]:<\/b> Tak<\/li>\n<li><b>Wbudowane g\u0142o\u015bniki:<\/b> Tak<\/li>\n<li><b>Monta\u017c VESA:<\/b> 100 x 100<\/li>\n<li><b>Wbudowany zasilacz:<\/b> Tak<\/li>\n<\/ul>\n<p>Z\u0142\u0105cza<\/p>\n<ul>\n<li><b>Z\u0142\u0105cza zewn.:<\/b><\/li>\n<li>D-Sub \/ VGA<\/li>\n<li>HDMI<\/li>\n<li>DisplayPort<\/li>\n<li>USB 2.0 x 2<\/li>\n<li>Wyj\u015bcie s\u0142uchawkowe<\/li>\n<li>Wej\u015bcie PC Audio<\/li>\n<\/ul>\n<p>Zu\u017cycie energii<\/p>\n<ul>\n<li><b>Pob\u00f3r energii (podczas pracy):<\/b> 16.00 W<\/li>\n<li><b>Pob\u00f3r energii (tryb czuwania):<\/b> 0.50 W<\/li>\n<\/ul>\n<p>Spe\u0142niane standardy i normy<\/p>\n<ul>\n<li><b>Normy spe\u0142niane przez monitor:<\/b><\/li>\n<li>UL<\/li>\n<li>CB<\/li>\n<li>CE<\/li>\n<li>TCO<\/li>\n<li>ISO-9241<\/li>\n<li>TUV-GS<\/li>\n<li>TUV-EG<\/li>\n<li>GOST<\/li>\n<\/ul>\n<\/section><\/div>\n<\/section>\n<section class=\"section\">\n<div class=\"item item-6\">\n<section class=\"image-item\"><img decoding=\"async\" src=\"https:\/\/upload.cdn.baselinker.com\/products\/6010088\/1c158ca36825e88fc957c8d3ddad02e4.jpg\" \/><\/section>\n<\/p><\/div>\n<div class=\"item item-6\">\n<section class=\"text-item\">\n<p>Fizyczne<\/p>\n<ul>\n<li><b>Kolor obudowy:<\/b> Czarny (Black)<\/li>\n<li><b>Wymiary z podstaw\u0105 [S x W x G] (mm):<\/b> 611,9 x 523,4 x 226,3<\/li>\n<li><b>Wymiary bez podstawy [S x W x G] (mm):<\/b> 611,9 x 364,7 x 55,5<\/li>\n<li><b>Waga z podstaw\u0105 (kg):<\/b> 6.80<\/li>\n<\/ul>\n<p>Pozosta\u0142e parametry<\/p>\n<ul>\n<li><b>Wyposa\u017cenie dodatkowe:<\/b> Power cord, HDMI cable, USB cable<\/li>\n<li><b>Zawiera bateri\u0119 \/ akumulator:<\/b> Nie<\/li>\n<li><b>Informacje dodatkowe:<\/b> Kensington Lock<\/li>\n<\/ul>\n<\/section><\/div>\n<\/section>\n<section class=\"section\">\n<div class=\"item item-12\">\n<section class=\"image-item\"><img decoding=\"async\" src=\"https:\/\/upload.cdn.baselinker.com\/products\/6010088\/4b12ad17af8cb97aadff7e58d17737d9.jpg\" \/><\/section>\n<\/p><\/div>\n<\/section>\n<section class=\"section\">\n<div class=\"item item-6\">\n<section class=\"image-item\"><img decoding=\"async\" src=\"https:\/\/upload.cdn.baselinker.com\/products\/6010088\/b45d5e86822f1b06371fcd51a712ef44.jpg\" \/><\/section>\n<\/p><\/div>\n<div class=\"item item-6\">\n<section class=\"image-item\"><img decoding=\"async\" src=\"https:\/\/upload.cdn.baselinker.com\/products\/6010088\/1c158ca36825e88fc957c8d3ddad02e4.jpg\" \/><\/section>\n<\/p><\/div>\n<\/section>\n<section class=\"section\">\n<div class=\"item item-6\">\n<section class=\"image-item\"><img decoding=\"async\" src=\"https:\/\/upload.cdn.baselinker.com\/products\/6010088\/3037c5ee300df6e1ae08c4906d4942ba.jpg\" \/><\/section>\n<\/p><\/div>\n<div class=\"item item-6\">\n<section class=\"image-item\"><img decoding=\"async\" src=\"https:\/\/upload.cdn.baselinker.com\/products\/6010088\/1321a6598ce11aa38ba8052d63ae6aa6.jpg\" \/><\/section>\n<\/p><\/div>\n<\/section>\n<section class=\"section\">\n<div class=\"item item-12\">\n<section class=\"image-item\"><img decoding=\"async\" src=\"https:\/\/upload.cdn.baselinker.com\/products\/6010088\/3516dfd62a7c79cc1eaefeca636da3ef.jpg\" \/><\/section>\n<\/p><\/div>\n<\/section>\n<\/div>\n<p><!-- .vgblk-rw-wrapper --><\/p>\n","protected":false},"excerpt":{"rendered":"<p>Monitor Asus 27&#8243; Eye Care VA27DQSB VGA HDMI DP 2xUSB g\u0142o\u015bniki Specyfikacja: Wy\u015bwietlacz Przek\u0105tna ekranu: 27.00 cali Typ matrycy: IPS (In-Plane Switching) Technologia pod\u015bwietlania: WLED Format obrazu: 16:9 Wielko\u015b\u0107 plamki: 0.311 mm Czas reakcji matrycy: 5.000 ms Jasno\u015b\u0107 matrycy: 250 cd\/m2 Kontrast statyczny: 1000 :1 Kontrast dynamiczny: 100000000 :1 Rozdzielczo\u015b\u0107 maksymalna: 1920 x 1080 (Full&#8230;<\/p>","protected":false},"featured_media":1839356,"comment_status":"open","ping_status":"closed","template":"","meta":[],"product_brand":[17300],"product_cat":[284,283],"product_tag":[],"class_list":{"0":"post-1839363","1":"product","2":"type-product","3":"status-publish","4":"has-post-thumbnail","6":"product_brand-asus","7":"product_cat-monitory","8":"product_cat-urzadzenia-peryferyjne","10":"first","11":"outofstock","12":"taxable","13":"shipping-taxable","14":"purchasable","15":"product-type-simple"},"_links":{"self":[{"href":"https:\/\/lemonti.pl\/en\/wp-json\/wp\/v2\/product\/1839363","targetHints":{"allow":["GET"]}}],"collection":[{"href":"https:\/\/lemonti.pl\/en\/wp-json\/wp\/v2\/product"}],"about":[{"href":"https:\/\/lemonti.pl\/en\/wp-json\/wp\/v2\/types\/product"}],"replies":[{"embeddable":true,"href":"https:\/\/lemonti.pl\/en\/wp-json\/wp\/v2\/comments?post=1839363"}],"version-history":[{"count":0,"href":"https:\/\/lemonti.pl\/en\/wp-json\/wp\/v2\/product\/1839363\/revisions"}],"wp:featuredmedia":[{"embeddable":true,"href":"https:\/\/lemonti.pl\/en\/wp-json\/wp\/v2\/media\/1839356"}],"wp:attachment":[{"href":"https:\/\/lemonti.pl\/en\/wp-json\/wp\/v2\/media?parent=1839363"}],"wp:term":[{"taxonomy":"product_brand","embeddable":true,"href":"https:\/\/lemonti.pl\/en\/wp-json\/wp\/v2\/product_brand?post=1839363"},{"taxonomy":"product_cat","embeddable":true,"href":"https:\/\/lemonti.pl\/en\/wp-json\/wp\/v2\/product_cat?post=1839363"},{"taxonomy":"product_tag","embeddable":true,"href":"https:\/\/lemonti.pl\/en\/wp-json\/wp\/v2\/product_tag?post=1839363"}],"curies":[{"name":"wp","href":"https:\/\/api.w.org\/{rel}","templated":true}]}}