{"id":1838987,"date":"2026-01-20T15:06:19","date_gmt":"2026-01-20T14:06:19","guid":{"rendered":"https:\/\/lemonti.pl\/sklep\/bez-kategorii\/monitor-msi-27-mag-27cq6f-2xhdmi-dp\/"},"modified":"2026-04-17T09:51:56","modified_gmt":"2026-04-17T07:51:56","slug":"monitor-msi-27-mag-27cq6f-2xhdmi-dp","status":"publish","type":"product","link":"https:\/\/lemonti.pl\/en\/sklep\/urzadzenia-peryferyjne\/monitory\/monitor-msi-27-mag-27cq6f-2xhdmi-dp\/","title":{"rendered":"Monitor MSI 27&#8243; MAG 27CQ6F 2xHDMI DP"},"content":{"rendered":"<div class=\"vgblk-rw-wrapper limit-wrapper\">\n<section class=\"section\">\n<div class=\"item item-12\">\n<section class=\"text-item\">\n<h1>Monitor MSI 27&#8243; MAG 27CQ6F 2xHDMI DP<\/h1>\n<\/section><\/div>\n<\/section>\n<section class=\"section\">\n<div class=\"item item-6\">\n<section class=\"image-item\"><img decoding=\"async\" src=\"https:\/\/upload.cdn.baselinker.com\/products\/6010088\/4ebd3f2d77e9bc4481e9a522e92b162b.jpg\" \/><\/section>\n<\/p><\/div>\n<div class=\"item item-6\">\n<section class=\"text-item\">\n<p><b>Specyfikacja techniczna:<\/b><\/p>\n<ul>\n<li><b>Przek\u0105tna ekranu:<\/b> 27.00 cali<\/li>\n<li><b>Typ matrycy:<\/b> Rapid VA<\/li>\n<li><b>Pow\u0142oka ekranu:<\/b> Antyodblaskowa (Anti-Glare)<\/li>\n<li><b>Format obrazu:<\/b> 16:9<\/li>\n<li><b>Wielko\u015b\u0107 plamki:<\/b> 0.233 mm<\/li>\n<li><b>Czas reakcji matrycy:<\/b> 0.500 ms<\/li>\n<li><b>Jasno\u015b\u0107 matrycy:<\/b> 300 cd\/m2<\/li>\n<li><b>Kontrast statyczny:<\/b> 5000 :1<\/li>\n<li><b>Kontrast dynamiczny:<\/b> 100000000 :1<\/li>\n<li><b>Rozdzielczo\u015b\u0107 maksymalna:<\/b> 2560 x 1440 (QHD)<\/li>\n<li><b>Cz\u0119st. od\u015bw. przy rozdzielczo\u015bci optymalnej (Hz):<\/b> 180<\/li>\n<li><b>Cz\u0119stotliwo\u015b\u0107 odchylania pionowego (Hz):<\/b> 48 &#8211; 180<\/li>\n<li><b>Cz\u0119stotliwo\u015b\u0107 odchylania poziomego (KHz):<\/b> 70,56 &#8211; 266,4<\/li>\n<li><b>Ilo\u015b\u0107 wy\u015bwietlanych kolor\u00f3w:<\/b> 1,07 B (8 bit + FRC)<\/li>\n<li><b>K\u0105t widzenia pionowy (V):<\/b> 178.00 stopni<\/li>\n<li><b>K\u0105t widzenia poziomy (H):<\/b> 178.00 stopni<\/li>\n<li><b>Zakrzywiony ekran:<\/b> Tak<\/li>\n<li><b>Regulacja k\u0105ta nachylenia [Tilt]:<\/b> -5\u00b0 \/ +20\u00b0<\/li>\n<\/ul>\n<\/section><\/div>\n<\/section>\n<section class=\"section\">\n<div class=\"item item-6\">\n<section class=\"image-item\"><img decoding=\"async\" src=\"https:\/\/upload.cdn.baselinker.com\/products\/6010088\/fc141fb320d04d152bf0c38d8fe972ef.jpg\" \/><\/section>\n<\/p><\/div>\n<div class=\"item item-6\">\n<section class=\"text-item\">\n<ul>\n<li><b>Nasycenie kolor\u00f3w:<\/b><\/li>\n<li>105% (sRGB)<\/li>\n<li>80% (Adobe RGB)<\/li>\n<li>80% (DCI-P3)<\/li>\n<li><b>Obs\u0142uga FreeSync:<\/b> Tak<\/li>\n<li><b>Monta\u017c VESA:<\/b> 100 x 100<\/li>\n<li><b>Z\u0142\u0105cza zewn.:<\/b><\/li>\n<li>HDMI x 2<\/li>\n<li>DisplayPort<\/li>\n<li>Wyj\u015bcie s\u0142uchawkowe<\/li>\n<li>Kensington Lock<\/li>\n<li><b>Normy spe\u0142niane przez monitor:<\/b> AMD FreeSync<\/li>\n<li><b>Krzywizna ekranu: <\/b>1500R<\/li>\n<li><b>Kolor obudowy:<\/b> Czarny (Black)<\/li>\n<li><b>Wymiary z podstaw\u0105 [S x W x G] (mm):<\/b> 610 x 250 x 451,6<\/li>\n<li><b>Wymiary bez podstawy [S x W x G] (mm):<\/b> 610 x 90,4 x 362,5<\/li>\n<li><b>Waga z podstaw\u0105 (kg):<\/b> 3.95<\/li>\n<li><b>Zawiera bateri\u0119 \/ akumulator:<\/b> Nie<\/li>\n<\/ul>\n<\/section><\/div>\n<\/section>\n<section class=\"section\">\n<div class=\"item item-6\">\n<section class=\"image-item\"><img decoding=\"async\" src=\"https:\/\/upload.cdn.baselinker.com\/products\/6010088\/866f0c429efbb93b2693b56ff0ec4c6b.jpg\" \/><\/section>\n<\/p><\/div>\n<div class=\"item item-6\">\n<section class=\"image-item\"><img decoding=\"async\" src=\"https:\/\/upload.cdn.baselinker.com\/products\/6010088\/5d9985b3f159ef792b173730e27bbef0.jpg\" \/><\/section>\n<\/p><\/div>\n<\/section>\n<section class=\"section\">\n<div class=\"item item-6\">\n<section class=\"image-item\"><img decoding=\"async\" src=\"https:\/\/upload.cdn.baselinker.com\/products\/6010088\/2b8c82d7c701c6145d5d5d6c66b2af49.jpg\" \/><\/section>\n<\/p><\/div>\n<div class=\"item item-6\">\n<section class=\"image-item\"><img decoding=\"async\" src=\"https:\/\/upload.cdn.baselinker.com\/products\/6010088\/028bb1ff4fec3c7d0b0077b3e37ae754.jpg\" \/><\/section>\n<\/p><\/div>\n<\/section>\n<\/div>\n<p><!-- .vgblk-rw-wrapper --><\/p>\n","protected":false},"excerpt":{"rendered":"<p>Monitor MSI 27&#8243; MAG 27CQ6F 2xHDMI DP Specyfikacja techniczna: Przek\u0105tna ekranu: 27.00 cali Typ matrycy: Rapid VA Pow\u0142oka ekranu: Antyodblaskowa (Anti-Glare) Format obrazu: 16:9 Wielko\u015b\u0107 plamki: 0.233 mm Czas reakcji matrycy: 0.500 ms Jasno\u015b\u0107 matrycy: 300 cd\/m2 Kontrast statyczny: 5000 :1 Kontrast dynamiczny: 100000000 :1 Rozdzielczo\u015b\u0107 maksymalna: 2560 x 1440 (QHD) Cz\u0119st. od\u015bw. przy rozdzielczo\u015bci&#8230;<\/p>","protected":false},"featured_media":1838969,"comment_status":"open","ping_status":"closed","template":"","meta":[],"product_brand":[17145],"product_cat":[284,283],"product_tag":[],"class_list":{"0":"post-1838987","1":"product","2":"type-product","3":"status-publish","4":"has-post-thumbnail","6":"product_brand-msi","7":"product_cat-monitory","8":"product_cat-urzadzenia-peryferyjne","10":"first","11":"outofstock","12":"taxable","13":"shipping-taxable","14":"purchasable","15":"product-type-simple"},"_links":{"self":[{"href":"https:\/\/lemonti.pl\/en\/wp-json\/wp\/v2\/product\/1838987","targetHints":{"allow":["GET"]}}],"collection":[{"href":"https:\/\/lemonti.pl\/en\/wp-json\/wp\/v2\/product"}],"about":[{"href":"https:\/\/lemonti.pl\/en\/wp-json\/wp\/v2\/types\/product"}],"replies":[{"embeddable":true,"href":"https:\/\/lemonti.pl\/en\/wp-json\/wp\/v2\/comments?post=1838987"}],"version-history":[{"count":0,"href":"https:\/\/lemonti.pl\/en\/wp-json\/wp\/v2\/product\/1838987\/revisions"}],"wp:featuredmedia":[{"embeddable":true,"href":"https:\/\/lemonti.pl\/en\/wp-json\/wp\/v2\/media\/1838969"}],"wp:attachment":[{"href":"https:\/\/lemonti.pl\/en\/wp-json\/wp\/v2\/media?parent=1838987"}],"wp:term":[{"taxonomy":"product_brand","embeddable":true,"href":"https:\/\/lemonti.pl\/en\/wp-json\/wp\/v2\/product_brand?post=1838987"},{"taxonomy":"product_cat","embeddable":true,"href":"https:\/\/lemonti.pl\/en\/wp-json\/wp\/v2\/product_cat?post=1838987"},{"taxonomy":"product_tag","embeddable":true,"href":"https:\/\/lemonti.pl\/en\/wp-json\/wp\/v2\/product_tag?post=1838987"}],"curies":[{"name":"wp","href":"https:\/\/api.w.org\/{rel}","templated":true}]}}