{"id":1838928,"date":"2026-01-20T15:05:52","date_gmt":"2026-01-20T14:05:52","guid":{"rendered":"https:\/\/lemonti.pl\/sklep\/bez-kategorii\/monitor-asus-238-be24eqk-vga-hdmi-dp-glosniki\/"},"modified":"2026-04-20T10:07:45","modified_gmt":"2026-04-20T08:07:45","slug":"monitor-asus-238-be24eqk-vga-hdmi-dp-glosniki","status":"publish","type":"product","link":"https:\/\/lemonti.pl\/en\/sklep\/urzadzenia-peryferyjne\/monitory\/monitor-asus-238-be24eqk-vga-hdmi-dp-glosniki\/","title":{"rendered":"Monitor Asus 23,8&#8243; BE24EQK VGA HDMI DP g\u0142o\u015bniki"},"content":{"rendered":"<div class=\"vgblk-rw-wrapper limit-wrapper\">\n<section class=\"section\">\n<div class=\"item item-12\">\n<section class=\"text-item\">\n<h1>Monitor Asus 23,8&#8243; BE24EQK VGA HDMI DP g\u0142o\u015bniki<\/h1>\n<\/section><\/div>\n<\/section>\n<section class=\"section\">\n<div class=\"item item-6\">\n<section class=\"image-item\"><img decoding=\"async\" src=\"https:\/\/upload.cdn.baselinker.com\/products\/6010088\/936f78e4938547dd46761dde87885ca8.jpg\" \/><\/section>\n<\/p><\/div>\n<div class=\"item item-6\">\n<section class=\"text-item\">\n<p><b>Specyfikacja techniczna:<\/b><\/p>\n<ul>\n<li><b>Przek\u0105tna ekranu:<\/b> 23.80 cali<\/li>\n<li><b>Typ matrycy:<\/b> IPS (In-Plane Switching)<\/li>\n<li><b>Technologia pod\u015bwietlania:<\/b> WLED<\/li>\n<li><b>Format obrazu:<\/b> 16:9<\/li>\n<li><b>Wielko\u015b\u0107 plamki:<\/b> 0.275 mm<\/li>\n<li><b>Czas reakcji matrycy:<\/b> 5.000 ms<\/li>\n<li><b>Jasno\u015b\u0107 matrycy:<\/b> 300 cd\/m2<\/li>\n<li><b>Kontrast statyczny:<\/b> 1000 :1<\/li>\n<li><b>Kontrast dynamiczny:<\/b> 100000000 :1<\/li>\n<li><b>Rozdzielczo\u015b\u0107 maksymalna:<\/b> 1920 x 1080 (Full HD)<\/li>\n<li><b>Cz\u0119st. od\u015bw. przy rozdzielczo\u015bci optymalnej (Hz):<\/b> 60<\/li>\n<li><b>Cz\u0119stotliwo\u015b\u0107 odchylania pionowego (Hz):<\/b> 50~76 Hz<\/li>\n<li><b>Cz\u0119stotliwo\u015b\u0107 odchylania poziomego (KHz):<\/b> 30~83 KHz<\/li>\n<li><b>Ilo\u015b\u0107 wy\u015bwietlanych kolor\u00f3w:<\/b> 16,7 M (8-bitowy)<\/li>\n<li><b>K\u0105t widzenia pionowy (V):<\/b> 178.00 stopni<\/li>\n<li><b>K\u0105t widzenia poziomy (H):<\/b> 178.00 stopni<\/li>\n<li><b>Zakrzywiony ekran:<\/b> Nie<\/li>\n<li><b>Regulacja k\u0105ta nachylenia [Tilt]:<\/b> -5\u00b0 \/ +20\u00b0<\/li>\n<li><b>Nasycenie kolor\u00f3w:<\/b> 72% (NTSC)<\/li>\n<li><b>Touch:<\/b> Nie<\/li>\n<\/ul>\n<\/section><\/div>\n<\/section>\n<section class=\"section\">\n<div class=\"item item-6\">\n<section class=\"image-item\"><img decoding=\"async\" src=\"https:\/\/upload.cdn.baselinker.com\/products\/6010088\/b00ebb7781aec56c8055fa50dcfdbd92.jpg\" \/><\/section>\n<\/p><\/div>\n<div class=\"item item-6\">\n<section class=\"text-item\">\n<ul>\n<li><b>Wbudowane g\u0142o\u015bniki:<\/b> 2 x 2W<\/li>\n<li><b>Monta\u017c VESA:<\/b> 100 x 100<\/li>\n<li><b>Wbudowany zasilacz:<\/b> Tak<\/li>\n<li><b>Dodatki multimedialne:<\/b> Kamera<\/li>\n<li><b>Z\u0142\u0105cza zewn.:<\/b><\/li>\n<li>D-Sub \/ VGA<\/li>\n<li>HDMI<\/li>\n<li>DisplayPort<\/li>\n<li>Wej\u015bcie mini-jack 3.5mm<\/li>\n<li>Wyj\u015bcie s\u0142uchawkowe<\/li>\n<li><b>Pob\u00f3r energii (podczas pracy):<\/b><\/li>\n<li>15.00 W<\/li>\n<li>0.50 W<\/li>\n<li><b>Klasa energetyczna:<\/b> F<\/li>\n<li><b>Normy spe\u0142niane przez monitor:<\/b><\/li>\n<li>UL<\/li>\n<li>CB<\/li>\n<li>CE<\/li>\n<li><b>Kolor obudowy:<\/b> Czarny (Black)<\/li>\n<li><b>Wymiary z podstaw\u0105 [S x W x G] (mm):<\/b> 540 x 426 x 195<\/li>\n<li><b>Wymiary bez podstawy [S x W x G] (mm):<\/b> 540 x 355 x 53<\/li>\n<li><b>Waga z podstaw\u0105 (kg):<\/b> 4.60<\/li>\n<li><b>Wyposa\u017cenie dodatkowe:<\/b> Cables: HDMI, USB, Power<\/li>\n<li><b>Zawiera bateri\u0119 \/ akumulator:<\/b> Nie<\/li>\n<li><b>Informacje dodatkowe:<\/b> Zamek Kensington<\/li>\n<\/ul>\n<\/section><\/div>\n<\/section>\n<section class=\"section\">\n<div class=\"item item-6\">\n<section class=\"image-item\"><img decoding=\"async\" src=\"https:\/\/upload.cdn.baselinker.com\/products\/6010088\/36e17b69db0dcefaaf5d18cbf3d845f9.jpg\" \/><\/section>\n<\/p><\/div>\n<div class=\"item item-6\">\n<section class=\"image-item\"><img decoding=\"async\" src=\"https:\/\/upload.cdn.baselinker.com\/products\/6010088\/05a3b271a8a7bd33f81068e8431a6c40.jpg\" \/><\/section>\n<\/p><\/div>\n<\/section>\n<\/div>\n<p><!-- .vgblk-rw-wrapper --><\/p>\n","protected":false},"excerpt":{"rendered":"<p>Monitor Asus 23,8&#8243; BE24EQK VGA HDMI DP g\u0142o\u015bniki Specyfikacja techniczna: Przek\u0105tna ekranu: 23.80 cali Typ matrycy: IPS (In-Plane Switching) Technologia pod\u015bwietlania: WLED Format obrazu: 16:9 Wielko\u015b\u0107 plamki: 0.275 mm Czas reakcji matrycy: 5.000 ms Jasno\u015b\u0107 matrycy: 300 cd\/m2 Kontrast statyczny: 1000 :1 Kontrast dynamiczny: 100000000 :1 Rozdzielczo\u015b\u0107 maksymalna: 1920 x 1080 (Full HD) Cz\u0119st. od\u015bw&#8230;.<\/p>","protected":false},"featured_media":1838923,"comment_status":"open","ping_status":"closed","template":"","meta":[],"product_brand":[17300],"product_cat":[284,283],"product_tag":[],"class_list":{"0":"post-1838928","1":"product","2":"type-product","3":"status-publish","4":"has-post-thumbnail","6":"product_brand-asus","7":"product_cat-monitory","8":"product_cat-urzadzenia-peryferyjne","10":"first","11":"outofstock","12":"taxable","13":"shipping-taxable","14":"purchasable","15":"product-type-simple"},"_links":{"self":[{"href":"https:\/\/lemonti.pl\/en\/wp-json\/wp\/v2\/product\/1838928","targetHints":{"allow":["GET"]}}],"collection":[{"href":"https:\/\/lemonti.pl\/en\/wp-json\/wp\/v2\/product"}],"about":[{"href":"https:\/\/lemonti.pl\/en\/wp-json\/wp\/v2\/types\/product"}],"replies":[{"embeddable":true,"href":"https:\/\/lemonti.pl\/en\/wp-json\/wp\/v2\/comments?post=1838928"}],"version-history":[{"count":0,"href":"https:\/\/lemonti.pl\/en\/wp-json\/wp\/v2\/product\/1838928\/revisions"}],"wp:featuredmedia":[{"embeddable":true,"href":"https:\/\/lemonti.pl\/en\/wp-json\/wp\/v2\/media\/1838923"}],"wp:attachment":[{"href":"https:\/\/lemonti.pl\/en\/wp-json\/wp\/v2\/media?parent=1838928"}],"wp:term":[{"taxonomy":"product_brand","embeddable":true,"href":"https:\/\/lemonti.pl\/en\/wp-json\/wp\/v2\/product_brand?post=1838928"},{"taxonomy":"product_cat","embeddable":true,"href":"https:\/\/lemonti.pl\/en\/wp-json\/wp\/v2\/product_cat?post=1838928"},{"taxonomy":"product_tag","embeddable":true,"href":"https:\/\/lemonti.pl\/en\/wp-json\/wp\/v2\/product_tag?post=1838928"}],"curies":[{"name":"wp","href":"https:\/\/api.w.org\/{rel}","templated":true}]}}