{"id":1838578,"date":"2026-01-20T14:58:15","date_gmt":"2026-01-20T13:58:15","guid":{"rendered":"https:\/\/lemonti.pl\/sklep\/bez-kategorii\/karta-vga-gigabyte-radeon-rx-7600-gaming-oc-8g-8gb-gddr6-128bit-2xhdmi2xdp-pcie4-0\/"},"modified":"2026-04-16T19:00:44","modified_gmt":"2026-04-16T17:00:44","slug":"karta-vga-gigabyte-radeon-rx-7600-gaming-oc-8g-8gb-gddr6-128bit-2xhdmi2xdp-pcie4-0","status":"publish","type":"product","link":"https:\/\/lemonti.pl\/en\/sklep\/podzespoly-komputerowe\/karty-graficzne\/karty-graficzne-amd\/karta-vga-gigabyte-radeon-rx-7600-gaming-oc-8g-8gb-gddr6-128bit-2xhdmi2xdp-pcie4-0\/","title":{"rendered":"Karta VGA Gigabyte Radeon RX 7600 GAMING OC 8G 8GB GDDR6 128bit 2xHDMI+2xDP PCIe4.0"},"content":{"rendered":"<div class=\"vgblk-rw-wrapper limit-wrapper\">\n<section class=\"section\">\n<div class=\"item item-12\">\n<section class=\"text-item\">\n<h1>Karta graficzna Gigabyte Radeon RX 7600 Gaming OC 8GB GDDR6<\/h1>\n<\/section><\/div>\n<\/section>\n<section class=\"section\">\n<div class=\"item item-6\">\n<section class=\"image-item\"><img decoding=\"async\" src=\"https:\/\/upload.cdn.baselinker.com\/products\/6010088\/0f4782ce79b9dd5760a447aa54e6e963.jpg\" \/><\/section>\n<\/p><\/div>\n<div class=\"item item-6\">\n<section class=\"text-item\">\n<p>Techniczne<\/p>\n<ul>\n<li><b>Chipset karty graficznej (GPU):<\/b> AMD Radeon RX 7600<\/li>\n<li><b>Liczba rdzeni CUDA \/ procesor\u00f3w strumieniowych:<\/b> 2048<\/li>\n<li><b>Cz\u0119stotliwo\u015b\u0107 taktowania GPU podwy\u017cszona:<\/b> 2755 MHz<\/li>\n<li><b>Fabryczne przetaktowanie GPU:<\/b> Tak<\/li>\n<li><b>Ilo\u015b\u0107 jednocze\u015bnie obs\u0142ugiwanych monitor\u00f3w:<\/b> 4<\/li>\n<li><b>Maksymalna rozdzielczo\u015b\u0107 w trybie cyfrowym:<\/b> 7680 x 4320<\/li>\n<li><b>Rodzaj ch\u0142odzenia:<\/b> Aktywne (wentylator+radiator)<\/li>\n<li><b>Minimalna moc zasilacza:<\/b> 550 W<\/li>\n<\/ul>\n<p>Pami\u0119\u0107<\/p>\n<ul>\n<li><b>Pami\u0119\u0107 zainstalowana (GB):<\/b> 8<\/li>\n<li><b>Typ pami\u0119ci:<\/b> GDDR6<\/li>\n<li><b>Interfejs pami\u0119ci:<\/b> 128 bit<\/li>\n<li><b>Maksymalna przepustowo\u015b\u0107 pami\u0119ci:<\/b> 288.00 GB\/s<\/li>\n<\/ul>\n<p>Z\u0142\u0105cza<\/p>\n<ul>\n<li><b>Typ z\u0142\u0105cza karty:<\/b> PCI Express 4.0<\/li>\n<li><b>Wyj\u015bcie HDMI:<\/b> 2x HDMI<\/li>\n<li><b>Wyj\u015bcie DisplayPort:<\/b> 2x DisplayPort<\/li>\n<\/ul>\n<p>Pozosta\u0142e parametry<\/p>\n<ul>\n<li><b>Obs\u0142uga DirectX (wersja):<\/b> DirectX 12 Ultimate<\/li>\n<li><b>Obs\u0142uga OpenGL (wersja):<\/b> OpenGL 4.6<\/li>\n<li><b>Wyposa\u017cenie dodatkowe:<\/b> Szybki przewodnik<\/li>\n<li><b>Informacje dodatkowe:<\/b> Z\u0142\u0105cze zasilania: 8-pin x1<\/li>\n<\/ul>\n<\/section><\/div>\n<\/section>\n<section class=\"section\">\n<div class=\"item item-6\">\n<section class=\"image-item\"><img decoding=\"async\" src=\"https:\/\/upload.cdn.baselinker.com\/products\/6010088\/49a66b189411f3de5e5d9d463e92a44e.jpg\" \/><\/section>\n<\/p><\/div>\n<div class=\"item item-6\">\n<section class=\"image-item\"><img decoding=\"async\" src=\"https:\/\/upload.cdn.baselinker.com\/products\/6010088\/c006ceb0010eb15682b84c4b8a4440de.jpg\" \/><\/section>\n<\/p><\/div>\n<\/section>\n<section class=\"section\">\n<div class=\"item item-6\">\n<section class=\"image-item\"><img decoding=\"async\" src=\"https:\/\/upload.cdn.baselinker.com\/products\/6010088\/ec65205cd4dbb2384a360ca8d03c28de.jpg\" \/><\/section>\n<\/p><\/div>\n<div class=\"item item-6\">\n<section class=\"image-item\"><img decoding=\"async\" src=\"https:\/\/upload.cdn.baselinker.com\/products\/6010088\/0d5ce27b95cd2190b1e32f27f0d700cd.jpg\" \/><\/section>\n<\/p><\/div>\n<\/section>\n<\/div>\n<p><!-- .vgblk-rw-wrapper --><\/p>","protected":false},"excerpt":{"rendered":"<p>Karta graficzna Gigabyte Radeon RX 7600 Gaming OC 8GB GDDR6 Techniczne Chipset karty graficznej (GPU): AMD Radeon RX 7600 Liczba rdzeni CUDA \/ procesor\u00f3w strumieniowych: 2048 Cz\u0119stotliwo\u015b\u0107 taktowania GPU podwy\u017cszona: 2755 MHz Fabryczne przetaktowanie GPU: Tak Ilo\u015b\u0107 jednocze\u015bnie obs\u0142ugiwanych monitor\u00f3w: 4 Maksymalna rozdzielczo\u015b\u0107 w trybie cyfrowym: 7680 x 4320 Rodzaj ch\u0142odzenia: Aktywne (wentylator+radiator) Minimalna moc&#8230;<\/p>","protected":false},"featured_media":1838565,"comment_status":"open","ping_status":"closed","template":"","meta":[],"product_brand":[17171],"product_cat":[248,261,246],"product_tag":[],"class_list":{"0":"post-1838578","1":"product","2":"type-product","3":"status-publish","4":"has-post-thumbnail","6":"product_brand-gigabyte","7":"product_cat-karty-graficzne","8":"product_cat-karty-graficzne-amd","9":"product_cat-podzespoly-komputerowe","11":"first","12":"instock","13":"taxable","14":"shipping-taxable","15":"purchasable","16":"product-type-simple"},"_links":{"self":[{"href":"https:\/\/lemonti.pl\/en\/wp-json\/wp\/v2\/product\/1838578","targetHints":{"allow":["GET"]}}],"collection":[{"href":"https:\/\/lemonti.pl\/en\/wp-json\/wp\/v2\/product"}],"about":[{"href":"https:\/\/lemonti.pl\/en\/wp-json\/wp\/v2\/types\/product"}],"replies":[{"embeddable":true,"href":"https:\/\/lemonti.pl\/en\/wp-json\/wp\/v2\/comments?post=1838578"}],"version-history":[{"count":0,"href":"https:\/\/lemonti.pl\/en\/wp-json\/wp\/v2\/product\/1838578\/revisions"}],"wp:featuredmedia":[{"embeddable":true,"href":"https:\/\/lemonti.pl\/en\/wp-json\/wp\/v2\/media\/1838565"}],"wp:attachment":[{"href":"https:\/\/lemonti.pl\/en\/wp-json\/wp\/v2\/media?parent=1838578"}],"wp:term":[{"taxonomy":"product_brand","embeddable":true,"href":"https:\/\/lemonti.pl\/en\/wp-json\/wp\/v2\/product_brand?post=1838578"},{"taxonomy":"product_cat","embeddable":true,"href":"https:\/\/lemonti.pl\/en\/wp-json\/wp\/v2\/product_cat?post=1838578"},{"taxonomy":"product_tag","embeddable":true,"href":"https:\/\/lemonti.pl\/en\/wp-json\/wp\/v2\/product_tag?post=1838578"}],"curies":[{"name":"wp","href":"https:\/\/api.w.org\/{rel}","templated":true}]}}