{"id":1838416,"date":"2026-01-20T14:55:56","date_gmt":"2026-01-20T13:55:56","guid":{"rendered":"https:\/\/lemonti.pl\/sklep\/bez-kategorii\/procesor-amd-ryzen-5-3400g-s-am4-3-70-4-20ghz-box\/"},"modified":"2026-02-25T11:52:12","modified_gmt":"2026-02-25T10:52:12","slug":"procesor-amd-ryzen-5-3400g-s-am4-3-70-4-20ghz-box","status":"publish","type":"product","link":"https:\/\/lemonti.pl\/en\/sklep\/podzespoly-komputerowe\/procesory\/procesory-amd\/procesor-amd-ryzen-5-3400g-s-am4-3-70-4-20ghz-box\/","title":{"rendered":"Procesor AMD Ryzen 5 3400G S-AM4 3.70\/4.20GHz BOX"},"content":{"rendered":"<div class=\"vgblk-rw-wrapper limit-wrapper\">\n<section class=\"section\">\n<div class=\"item item-12\">\n<section class=\"text-item\">\n<h1>Procesor AMD Ryzen 5 3400G S-AM4 3.70\/4.20GHz BOX<\/h1>\n<p><b>Producent:<\/b> <b>AMD<\/b><\/p>\n<\/section><\/div>\n<\/section>\n<section class=\"section\">\n<div class=\"item item-6\">\n<section class=\"text-item\">\n<h2>Specyfikacja:<\/h2>\n<ul>\n<li><b>Typ procesora:<\/b> AMD Ryzen 5<\/li>\n<li><b>Proces technologiczny:<\/b> 12 nm<\/li>\n<li><b>Gniazdo procesora:<\/b> Socket AM4 (1331)<\/li>\n<li><b>Cz\u0119stotliwo\u015b\u0107 taktowania CPU:<\/b> 3700 MHz<\/li>\n<li><b>Cz\u0119stotliwo\u015b\u0107 taktowania CPU podwy\u017cszona (Turbo):<\/b> 4200 MHz<\/li>\n<li><b>Pami\u0119\u0107 Cache L2:<\/b> 2 MB<\/li>\n<li><b>Pami\u0119\u0107 Cache L3:<\/b> 4 MB<\/li>\n<li><b>Liczba rdzeni procesora:<\/b> 4<\/li>\n<li><b>Liczba obs\u0142ugiwanych w\u0105tk\u00f3w:<\/b> 8<\/li>\n<li><b>Obs\u0142uga Hyper Threading:<\/b> Tak<\/li>\n<li><b>Karta graficzna zintegrowana z procesorem:<\/b> AMD Radeon RX Vega 11<\/li>\n<li><b>Maksymalny pob\u00f3r mocy (TDP):<\/b> 65.0 W<\/li>\n<li><b>Instrukcje multimedialne:<\/b><\/li>\n<li><b>Opakowanie:<\/b> BOX<\/li>\n<li><b>Cechy:<\/b> Ryzen 5 3400G;4200MHz<\/li>\n<li><b>Informacje dodatkowe:<\/b><\/li>\n<li>&#8211; Ca\u0142kowita pami\u0119\u0107 L1: 384 KB<\/li>\n<li>&#8211; Wersja PCI Express\u00ae: PCIe 3.0 x8<\/li>\n<li>&#8211; Maks. taktowanie pami\u0119ci systemowej: 2933 MHz<\/li>\n<li>&#8211; Cz\u0119stotliwo\u015b\u0107 taktowania GPU: 1400 MHz<\/li>\n<li>&#8211; Model GPU: Radeon\u2122 RX Vega 11 Graphics<\/li>\n<\/ul>\n<\/section><\/div>\n<div class=\"item item-6\">\n<section class=\"image-item\"><img decoding=\"async\" src=\"https:\/\/upload.cdn.baselinker.com\/products\/6010088\/692931281f257903c86ae18b4401d98f.jpg\" \/><\/section>\n<\/p><\/div>\n<\/section>\n<\/div>\n<p><!-- .vgblk-rw-wrapper --><\/p>","protected":false},"excerpt":{"rendered":"<p>Procesor AMD Ryzen 5 3400G S-AM4 3.70\/4.20GHz BOX Producent: AMD Specyfikacja: Typ procesora: AMD Ryzen 5 Proces technologiczny: 12 nm Gniazdo procesora: Socket AM4 (1331) Cz\u0119stotliwo\u015b\u0107 taktowania CPU: 3700 MHz Cz\u0119stotliwo\u015b\u0107 taktowania CPU podwy\u017cszona (Turbo): 4200 MHz Pami\u0119\u0107 Cache L2: 2 MB Pami\u0119\u0107 Cache L3: 4 MB Liczba rdzeni procesora: 4 Liczba obs\u0142ugiwanych w\u0105tk\u00f3w: 8&#8230;<\/p>","protected":false},"featured_media":1838415,"comment_status":"open","ping_status":"closed","template":"","meta":[],"product_brand":[17172],"product_cat":[246,249,266],"product_tag":[],"class_list":{"0":"post-1838416","1":"product","2":"type-product","3":"status-publish","4":"has-post-thumbnail","6":"product_brand-amd","7":"product_cat-podzespoly-komputerowe","8":"product_cat-procesory","9":"product_cat-procesory-amd","11":"first","12":"outofstock","13":"taxable","14":"shipping-taxable","15":"purchasable","16":"product-type-simple"},"_links":{"self":[{"href":"https:\/\/lemonti.pl\/en\/wp-json\/wp\/v2\/product\/1838416","targetHints":{"allow":["GET"]}}],"collection":[{"href":"https:\/\/lemonti.pl\/en\/wp-json\/wp\/v2\/product"}],"about":[{"href":"https:\/\/lemonti.pl\/en\/wp-json\/wp\/v2\/types\/product"}],"replies":[{"embeddable":true,"href":"https:\/\/lemonti.pl\/en\/wp-json\/wp\/v2\/comments?post=1838416"}],"version-history":[{"count":0,"href":"https:\/\/lemonti.pl\/en\/wp-json\/wp\/v2\/product\/1838416\/revisions"}],"wp:featuredmedia":[{"embeddable":true,"href":"https:\/\/lemonti.pl\/en\/wp-json\/wp\/v2\/media\/1838415"}],"wp:attachment":[{"href":"https:\/\/lemonti.pl\/en\/wp-json\/wp\/v2\/media?parent=1838416"}],"wp:term":[{"taxonomy":"product_brand","embeddable":true,"href":"https:\/\/lemonti.pl\/en\/wp-json\/wp\/v2\/product_brand?post=1838416"},{"taxonomy":"product_cat","embeddable":true,"href":"https:\/\/lemonti.pl\/en\/wp-json\/wp\/v2\/product_cat?post=1838416"},{"taxonomy":"product_tag","embeddable":true,"href":"https:\/\/lemonti.pl\/en\/wp-json\/wp\/v2\/product_tag?post=1838416"}],"curies":[{"name":"wp","href":"https:\/\/api.w.org\/{rel}","templated":true}]}}