{"id":1836000,"date":"2026-01-20T12:47:12","date_gmt":"2026-01-20T11:47:12","guid":{"rendered":"https:\/\/lemonti.pl\/sklep\/bez-kategorii\/plyta-gigabyte-b650m-a-elite-ax-ice-amd-b650-ddr5-sata3-m-2-usb3-2-pcie5-0-wifi-bt-am5-matx\/"},"modified":"2026-04-17T11:21:05","modified_gmt":"2026-04-17T09:21:05","slug":"plyta-gigabyte-b650m-a-elite-ax-ice-amd-b650-ddr5-sata3-m-2-usb3-2-pcie5-0-wifi-bt-am5-matx","status":"publish","type":"product","link":"https:\/\/lemonti.pl\/en\/sklep\/podzespoly-komputerowe\/plyty-glowne\/plyty-glowne-am5\/plyta-gigabyte-b650m-a-elite-ax-ice-amd-b650-ddr5-sata3-m-2-usb3-2-pcie5-0-wifi-bt-am5-matx\/","title":{"rendered":"P\u0142yta Gigabyte B650M A ELITE AX ICE \/AMD B650\/DDR5\/SATA3\/M.2\/USB3.2\/PCIe5.0\/WiFi\/BT\/AM5\/mATX"},"content":{"rendered":"<div class=\"vgblk-rw-wrapper limit-wrapper\">\n<section class=\"section\">\n<div class=\"item item-12\">\n<section class=\"text-item\">\n<h1>P\u0142yta Gigabyte B650M A ELITE AX ICE<\/h1>\n<h1>AMD B650 DDR5 SATA3 M.2 USB3.2 PCIe5.0 WiFi BT AM5 mATX<\/h1>\n<\/section><\/div>\n<\/section>\n<section class=\"section\">\n<div class=\"item item-6\">\n<section class=\"image-item\"><img decoding=\"async\" src=\"https:\/\/upload.cdn.baselinker.com\/products\/6010088\/df6aea645d1652fb6a6c8d88de54092d.jpg\" \/><\/section>\n<\/p><\/div>\n<div class=\"item item-6\">\n<section class=\"text-item\">\n<h2>Specyfikacja:<\/h2>\n<p>Pami\u0119\u0107<\/p>\n<ul>\n<li><b>Ilo\u015b\u0107 z\u0142\u0105cz pami\u0119ci DDR5:<\/b> 4<\/li>\n<li><b>Maksymalna wielko\u015b\u0107 pami\u0119ci:<\/b> 256 GB<\/li>\n<li><b>Tryb pracy pami\u0119ci RAM:<\/b> Dual Channel<\/li>\n<li><b>Standard pami\u0119ci:<\/b><\/li>\n<li>DDR5-4800<\/li>\n<li>DDR5-5200<\/li>\n<li>DDR5-5600 (OC)<\/li>\n<li>DDR5-6000 (OC)<\/li>\n<li>DDR5-6200 (OC)<\/li>\n<li>DDR5-6400 (OC)<\/li>\n<li>DDR5-6600 (OC)<\/li>\n<li>DDR5-6800 (OC)<\/li>\n<li>DDR5-7000 (OC)<\/li>\n<li>DDR5-7200 (OC)<\/li>\n<li>DDR5-7600 (OC)<\/li>\n<li>DDR5-7800 (OC)<\/li>\n<li>DDR5-8000 (OC)<\/li>\n<li><b>Uwagi do pami\u0119ci RAM:<\/b><\/li>\n<li>Support for non-ECC Un-buffered DIMM 1Rx8\/2Rx8\/1Rx16 memory modules<\/li>\n<li>Support for AMD EXtended Profiles for Overclocking (AMD EXPO\u2122) and<\/li>\n<li>Extreme Memory Profile (XMP) memory modules<\/li>\n<\/ul>\n<\/section><\/div>\n<\/section>\n<section class=\"section\">\n<div class=\"item item-6\">\n<section class=\"image-item\"><img decoding=\"async\" src=\"https:\/\/upload.cdn.baselinker.com\/products\/6010088\/3394e6af9062ecaefc732cced1a14aea.jpg\" \/><\/section>\n<\/p><\/div>\n<div class=\"item item-6\">\n<section class=\"text-item\">\n<p>Grafika<\/p>\n<ul>\n<li><b>Wbudowana karta graficzna:<\/b> Brak lub AMD Radeon\u2122 Graphics (zale\u017cy od procesora)<\/li>\n<li><b>Gniazda karty graficznej:<\/b><\/li>\n<li>HDMI<\/li>\n<li>DisplayPort<\/li>\n<li><b>Uwagi do karty graficznej:<\/b><\/li>\n<li>Integrated Graphics Processor:<\/li>\n<li>&#8211; 1 x DisplayPort, supporting a maximum resolution of 3840&#215;2160@144 Hz<\/li>\n<li>Support for DisplayPort 1.4 version and HDR.<\/li>\n<li>&#8211; 1 x HDMI port, supporting a maximum resolution of 4096&#215;2160@60 Hz<\/li>\n<li>Support for HDMI 2.1 version and HDCP 2.3<\/li>\n<li>Support for native HDMI 2.1 TMDS compatible ports<\/li>\n<\/ul>\n<p>D\u017awi\u0119k<\/p>\n<ul>\n<li><b>Zintegrowana karta d\u017awi\u0119kowa:<\/b> Realtek\u00ae HD Audio CODEC<\/li>\n<li><b>Gniazda karty d\u017awi\u0119kowej:<\/b><\/li>\n<li>2x Audio Jack<\/li>\n<li>Wewn\u0119trzne gniazdo audio przedniego panelu<\/li>\n<li>Wewn\u0119trzne gniazdo S\/PDIF Out<\/li>\n<li><b>Uwagi do karty d\u017awi\u0119kowej:<\/b><\/li>\n<li>Ilo\u015b\u0107 kana\u0142\u00f3w audio 2\/4\/5.1\/7.1<\/li>\n<li>You can change the functionality of an audio jack using the audio software.<\/li>\n<li>To configure 7.1-channel audio, access the audio software for audio settings<\/li>\n<\/ul>\n<\/section><\/div>\n<\/section>\n<section class=\"section\">\n<div class=\"item item-6\">\n<section class=\"image-item\"><img decoding=\"async\" src=\"https:\/\/upload.cdn.baselinker.com\/products\/6010088\/d3d2357d8b98d1ecb4e16e85aafdfae6.jpg\" \/><\/section>\n<\/p><\/div>\n<div class=\"item item-6\">\n<section class=\"text-item\">\n<p>\u0141\u0105czno\u015b\u0107 \/ komunikacja<\/p>\n<ul>\n<li><b>Port LAN:<\/b> 1x 2,5 Gigabit LAN 100\/1000\/2500 Mb\/s (Realtek\u00ae)<\/li>\n<li><b>Maksymalna ilo\u015b\u0107 port\u00f3w USB 2.0:<\/b> 8<\/li>\n<li><b>Maksymalna ilo\u015b\u0107 port\u00f3w USB 3.x:<\/b> 11<\/li>\n<li><b>Porty USB na panelu tylnym:<\/b> 4x USB 2.0 + 5x USB 3.0 + 2x USB 3.1 + 1x USB 3.1 Type-C<\/li>\n<li><b>Gniazda USB na p\u0142ycie g\u0142\u00f3wnej:<\/b> 2x USB 2.0 (2 porty) + 1x USB 3.0 (2 porty) + 1x USB 3.2 Type-C (1 port)<\/li>\n<li><b>Port Wi-Fi:<\/b> IEEE 802.11a\/b\/g\/n\/ac\/ax<\/li>\n<li><b>Port Bluetooth:<\/b> Bluetooth V5.3<\/li>\n<li><b>Uwagi do WiFi \/ BT:<\/b><\/li>\n<li>Realtek\u00ae RTL8852CE WIFI 6 module<\/li>\n<li>&#8211; WIFI a, b, g, n, ac, ax, supporting 2.4\/5\/6 GHz carrier frequency bands<\/li>\n<li>&#8211; Support for 11ax wireless standard<\/li>\n<li>Actual data rate may vary depending on environment and equipment.<\/li>\n<\/ul>\n<p>Techniczne<\/p>\n<ul>\n<li><b>Gniazdo procesora:<\/b> Socket AM5<\/li>\n<li><b>Obs\u0142ugiwane typy procesor\u00f3w:<\/b> AMD Ryzen\u2122<\/li>\n<li><b>Uwagi do procesora:<\/b> AMD Ryzen\u2122 7000 \/ Ryzen\u2122 8000 \/ Ryzen\u2122 9000 Series Processors<\/li>\n<li><b>Format p\u0142yty:<\/b> Micro-ATX<\/li>\n<li><b>Chipset p\u0142yty g\u0142\u00f3wnej:<\/b> AMD B650<\/li>\n<\/ul>\n<\/section><\/div>\n<\/section>\n<section class=\"section\">\n<div class=\"item item-6\">\n<section class=\"image-item\"><img decoding=\"async\" src=\"https:\/\/upload.cdn.baselinker.com\/products\/6010088\/e6e50532af22dff23e9cab3b8c484a37.jpg\" \/><\/section>\n<\/p><\/div>\n<div class=\"item item-6\">\n<section class=\"text-item\">\n<p>Z\u0142\u0105cza<\/p>\n<ul>\n<li><b>Zintegrowany kontroler SATA:<\/b> Chipset+CPU: 4x SATA III 6Gb\/s &#8211; RAID 0,1,10 + 2x M.2 &#8211; RAID 0, 1, 10<\/li>\n<li><b>Uwagi do kontrolera SATA:<\/b><\/li>\n<li>1 x M.2 connector (M2A_CPU), integrated in the CPU, supporting Socket 3,<\/li>\n<li>M key, type 25110\/22110\/2580\/2280 SSDs:<\/li>\n<li>&#8211; AMD Ryzen\u2122 7000 Series Processors\/ Ryzen\u2122 9000 Series Processors support<\/li>\n<li>PCIe 5.0 x4\/x2 SSDs<\/li>\n<li>&#8211; AMD Ryzen\u2122 8000 Series-Phoenix 1 Processors support PCIe 4.0 x4\/x2 SSDs<\/li>\n<li>&#8211; AMD Ryzen\u2122 8000 Series-Phoenix 2 Processors support PCIe 4.0 x4\/x2 SSDs<\/li>\n<li>1 x M.2 connector (M2P_CPU), integrated in the CPU, supporting Socket 3,<\/li>\n<li>M key, type 25110\/22110\/2580\/2280 SSDs:<\/li>\n<li>&#8211; AMD Ryzen\u2122 7000 Series Processors\/ Ryzen\u2122 9000 Series Processors support<\/li>\n<li>PCIe 4.0 x2 SSDs<\/li>\n<li>&#8211; AMD Ryzen\u2122 8000 Series-Phoenix 1 Processors support PCIe 4.0 x2 SSDs<\/li>\n<li>&#8211; AMD Ryzen\u2122 8000 Series-Phoenix 2 Processors support PCIe 4.0 x2 SSDs<\/li>\n<li>4 x SATA 6Gb\/s connectors<\/li>\n<li><b>Z\u0142\u0105cza PCI Express x16:<\/b> 2<\/li>\n<li><b>Uwagi do z\u0142\u0105cz PCI:<\/b><\/li>\n<li>1 x PCI Express x16 slot (PCIEX16), integrated in the CPU:<\/li>\n<li>&#8211; AMD Ryzen\u2122 7000 Series Processors\/ Ryzen\u2122 9000 Series Processors support<\/li>\n<li>PCIe 4.0 x16 mode<\/li>\n<li>&#8211; AMD Ryzen\u2122 8000 Series-Phoenix 1 Processors support PCIe 4.0 x8 mode<\/li>\n<li>&#8211; AMD Ryzen\u2122 8000 Series-Phoenix 2 Processors support PCIe 4.0 x4 mode<\/li>\n<li>The PCIEX16 slot can only support a graphics card or an NVMe SSD<\/li>\n<li>If only one graphics card is to be installed, be sure to install it in the<\/li>\n<li>PCIEX16 slot<\/li>\n<li>1 x PCI Express x16 slot, supporting PCIe 4.0 and running at x4 (PCIEX4)<\/li>\n<li><b>Port PS\/2:<\/b> Brak<\/li>\n<li><b>Port szeregowy (COM):<\/b> 1x wewn\u0119trzne gniazdo portu COM<\/li>\n<li><b>Port r\u00f3wnoleg\u0142y (LPT):<\/b> Brak<\/li>\n<li><b>Inne porty i gniazda:<\/b><\/li>\n<li>CPU fan header<\/li>\n<li>CPU fan\/water cooling pump header<\/li>\n<li>3x system fan headers<\/li>\n<li>System fan\/water cooling pump header<\/li>\n<li>2x Addressable LED strip headers<\/li>\n<li>2x RGB LED strip headers<\/li>\n<li>CPU cooler LED strip\/RGB LED strip extension cable header<\/li>\n<li>Trusted Platform Module header<\/li>\n<li>Q-Flash Plus button<\/li>\n<li>Reset jumper<\/li>\n<li>Clear CMOS jumper<\/li>\n<li>2x SMA antenna connectors (2T2R)<\/li>\n<li>Reset button<\/li>\n<li><b>Gniazdo zasilania:<\/b> ATX (24-pin) + ATX12V (8-pin)<\/li>\n<\/ul>\n<\/section><\/div>\n<\/section>\n<section class=\"section\">\n<div class=\"item item-6\">\n<section class=\"image-item\"><img decoding=\"async\" src=\"https:\/\/upload.cdn.baselinker.com\/products\/6010088\/8ad400dfacd17b607bbe43c30fc250be.jpg\" \/><\/section>\n<\/p><\/div>\n<div class=\"item item-6\">\n<section class=\"text-item\">\n<p>Fizyczne<\/p>\n<ul>\n<li><b>Wymiary [S x W] (mm):<\/b> 244 x 174<\/li>\n<\/ul>\n<p>BIOS<\/p>\n<ul>\n<li><b>BIOS:<\/b> 256 Mbit flash AMI UEFI; PnP 1.0a, DMI 2.7, WfM 2.0, SM BIOS 2.7, ACPI 5.0<\/li>\n<\/ul>\n<p>Pozosta\u0142e parametry<\/p>\n<ul>\n<li><b>Opakowanie:<\/b> BOX<\/li>\n<li><b>Zawiera bateri\u0119 \/ akumulator:<\/b> Tak<\/li>\n<li><b>Informacje dodatkowe:<\/b><\/li>\n<li>Bundled Software<\/li>\n<li>&#8211; Norton\u00ae Internet Security (OEM version)<\/li>\n<li>&#8211; LAN bandwidth management software<\/li>\n<li>System operacyjny:<\/li>\n<li>&#8211; Support for Windows 11 64-bit<\/li>\n<li>&#8211; Support for Windows 10 64-bit<\/li>\n<\/ul>\n<\/section><\/div>\n<\/section>\n<section class=\"section\">\n<div class=\"item item-12\">\n<section class=\"image-item\"><img decoding=\"async\" src=\"https:\/\/upload.cdn.baselinker.com\/products\/6010088\/df6aea645d1652fb6a6c8d88de54092d.jpg\" \/><\/section>\n<\/p><\/div>\n<\/section>\n<section class=\"section\">\n<div class=\"item item-12\">\n<section class=\"image-item\"><img decoding=\"async\" src=\"https:\/\/upload.cdn.baselinker.com\/products\/6010088\/3394e6af9062ecaefc732cced1a14aea.jpg\" \/><\/section>\n<\/p><\/div>\n<\/section>\n<section class=\"section\">\n<div class=\"item item-12\">\n<section class=\"image-item\"><img decoding=\"async\" src=\"https:\/\/upload.cdn.baselinker.com\/products\/6010088\/d3d2357d8b98d1ecb4e16e85aafdfae6.jpg\" \/><\/section>\n<\/p><\/div>\n<\/section>\n<section class=\"section\">\n<div class=\"item item-12\">\n<section class=\"image-item\"><img decoding=\"async\" src=\"https:\/\/upload.cdn.baselinker.com\/products\/6010088\/e6e50532af22dff23e9cab3b8c484a37.jpg\" \/><\/section>\n<\/p><\/div>\n<\/section>\n<section class=\"section\">\n<div class=\"item item-12\">\n<section class=\"image-item\"><img decoding=\"async\" src=\"https:\/\/upload.cdn.baselinker.com\/products\/6010088\/8ad400dfacd17b607bbe43c30fc250be.jpg\" \/><\/section>\n<\/p><\/div>\n<\/section>\n<section class=\"section\">\n<div class=\"item item-12\">\n<section class=\"image-item\"><img decoding=\"async\" src=\"https:\/\/upload.cdn.baselinker.com\/products\/6010088\/266bc16879ba5b156c0e118db4fdd25d.jpg\" \/><\/section>\n<\/p><\/div>\n<\/section>\n<\/div>\n<p><!-- .vgblk-rw-wrapper --><\/p>\n","protected":false},"excerpt":{"rendered":"<p>P\u0142yta Gigabyte B650M A ELITE AX ICE AMD B650 DDR5 SATA3 M.2 USB3.2 PCIe5.0 WiFi BT AM5 mATX Specyfikacja: Pami\u0119\u0107 Ilo\u015b\u0107 z\u0142\u0105cz pami\u0119ci DDR5: 4 Maksymalna wielko\u015b\u0107 pami\u0119ci: 256 GB Tryb pracy pami\u0119ci RAM: Dual Channel Standard pami\u0119ci: DDR5-4800 DDR5-5200 DDR5-5600 (OC) DDR5-6000 (OC) DDR5-6200 (OC) DDR5-6400 (OC) DDR5-6600 (OC) DDR5-6800 (OC) DDR5-7000 (OC) DDR5-7200&#8230;<\/p>","protected":false},"featured_media":1835986,"comment_status":"open","ping_status":"closed","template":"","meta":[],"product_brand":[17171],"product_cat":[250,270,246],"product_tag":[],"class_list":{"0":"post-1836000","1":"product","2":"type-product","3":"status-publish","4":"has-post-thumbnail","6":"product_brand-gigabyte","7":"product_cat-plyty-glowne","8":"product_cat-plyty-glowne-am5","9":"product_cat-podzespoly-komputerowe","11":"first","12":"instock","13":"taxable","14":"shipping-taxable","15":"purchasable","16":"product-type-simple"},"_links":{"self":[{"href":"https:\/\/lemonti.pl\/en\/wp-json\/wp\/v2\/product\/1836000","targetHints":{"allow":["GET"]}}],"collection":[{"href":"https:\/\/lemonti.pl\/en\/wp-json\/wp\/v2\/product"}],"about":[{"href":"https:\/\/lemonti.pl\/en\/wp-json\/wp\/v2\/types\/product"}],"replies":[{"embeddable":true,"href":"https:\/\/lemonti.pl\/en\/wp-json\/wp\/v2\/comments?post=1836000"}],"version-history":[{"count":0,"href":"https:\/\/lemonti.pl\/en\/wp-json\/wp\/v2\/product\/1836000\/revisions"}],"wp:featuredmedia":[{"embeddable":true,"href":"https:\/\/lemonti.pl\/en\/wp-json\/wp\/v2\/media\/1835986"}],"wp:attachment":[{"href":"https:\/\/lemonti.pl\/en\/wp-json\/wp\/v2\/media?parent=1836000"}],"wp:term":[{"taxonomy":"product_brand","embeddable":true,"href":"https:\/\/lemonti.pl\/en\/wp-json\/wp\/v2\/product_brand?post=1836000"},{"taxonomy":"product_cat","embeddable":true,"href":"https:\/\/lemonti.pl\/en\/wp-json\/wp\/v2\/product_cat?post=1836000"},{"taxonomy":"product_tag","embeddable":true,"href":"https:\/\/lemonti.pl\/en\/wp-json\/wp\/v2\/product_tag?post=1836000"}],"curies":[{"name":"wp","href":"https:\/\/api.w.org\/{rel}","templated":true}]}}