{"id":1835939,"date":"2026-01-20T12:46:55","date_gmt":"2026-01-20T11:46:55","guid":{"rendered":"https:\/\/lemonti.pl\/sklep\/bez-kategorii\/plyta-gigabyte-b850-gaming-wf6-amd-b850-ddr5-sata3-m-2-usb3-1-pcie5-0-wifi-bt-am5-atx\/"},"modified":"2026-04-17T19:14:51","modified_gmt":"2026-04-17T17:14:51","slug":"plyta-gigabyte-b850-gaming-wf6-amd-b850-ddr5-sata3-m-2-usb3-1-pcie5-0-wifi-bt-am5-atx","status":"publish","type":"product","link":"https:\/\/lemonti.pl\/en\/sklep\/podzespoly-komputerowe\/plyty-glowne\/plyty-glowne-am5\/plyta-gigabyte-b850-gaming-wf6-amd-b850-ddr5-sata3-m-2-usb3-1-pcie5-0-wifi-bt-am5-atx\/","title":{"rendered":"P\u0142yta Gigabyte B850 GAMING WF6 \/AMD B850\/DDR5\/SATA3\/M.2\/USB3.1\/PCIe5.0\/WiFi\/BT\/AM5\/ATX"},"content":{"rendered":"<div class=\"vgblk-rw-wrapper limit-wrapper\">\n<section class=\"section\">\n<div class=\"item item-12\">\n<section class=\"text-item\">\n<h2>P\u0142yta Gigabyte B850 GAMING WF6 DDR5 SATA3 M.2 USB3.1 PCIe5 WiFi BT AM5 ATX<\/h2>\n<\/section><\/div>\n<\/section>\n<section class=\"section\">\n<div class=\"item item-6\">\n<section class=\"image-item\"><img decoding=\"async\" src=\"https:\/\/upload.cdn.baselinker.com\/products\/6010088\/e34a0049a3839958669dea30d616abe7.jpg\" \/><\/section>\n<\/p><\/div>\n<div class=\"item item-6\">\n<section class=\"text-item\">\n<p><b>Specyfikacja techniczna:<\/b><\/p>\n<ul>\n<li><b>Ilo\u015b\u0107 z\u0142\u0105cz pami\u0119ci DDR5:<\/b> 4<\/li>\n<li><b>Maksymalna wielko\u015b\u0107 pami\u0119ci:<\/b> 256 GB<\/li>\n<li><b>Tryb pracy pami\u0119ci RAM:<\/b> Dual Channel<\/li>\n<li><b>Standard pami\u0119ci:<\/b><\/li>\n<li>DDR5-8200 (OC)<\/li>\n<li>DDR5-8000 (OC)<\/li>\n<li>DDR5-7950 (OC)<\/li>\n<li>DDR5-7800 (OC)<\/li>\n<li>DDR5-7600 (OC)<\/li>\n<li>DDR5-7400 (OC)<\/li>\n<li>DDR5-7200 (OC)<\/li>\n<li>DDR5-7000 (OC)<\/li>\n<li>DDR5-6800 (OC)<\/li>\n<li>DDR5-6600 (OC)<\/li>\n<li>DDR5-6400 (OC)<\/li>\n<li>DDR5-6200 (OC)<\/li>\n<li>DDR5-5800 (OC)<\/li>\n<li>DDR5-5600 (OC)<\/li>\n<li>DDR5-5200<\/li>\n<li>DDR5-4800<\/li>\n<li>DDR5-4400<\/li>\n<li><b>Wbudowana karta graficzna:<\/b> Brak lub AMD Radeon\u2122 Graphics (zale\u017cy od procesora)<\/li>\n<li><b>Gniazda karty graficznej:<\/b> DisplayPort<\/li>\n<li><b>Gniazda karty graficznej:<\/b> HDMI<\/li>\n<li><b>Zintegrowana karta d\u017awi\u0119kowa:<\/b> Realtek \u00ae 7.1 Surround Sound High Definition Audio CODEC<\/li>\n<li><b>Gniazda karty d\u017awi\u0119kowej:<\/b> 3x Audio Jack<\/li>\n<li><b>Gniazda karty d\u017awi\u0119kowej:<\/b> Wewn\u0119trzne gniazdo audio przedniego panelu<\/li>\n<li><b>Port LAN:<\/b> 1x Gigabit LAN 100\/1000 Mb\/s (Realtek)<\/li>\n<\/ul>\n<\/section><\/div>\n<\/section>\n<section class=\"section\">\n<div class=\"item item-6\">\n<section class=\"image-item\"><img decoding=\"async\" src=\"https:\/\/upload.cdn.baselinker.com\/products\/6010088\/5198ac5d1174ce25cdae5d21adbe84dc.jpg\" \/><\/section>\n<\/p><\/div>\n<div class=\"item item-6\">\n<section class=\"text-item\">\n<ul>\n<li><b>Maksymalna ilo\u015b\u0107 port\u00f3w USB 2.0:<\/b> 8<\/li>\n<li><b>Maksymalna ilo\u015b\u0107 port\u00f3w USB 3.x:<\/b> 8<\/li>\n<li><b>Porty USB na panelu tylnym:<\/b> 4x USB 2.0 + 2x USB 3.0 + 2x USB 3.1 + 1x USB 3.0 Type-C<\/li>\n<li><b>Gniazda USB na p\u0142ycie g\u0142\u00f3wnej:<\/b> 2x USB 2.0 (4 porty) + 1x USB 3.0 (2 porty) + 1x USB 3.0 Type-C (1 port)<\/li>\n<li><b>Port Wi-Fi:<\/b> IEEE 802.11a\/b\/g\/n\/ac\/ax<\/li>\n<li><b>Port Bluetooth:<\/b> Bluetooth V5.3<\/li>\n<li><b>Gniazdo procesora:<\/b> Socket AM5<\/li>\n<li><b>Obs\u0142ugiwane typy procesor\u00f3w:<\/b> AMD Ryzen\u2122<\/li>\n<li><b>Uwagi do procesora:<\/b> Support for: AMD Ryzen\u2122 7000 \/ Ryzen\u2122 8000 \/ Ryzen\u2122 9000 Series Processors<\/li>\n<li><b>Format p\u0142yty:<\/b> ATX<\/li>\n<li><b>Chipset p\u0142yty g\u0142\u00f3wnej:<\/b> AMD B850<\/li>\n<li><b>Zintegrowany kontroler SATA:<\/b> Chipset+CPU: 4x SATA III 6Gb\/s &#8211; RAID 0,1,10 + 3x M.2 &#8211; RAID 0,1,5,10<\/li>\n<li><b>Z\u0142\u0105cza PCI Express x16:<\/b> 4<\/li>\n<li><b>Port PS\/2:<\/b> Port combo klawiatury\/myszy PS\/2<\/li>\n<li><b>Port szeregowy (COM):<\/b> 1x wewn\u0119trzne gniazdo portu COM<\/li>\n<li><b>Port r\u00f3wnoleg\u0142y (LPT):<\/b> Brak<\/li>\n<li><b>Gniazdo zasilania:<\/b> ATX (24-pin) + ATX12V (8-pin) + ATX12V (4-pin)<\/li>\n<li><b>Wymiary (mm):<\/b> 305 x 244<\/li>\n<li><b>BIOS:<\/b> 256 Mbit flash AMI UEFI; PnP 1.0a, DMI 2.7, WfM 2.0, SM BIOS 2.7, ACPI 5.0<\/li>\n<li><b>Opakowanie:<\/b> BOX<\/li>\n<li><b>Zawiera bateri\u0119 \/ akumulator:<\/b> Tak<\/li>\n<\/ul>\n<\/section><\/div>\n<\/section>\n<section class=\"section\">\n<div class=\"item item-12\">\n<section class=\"image-item\"><img decoding=\"async\" src=\"https:\/\/upload.cdn.baselinker.com\/products\/6010088\/7e61558ec4b540c085933c1afcbf6b8d.jpg\" \/><\/section>\n<\/p><\/div>\n<\/section>\n<section class=\"section\">\n<div class=\"item item-12\">\n<section class=\"image-item\"><img decoding=\"async\" src=\"https:\/\/upload.cdn.baselinker.com\/products\/6010088\/e20782a9d4fa3d636d256dc15d6bc264.jpg\" \/><\/section>\n<\/p><\/div>\n<\/section>\n<\/div>\n<p><!-- .vgblk-rw-wrapper --><\/p>","protected":false},"excerpt":{"rendered":"<p>P\u0142yta Gigabyte B850 GAMING WF6 DDR5 SATA3 M.2 USB3.1 PCIe5 WiFi BT AM5 ATX Specyfikacja techniczna: Ilo\u015b\u0107 z\u0142\u0105cz pami\u0119ci DDR5: 4 Maksymalna wielko\u015b\u0107 pami\u0119ci: 256 GB Tryb pracy pami\u0119ci RAM: Dual Channel Standard pami\u0119ci: DDR5-8200 (OC) DDR5-8000 (OC) DDR5-7950 (OC) DDR5-7800 (OC) DDR5-7600 (OC) DDR5-7400 (OC) DDR5-7200 (OC) DDR5-7000 (OC) DDR5-6800 (OC) DDR5-6600 (OC) DDR5-6400&#8230;<\/p>","protected":false},"featured_media":1835931,"comment_status":"open","ping_status":"closed","template":"","meta":[],"product_brand":[17171],"product_cat":[250,270,246],"product_tag":[],"class_list":{"0":"post-1835939","1":"product","2":"type-product","3":"status-publish","4":"has-post-thumbnail","6":"product_brand-gigabyte","7":"product_cat-plyty-glowne","8":"product_cat-plyty-glowne-am5","9":"product_cat-podzespoly-komputerowe","11":"first","12":"instock","13":"taxable","14":"shipping-taxable","15":"purchasable","16":"product-type-simple"},"_links":{"self":[{"href":"https:\/\/lemonti.pl\/en\/wp-json\/wp\/v2\/product\/1835939","targetHints":{"allow":["GET"]}}],"collection":[{"href":"https:\/\/lemonti.pl\/en\/wp-json\/wp\/v2\/product"}],"about":[{"href":"https:\/\/lemonti.pl\/en\/wp-json\/wp\/v2\/types\/product"}],"replies":[{"embeddable":true,"href":"https:\/\/lemonti.pl\/en\/wp-json\/wp\/v2\/comments?post=1835939"}],"version-history":[{"count":0,"href":"https:\/\/lemonti.pl\/en\/wp-json\/wp\/v2\/product\/1835939\/revisions"}],"wp:featuredmedia":[{"embeddable":true,"href":"https:\/\/lemonti.pl\/en\/wp-json\/wp\/v2\/media\/1835931"}],"wp:attachment":[{"href":"https:\/\/lemonti.pl\/en\/wp-json\/wp\/v2\/media?parent=1835939"}],"wp:term":[{"taxonomy":"product_brand","embeddable":true,"href":"https:\/\/lemonti.pl\/en\/wp-json\/wp\/v2\/product_brand?post=1835939"},{"taxonomy":"product_cat","embeddable":true,"href":"https:\/\/lemonti.pl\/en\/wp-json\/wp\/v2\/product_cat?post=1835939"},{"taxonomy":"product_tag","embeddable":true,"href":"https:\/\/lemonti.pl\/en\/wp-json\/wp\/v2\/product_tag?post=1835939"}],"curies":[{"name":"wp","href":"https:\/\/api.w.org\/{rel}","templated":true}]}}