{"id":1835506,"date":"2026-01-20T12:34:08","date_gmt":"2026-01-20T11:34:08","guid":{"rendered":"https:\/\/lemonti.pl\/sklep\/bez-kategorii\/plyta-gigabyte-b760m-gaming-ddr4-b760-ddr4-sata3-m-1-usb3-2-pcie4-0-s-1700-matx\/"},"modified":"2026-04-17T09:48:36","modified_gmt":"2026-04-17T07:48:36","slug":"plyta-gigabyte-b760m-gaming-ddr4-b760-ddr4-sata3-m-1-usb3-2-pcie4-0-s-1700-matx","status":"publish","type":"product","link":"https:\/\/lemonti.pl\/en\/sklep\/podzespoly-komputerowe\/plyty-glowne\/plyty-glowne-socket-1700\/plyta-gigabyte-b760m-gaming-ddr4-b760-ddr4-sata3-m-1-usb3-2-pcie4-0-s-1700-matx\/","title":{"rendered":"P\u0142yta Gigabyte B760M GAMING DDR4 B760\/DDR4\/SATA3\/M.1\/USB3.2\/PCIe4.0\/s.1700\/mATX"},"content":{"rendered":"<div class=\"vgblk-rw-wrapper limit-wrapper\">\n<section class=\"section\">\n<div class=\"item item-12\">\n<section class=\"text-item\">\n<h1>P\u0142yta g\u0142\u00f3wna Gigabyte B760M GAMING DDR4<\/h1>\n<h1>B760\/DDR4\/SATA3\/M.1\/USB3.2\/PCIe4.0\/s.1700\/mATX<\/h1>\n<\/section><\/div>\n<\/section>\n<section class=\"section\">\n<div class=\"item item-6\">\n<section class=\"text-item\">\n<ul>\n<li><b>RAID:<\/b> SATA 0, 1, 5, 10<\/li>\n<li><b>Jednostkowa waga brutto:<\/b> 0.9 kg<\/li>\n<li><b>TPM:<\/b> Nag\u0142\u00f3wek<\/li>\n<li><b>Wyj\u015bcie audio:<\/b> 1<\/li>\n<li><b>PS\/3:<\/b> 1<\/li>\n<li><b>Zintegrowane audio:<\/b> Tak<\/li>\n<li><b>Wej\u015bcie audio:<\/b> 2<\/li>\n<li><b>IEEE 802.3ak:<\/b> 1<\/li>\n<li><b>Form Factor:<\/b> MicroATX<\/li>\n<li><b>Pr\u0119dko\u015b\u0107 cz\u0119stotliwo\u015bci:<\/b> 2133\/2400\/2667\/2933\/3000\/3200\/3300\/3333\/3400\/3466\/3600\/3666\/3733\/3800\/3866\/4000\/4133\/4266\/4300\/4400\/4500\/4600\/4700\/4800\/4933\/5000\/5133\/5333 MHz<\/li>\n<li><b>USB type C:<\/b> 1<\/li>\n<li><b>USB 3.2:<\/b> 3<\/li>\n<li><b>Typ pami\u0119ci:<\/b> DDR4<\/li>\n<li><b>SATA:<\/b> Tak<\/li>\n<li><b>Obj\u0119to\u015b\u0107 jednostki brutto:<\/b> 1<\/li>\n<li><b>USB 2.1:<\/b> 2<\/li>\n<li><b>PCI-Express 4.0 16x:<\/b> 1<\/li>\n<li><b>Obj\u0119tno\u015b\u0107 brutto:<\/b> 0.003862 cubm<\/li>\n<li><b>RJ46:<\/b> 1<\/li>\n<li><b>Gniazdo elektryczne:<\/b> LGA1700<\/li>\n<li><b>15pin D-sub:<\/b> 1<\/li>\n<li><b>Zintegrowany LAN:<\/b> 2.5 Gigabit<\/li>\n<li><b>DDR3 1600\/1333\/1066\/800:<\/b> B760M GAMING DDR4<\/li>\n<li><b>Zintegrowane video:<\/b> Tak<\/li>\n<li><b>Jednostkowa waga netto:<\/b> 0.64 kg<\/li>\n<li><b>Gniazda pami\u0119ci:<\/b> 2<\/li>\n<li><b>MT-RJ:<\/b> 1<\/li>\n<li><b>M.2:<\/b> 2<\/li>\n<\/ul>\n<\/section><\/div>\n<div class=\"item item-6\">\n<section class=\"image-item\"><img decoding=\"async\" src=\"https:\/\/upload.cdn.baselinker.com\/products\/6010088\/d431702192a406f2a2699d41db60f08c.jpg\" \/><\/section>\n<\/p><\/div>\n<\/section>\n<section class=\"section\">\n<div class=\"item item-12\">\n<section class=\"image-item\"><img decoding=\"async\" src=\"https:\/\/upload.cdn.baselinker.com\/products\/6010088\/d431702192a406f2a2699d41db60f08c.jpg\" \/><\/section>\n<\/p><\/div>\n<\/section>\n<section class=\"section\">\n<div class=\"item item-6\">\n<section class=\"image-item\"><img decoding=\"async\" src=\"https:\/\/upload.cdn.baselinker.com\/products\/6010088\/a62e1b556b96ec8820ab7087f2454e5e.jpg\" \/><\/section>\n<\/p><\/div>\n<div class=\"item item-6\">\n<section class=\"image-item\"><img decoding=\"async\" src=\"https:\/\/upload.cdn.baselinker.com\/products\/6010088\/3ddeb507cbb93e54083176baa51adc69.jpg\" \/><\/section>\n<\/p><\/div>\n<\/section>\n<section class=\"section\">\n<div class=\"item item-6\">\n<section class=\"image-item\"><img decoding=\"async\" src=\"https:\/\/upload.cdn.baselinker.com\/products\/6010088\/a259adb0d7879c3e82ec667a6485f9e1.jpg\" \/><\/section>\n<\/p><\/div>\n<div class=\"item item-6\">\n<section class=\"image-item\"><img decoding=\"async\" src=\"https:\/\/upload.cdn.baselinker.com\/products\/6010088\/6a839dd62555fd5ca6016a9b0287d340.jpg\" \/><\/section>\n<\/p><\/div>\n<\/section>\n<\/div>\n<p><!-- .vgblk-rw-wrapper --><\/p>","protected":false},"excerpt":{"rendered":"<p>P\u0142yta g\u0142\u00f3wna Gigabyte B760M GAMING DDR4 B760\/DDR4\/SATA3\/M.1\/USB3.2\/PCIe4.0\/s.1700\/mATX RAID: SATA 0, 1, 5, 10 Jednostkowa waga brutto: 0.9 kg TPM: Nag\u0142\u00f3wek Wyj\u015bcie audio: 1 PS\/3: 1 Zintegrowane audio: Tak Wej\u015bcie audio: 2 IEEE 802.3ak: 1 Form Factor: MicroATX Pr\u0119dko\u015b\u0107 cz\u0119stotliwo\u015bci: 2133\/2400\/2667\/2933\/3000\/3200\/3300\/3333\/3400\/3466\/3600\/3666\/3733\/3800\/3866\/4000\/4133\/4266\/4300\/4400\/4500\/4600\/4700\/4800\/4933\/5000\/5133\/5333 MHz USB type C: 1 USB 3.2: 3 Typ pami\u0119ci: DDR4 SATA: Tak Obj\u0119to\u015b\u0107 jednostki&#8230;<\/p>","protected":false},"featured_media":1835494,"comment_status":"open","ping_status":"closed","template":"","meta":[],"product_brand":[17171],"product_cat":[250,267,246],"product_tag":[],"class_list":{"0":"post-1835506","1":"product","2":"type-product","3":"status-publish","4":"has-post-thumbnail","6":"product_brand-gigabyte","7":"product_cat-plyty-glowne","8":"product_cat-plyty-glowne-socket-1700","9":"product_cat-podzespoly-komputerowe","11":"first","12":"outofstock","13":"taxable","14":"shipping-taxable","15":"purchasable","16":"product-type-simple"},"_links":{"self":[{"href":"https:\/\/lemonti.pl\/en\/wp-json\/wp\/v2\/product\/1835506","targetHints":{"allow":["GET"]}}],"collection":[{"href":"https:\/\/lemonti.pl\/en\/wp-json\/wp\/v2\/product"}],"about":[{"href":"https:\/\/lemonti.pl\/en\/wp-json\/wp\/v2\/types\/product"}],"replies":[{"embeddable":true,"href":"https:\/\/lemonti.pl\/en\/wp-json\/wp\/v2\/comments?post=1835506"}],"version-history":[{"count":0,"href":"https:\/\/lemonti.pl\/en\/wp-json\/wp\/v2\/product\/1835506\/revisions"}],"wp:featuredmedia":[{"embeddable":true,"href":"https:\/\/lemonti.pl\/en\/wp-json\/wp\/v2\/media\/1835494"}],"wp:attachment":[{"href":"https:\/\/lemonti.pl\/en\/wp-json\/wp\/v2\/media?parent=1835506"}],"wp:term":[{"taxonomy":"product_brand","embeddable":true,"href":"https:\/\/lemonti.pl\/en\/wp-json\/wp\/v2\/product_brand?post=1835506"},{"taxonomy":"product_cat","embeddable":true,"href":"https:\/\/lemonti.pl\/en\/wp-json\/wp\/v2\/product_cat?post=1835506"},{"taxonomy":"product_tag","embeddable":true,"href":"https:\/\/lemonti.pl\/en\/wp-json\/wp\/v2\/product_tag?post=1835506"}],"curies":[{"name":"wp","href":"https:\/\/api.w.org\/{rel}","templated":true}]}}