{"id":1835266,"date":"2026-01-20T12:29:10","date_gmt":"2026-01-20T11:29:10","guid":{"rendered":"https:\/\/lemonti.pl\/sklep\/bez-kategorii\/pamiec-sodimm-ddr4-silicon-power-d4un-16gb-1x16gb-3200mhz-cl22-12v\/"},"modified":"2026-04-14T12:01:08","modified_gmt":"2026-04-14T10:01:08","slug":"pamiec-sodimm-ddr4-silicon-power-d4un-16gb-1x16gb-3200mhz-cl22-12v","status":"publish","type":"product","link":"https:\/\/lemonti.pl\/en\/sklep\/podzespoly-komputerowe\/pamieci-ram\/ddr4\/pamiec-sodimm-ddr4-silicon-power-d4un-16gb-1x16gb-3200mhz-cl22-12v\/","title":{"rendered":"Pami\u0119\u0107 SODIMM DDR4 Silicon Power D4UN 16GB (1x16GB) 3200MHz CL22 1,2V"},"content":{"rendered":"<div class=\"vgblk-rw-wrapper limit-wrapper\">\n<section class=\"section\">\n<div class=\"item item-12\">\n<section class=\"text-item\">\n<h2>Pami\u0119\u0107 SODIMM DDR4 Silicon Power D4UN 16GB (1x16GB) 3200MHz CL22 1,2V<\/h2>\n<\/section><\/div>\n<\/section>\n<section class=\"section\">\n<div class=\"item item-6\">\n<section class=\"image-item\"><img decoding=\"async\" src=\"https:\/\/upload.cdn.baselinker.com\/products\/6010088\/d7a1f6c689c3b6abf151f5de52af1e9e.jpg\" \/><\/section>\n<\/p><\/div>\n<div class=\"item item-6\">\n<section class=\"text-item\">\n<h2>Specyfikacja:<\/h2>\n<ul>\n<li><b>Rodzaj pami\u0119ci:<\/b> Pami\u0119\u0107 RAM<\/li>\n<li><b>Pojemno\u015b\u0107 pami\u0119ci:<\/b> 16 GB<\/li>\n<li><b>Standard pami\u0119ci:<\/b> SODIMM<\/li>\n<li><b>Cz\u0119stotliwo\u015b\u0107 szyny pami\u0119ci:<\/b> 3200 MHz<\/li>\n<li><b>Typ pami\u0119ci:<\/b> DDR4<\/li>\n<li><b>Op\u00f3\u017anienie:<\/b> CL 22<\/li>\n<li><b>Napi\u0119cie (V):<\/b> 1.20<\/li>\n<li><b>Kolor:<\/b> Czarny<\/li>\n<li><b>Opakowanie:<\/b> Blister<\/li>\n<li><b>Informacje dodatkowe:<\/b> Certification: CE, FCC, Green dot, WEEE, RoHS<\/li>\n<\/ul>\n<\/section><\/div>\n<\/section>\n<section class=\"section\">\n<div class=\"item item-12\">\n<section class=\"image-item\"><img decoding=\"async\" src=\"https:\/\/upload.cdn.baselinker.com\/products\/6010088\/be784db7101bf8c9e160f09cb52f2379.jpg\" \/><\/section>\n<\/p><\/div>\n<\/section>\n<\/div>\n<p><!-- .vgblk-rw-wrapper --><\/p>","protected":false},"excerpt":{"rendered":"<p>Pami\u0119\u0107 SODIMM DDR4 Silicon Power D4UN 16GB (1x16GB) 3200MHz CL22 1,2V Specyfikacja: Rodzaj pami\u0119ci: Pami\u0119\u0107 RAM Pojemno\u015b\u0107 pami\u0119ci: 16 GB Standard pami\u0119ci: SODIMM Cz\u0119stotliwo\u015b\u0107 szyny pami\u0119ci: 3200 MHz Typ pami\u0119ci: DDR4 Op\u00f3\u017anienie: CL 22 Napi\u0119cie (V): 1.20 Kolor: Czarny Opakowanie: Blister Informacje dodatkowe: Certification: CE, FCC, Green dot, WEEE, RoHS<\/p>","protected":false},"featured_media":1835264,"comment_status":"open","ping_status":"closed","template":"","meta":[],"product_brand":[16648],"product_cat":[273,251,246],"product_tag":[],"class_list":{"0":"post-1835266","1":"product","2":"type-product","3":"status-publish","4":"has-post-thumbnail","6":"product_brand-silicon-power","7":"product_cat-ddr4","8":"product_cat-pamieci-ram","9":"product_cat-podzespoly-komputerowe","11":"first","12":"instock","13":"taxable","14":"shipping-taxable","15":"purchasable","16":"product-type-simple"},"_links":{"self":[{"href":"https:\/\/lemonti.pl\/en\/wp-json\/wp\/v2\/product\/1835266","targetHints":{"allow":["GET"]}}],"collection":[{"href":"https:\/\/lemonti.pl\/en\/wp-json\/wp\/v2\/product"}],"about":[{"href":"https:\/\/lemonti.pl\/en\/wp-json\/wp\/v2\/types\/product"}],"replies":[{"embeddable":true,"href":"https:\/\/lemonti.pl\/en\/wp-json\/wp\/v2\/comments?post=1835266"}],"version-history":[{"count":0,"href":"https:\/\/lemonti.pl\/en\/wp-json\/wp\/v2\/product\/1835266\/revisions"}],"wp:featuredmedia":[{"embeddable":true,"href":"https:\/\/lemonti.pl\/en\/wp-json\/wp\/v2\/media\/1835264"}],"wp:attachment":[{"href":"https:\/\/lemonti.pl\/en\/wp-json\/wp\/v2\/media?parent=1835266"}],"wp:term":[{"taxonomy":"product_brand","embeddable":true,"href":"https:\/\/lemonti.pl\/en\/wp-json\/wp\/v2\/product_brand?post=1835266"},{"taxonomy":"product_cat","embeddable":true,"href":"https:\/\/lemonti.pl\/en\/wp-json\/wp\/v2\/product_cat?post=1835266"},{"taxonomy":"product_tag","embeddable":true,"href":"https:\/\/lemonti.pl\/en\/wp-json\/wp\/v2\/product_tag?post=1835266"}],"curies":[{"name":"wp","href":"https:\/\/api.w.org\/{rel}","templated":true}]}}