{"id":1834709,"date":"2026-01-19T15:47:45","date_gmt":"2026-01-19T14:47:45","guid":{"rendered":"https:\/\/lemonti.pl\/sklep\/bez-kategorii\/adapter-hdd-ssd-lanberg-sanki-35-25\/"},"modified":"2026-04-01T00:22:46","modified_gmt":"2026-03-31T22:22:46","slug":"adapter-hdd-ssd-lanberg-sanki-35-25","status":"publish","type":"product","link":"https:\/\/lemonti.pl\/en\/sklep\/podzespoly-komputerowe\/dyski\/akcesoria-do-dyskow\/adapter-hdd-ssd-lanberg-sanki-35-25\/","title":{"rendered":"Adapter HDD \/ SSD Lanberg sanki 3,5&#8243; -&gt; 2,5&#8243;"},"content":{"rendered":"<div class=\"vgblk-rw-wrapper limit-wrapper\">\n<section class=\"section\">\n<div class=\"item item-12\">\n<section class=\"text-item\">\n<h1>Adapter HDD \/ SSD Lanberg sanki 3,5&#8243; -&gt; 2,5&#8243;<\/h1>\n<\/section><\/div>\n<\/section>\n<section class=\"section\">\n<div class=\"item item-6\">\n<section class=\"text-item\">\n<p>Szyna monta\u017cowa przeznaczona do dysk\u00f3w HDD\/SSD 2,5&#8243; pozwalaj\u0105ca na monta\u017c dysku w wi\u0119kszej zatoce 3,5&#8243;.<\/p>\n<ul>\n<li><b>Producent:<\/b> LANBERG<b><\/b><\/li>\n<li><b>Opis og\u00f3lny:<\/b> Adapter HDD \/ SSD Lanberg sanki 3,5&#8243; -&gt; 2,5&#8243;<\/li>\n<li><b>Typ akcesoria:<\/b> Akcesoria do dysk\u00f3w HDD<\/li>\n<li><b>Rodzaj dysku:<\/b> HDD\/SSD<\/li>\n<li><b>Kolor:<\/b> Metallic<\/li>\n<\/ul>\n<\/section><\/div>\n<div class=\"item item-6\">\n<section class=\"image-item\"><img decoding=\"async\" src=\"https:\/\/upload.cdn.baselinker.com\/products\/6010088\/7c3cc7350961b3a23a0d208474016857.jpg\" \/><\/section>\n<\/p><\/div>\n<\/section>\n<section class=\"section\">\n<div class=\"item item-12\">\n<section class=\"text-item\">\n<p><b>Informacje dodatkowe:<\/b><\/p>\n<ul>\n<li>Szyna monta\u017cowa przeznaczona do dysk\u00f3w HDD\/SSD 2,5&#8243; pozwalaj\u0105ca na monta\u017c;<\/li>\n<li>dysku w wi\u0119kszej zatoce 3,5&#8243;;<\/li>\n<li>Uniwersalne zastosowanie, pasuje do ka\u017cdego dysku SSD\/HDD 2,5&#8243;;<\/li>\n<li>Przeznaczony do monta\u017cu w zatoce 3,5&#8243;.<\/li>\n<\/ul>\n<\/section><\/div>\n<\/section>\n<section class=\"section\">\n<div class=\"item item-12\">\n<section class=\"image-item\"><img decoding=\"async\" src=\"https:\/\/upload.cdn.baselinker.com\/products\/6010088\/c1a7357782eed0f8048c7ce92f460756.jpg\" \/><\/section>\n<\/p><\/div>\n<\/section>\n<\/div>\n<p><!-- .vgblk-rw-wrapper --><\/p>","protected":false},"excerpt":{"rendered":"<p>Adapter HDD \/ SSD Lanberg sanki 3,5&#8243; -&gt; 2,5&#8243; Szyna monta\u017cowa przeznaczona do dysk\u00f3w HDD\/SSD 2,5&#8243; pozwalaj\u0105ca na monta\u017c dysku w wi\u0119kszej zatoce 3,5&#8243;. Producent: LANBERG Opis og\u00f3lny: Adapter HDD \/ SSD Lanberg sanki 3,5&#8243; -&gt; 2,5&#8243; Typ akcesoria: Akcesoria do dysk\u00f3w HDD Rodzaj dysku: HDD\/SSD Kolor: Metallic Informacje dodatkowe: Szyna monta\u017cowa przeznaczona do dysk\u00f3w&#8230;<\/p>","protected":false},"featured_media":1834698,"comment_status":"open","ping_status":"closed","template":"","meta":[],"product_brand":[18452],"product_cat":[259,247,246],"product_tag":[],"class_list":{"0":"post-1834709","1":"product","2":"type-product","3":"status-publish","4":"has-post-thumbnail","6":"product_brand-lanberg","7":"product_cat-akcesoria-do-dyskow","8":"product_cat-dyski","9":"product_cat-podzespoly-komputerowe","11":"first","12":"instock","13":"taxable","14":"shipping-taxable","15":"purchasable","16":"product-type-simple"},"_links":{"self":[{"href":"https:\/\/lemonti.pl\/en\/wp-json\/wp\/v2\/product\/1834709","targetHints":{"allow":["GET"]}}],"collection":[{"href":"https:\/\/lemonti.pl\/en\/wp-json\/wp\/v2\/product"}],"about":[{"href":"https:\/\/lemonti.pl\/en\/wp-json\/wp\/v2\/types\/product"}],"replies":[{"embeddable":true,"href":"https:\/\/lemonti.pl\/en\/wp-json\/wp\/v2\/comments?post=1834709"}],"version-history":[{"count":0,"href":"https:\/\/lemonti.pl\/en\/wp-json\/wp\/v2\/product\/1834709\/revisions"}],"wp:featuredmedia":[{"embeddable":true,"href":"https:\/\/lemonti.pl\/en\/wp-json\/wp\/v2\/media\/1834698"}],"wp:attachment":[{"href":"https:\/\/lemonti.pl\/en\/wp-json\/wp\/v2\/media?parent=1834709"}],"wp:term":[{"taxonomy":"product_brand","embeddable":true,"href":"https:\/\/lemonti.pl\/en\/wp-json\/wp\/v2\/product_brand?post=1834709"},{"taxonomy":"product_cat","embeddable":true,"href":"https:\/\/lemonti.pl\/en\/wp-json\/wp\/v2\/product_cat?post=1834709"},{"taxonomy":"product_tag","embeddable":true,"href":"https:\/\/lemonti.pl\/en\/wp-json\/wp\/v2\/product_tag?post=1834709"}],"curies":[{"name":"wp","href":"https:\/\/api.w.org\/{rel}","templated":true}]}}