{"id":1834089,"date":"2026-01-19T15:16:21","date_gmt":"2026-01-19T14:16:21","guid":{"rendered":"https:\/\/lemonti.pl\/sklep\/bez-kategorii\/dysk-ssd-silicon-power-a60-2tb-m-2-2280-pcie-gen3x4-nvme-2200-1600-mb-s\/"},"modified":"2026-04-22T09:31:52","modified_gmt":"2026-04-22T07:31:52","slug":"dysk-ssd-silicon-power-a60-2tb-m-2-2280-pcie-gen3x4-nvme-2200-1600-mb-s","status":"publish","type":"product","link":"https:\/\/lemonti.pl\/en\/sklep\/podzespoly-komputerowe\/dyski\/dyski-ssd\/dysk-ssd-silicon-power-a60-2tb-m-2-2280-pcie-gen3x4-nvme-2200-1600-mb-s\/","title":{"rendered":"Dysk SSD Silicon Power A60 2TB M.2 2280 PCIe Gen3x4 NVMe (2200\/1600 MB\/s)"},"content":{"rendered":"<div class=\"vgblk-rw-wrapper limit-wrapper\">\n<section class=\"section\">\n<div class=\"item item-6\">\n<section class=\"text-item\">\n<h2>Dysk SSD Silicon Power P34A60 2TB M.2 PCIe<\/h2>\n<h1>Dysk SSD Silicon Power A60 2TB PCIe Gen3x4 NVMe (2200\/1600 MB\/s) 2280<\/h1>\n<\/section><\/div>\n<div class=\"item item-6\">\n<section class=\"image-item\"><img decoding=\"async\" src=\"https:\/\/upload.cdn.baselinker.com\/products\/6010088\/c455d20f37ffa9f5efd0b45c909953d8.jpg\" \/><\/section>\n<\/p><\/div>\n<\/section>\n<section class=\"section\">\n<div class=\"item item-6\">\n<section class=\"image-item\"><img decoding=\"async\" src=\"https:\/\/upload.cdn.baselinker.com\/products\/6010088\/640887e5928e4f1f21b75bd5a32f2c11.jpg\" \/><\/section>\n<\/p><\/div>\n<div class=\"item item-6\">\n<section class=\"text-item\">\n<h2>Parametry techniczne:<\/h2>\n<p>INFORMACJE PODSTAWOWE<\/p>\n<ul>\n<li><b>Format dysku:<\/b> M.2 2280<\/li>\n<li><b>Interfejs:<\/b> PCIe NVMe 3.0 x4<\/li>\n<li><b>Typ dysku:<\/b> SSD<\/li>\n<li><b>Producent:<\/b> SILICON POWER<\/li>\n<li><b>Pojemno\u015b\u0107 dysku:<\/b> 2 TB<\/li>\n<li><b>Baza SCIP:<\/b> Nie<\/li>\n<li><b>Opis og\u00f3lny:<\/b> SSD Silicon Power A60 2TB PCIe Gen3x4 NVMe (2200\/1600 MB\/s) 2280<\/li>\n<\/ul>\n<p>CHARAKTERYSTYKA<\/p>\n<ul>\n<li><b>\u015aredni czas miedzy uszkodzeniami (MTBF):<\/b> 2000000 h<\/li>\n<li><b>Pr\u0119dko\u015b\u0107 odczytu (max):<\/b> 2200 MB\/s<\/li>\n<li><b>Pr\u0119dko\u015b\u0107 zapisu (max):<\/b> 1600 MB\/s<\/li>\n<li><b>Technika zapisywania danych:<\/b> TLC<\/li>\n<\/ul>\n<p>POZOSTA\u0141E PARAMETRY<\/p>\n<ul>\n<li><b>Cechy:<\/b> 2TB;2200\/1600 MB\/s<\/li>\n<li><b>Informacje dodatkowe:<\/b> Wymiary: 22.0 x 80.0 x 3.5mm<\/li>\n<\/ul>\n<\/section><\/div>\n<\/section>\n<\/div>\n<p><!-- .vgblk-rw-wrapper --><\/p>","protected":false},"excerpt":{"rendered":"<p>Dysk SSD Silicon Power P34A60 2TB M.2 PCIe Dysk SSD Silicon Power A60 2TB PCIe Gen3x4 NVMe (2200\/1600 MB\/s) 2280 Parametry techniczne: INFORMACJE PODSTAWOWE Format dysku: M.2 2280 Interfejs: PCIe NVMe 3.0 x4 Typ dysku: SSD Producent: SILICON POWER Pojemno\u015b\u0107 dysku: 2 TB Baza SCIP: Nie Opis og\u00f3lny: SSD Silicon Power A60 2TB PCIe Gen3x4&#8230;<\/p>","protected":false},"featured_media":1834086,"comment_status":"open","ping_status":"closed","template":"","meta":[],"product_brand":[16648],"product_cat":[247,256,246],"product_tag":[],"class_list":{"0":"post-1834089","1":"product","2":"type-product","3":"status-publish","4":"has-post-thumbnail","6":"product_brand-silicon-power","7":"product_cat-dyski","8":"product_cat-dyski-ssd","9":"product_cat-podzespoly-komputerowe","11":"first","12":"outofstock","13":"taxable","14":"shipping-taxable","15":"purchasable","16":"product-type-simple"},"_links":{"self":[{"href":"https:\/\/lemonti.pl\/en\/wp-json\/wp\/v2\/product\/1834089","targetHints":{"allow":["GET"]}}],"collection":[{"href":"https:\/\/lemonti.pl\/en\/wp-json\/wp\/v2\/product"}],"about":[{"href":"https:\/\/lemonti.pl\/en\/wp-json\/wp\/v2\/types\/product"}],"replies":[{"embeddable":true,"href":"https:\/\/lemonti.pl\/en\/wp-json\/wp\/v2\/comments?post=1834089"}],"version-history":[{"count":0,"href":"https:\/\/lemonti.pl\/en\/wp-json\/wp\/v2\/product\/1834089\/revisions"}],"wp:featuredmedia":[{"embeddable":true,"href":"https:\/\/lemonti.pl\/en\/wp-json\/wp\/v2\/media\/1834086"}],"wp:attachment":[{"href":"https:\/\/lemonti.pl\/en\/wp-json\/wp\/v2\/media?parent=1834089"}],"wp:term":[{"taxonomy":"product_brand","embeddable":true,"href":"https:\/\/lemonti.pl\/en\/wp-json\/wp\/v2\/product_brand?post=1834089"},{"taxonomy":"product_cat","embeddable":true,"href":"https:\/\/lemonti.pl\/en\/wp-json\/wp\/v2\/product_cat?post=1834089"},{"taxonomy":"product_tag","embeddable":true,"href":"https:\/\/lemonti.pl\/en\/wp-json\/wp\/v2\/product_tag?post=1834089"}],"curies":[{"name":"wp","href":"https:\/\/api.w.org\/{rel}","templated":true}]}}