{"id":1830027,"date":"2026-01-02T18:05:23","date_gmt":"2026-01-02T17:05:23","guid":{"rendered":"https:\/\/lemonti.pl\/sklep\/bez-kategorii\/pamiec-ddr4-silicon-power-xpower-pulse-gaming-8gb-1x8gb-3200mhz-cl16-135v\/"},"modified":"2026-03-17T00:58:07","modified_gmt":"2026-03-16T23:58:07","slug":"pamiec-ddr4-silicon-power-xpower-pulse-gaming-8gb-1x8gb-3200mhz-cl16-135v","status":"publish","type":"product","link":"https:\/\/lemonti.pl\/en\/sklep\/podzespoly-komputerowe\/pamieci-ram\/ddr4\/pamiec-ddr4-silicon-power-xpower-pulse-gaming-8gb-1x8gb-3200mhz-cl16-135v\/","title":{"rendered":"Pami\u0119\u0107 DDR4 Silicon Power XPOWER Pulse Gaming 8GB (1x8GB) 3200MHz CL16 1,35V"},"content":{"rendered":"<div class=\"vgblk-rw-wrapper limit-wrapper\">\n<section class=\"section\">\n<div class=\"item item-12\">\n<section class=\"text-item\">\n<h2>Pami\u0119\u0107 DDR4 Silicon Power XPOWER Pulse Gaming 8GB 3200MHz CL16 1,35V<\/h2>\n<p><b>Producent: Silicon Power<\/b><\/p>\n<\/section><\/div>\n<\/section>\n<section class=\"section\">\n<div class=\"item item-6\">\n<section class=\"text-item\">\n<p><b>Specyfikacja techniczna:<\/b><\/p>\n<ul>\n<li><b>Rodzaj pami\u0119ci:<\/b> Pami\u0119\u0107 RAM<\/li>\n<li><b>Pojemno\u015b\u0107 pami\u0119ci:<\/b> 8 GB<\/li>\n<li><b>Standard pami\u0119ci:<\/b> DIMM<\/li>\n<li><b>Cz\u0119stotliwo\u015b\u0107 szyny pami\u0119ci:<\/b> 3200 MHz<\/li>\n<li><b>Typ pami\u0119ci:<\/b> DDR4<\/li>\n<li><b>Op\u00f3\u017anienie:<\/b> CL 16<\/li>\n<li><b>Obs\u0142uga XMP:<\/b> Tak<\/li>\n<li><b>Napi\u0119cie (V):<\/b> 1.35<\/li>\n<li><b>Kolor:<\/b> Srebrny<\/li>\n<\/ul>\n<\/section><\/div>\n<div class=\"item item-6\">\n<section class=\"image-item\"><img decoding=\"async\" src=\"https:\/\/upload.cdn.baselinker.com\/products\/6010088\/19c9e22058901d9ae45f43f3cea917bc.jpg\" \/><\/section>\n<\/p><\/div>\n<\/section>\n<section class=\"section\">\n<div class=\"item item-12\">\n<section class=\"image-item\"><img decoding=\"async\" src=\"https:\/\/upload.cdn.baselinker.com\/products\/6010088\/7a21c7b593799dcd55cb485a0fa0d8f6.jpg\" \/><\/section>\n<\/p><\/div>\n<\/section>\n<\/div>\n<p><!-- .vgblk-rw-wrapper --><\/p>","protected":false},"excerpt":{"rendered":"<p>Pami\u0119\u0107 DDR4 Silicon Power XPOWER Pulse Gaming 8GB 3200MHz CL16 1,35V Producent: Silicon Power Specyfikacja techniczna: Rodzaj pami\u0119ci: Pami\u0119\u0107 RAM Pojemno\u015b\u0107 pami\u0119ci: 8 GB Standard pami\u0119ci: DIMM Cz\u0119stotliwo\u015b\u0107 szyny pami\u0119ci: 3200 MHz Typ pami\u0119ci: DDR4 Op\u00f3\u017anienie: CL 16 Obs\u0142uga XMP: Tak Napi\u0119cie (V): 1.35 Kolor: Srebrny<\/p>","protected":false},"featured_media":1830025,"comment_status":"open","ping_status":"closed","template":"","meta":[],"product_brand":[16648],"product_cat":[273,251,246],"product_tag":[],"class_list":{"0":"post-1830027","1":"product","2":"type-product","3":"status-publish","4":"has-post-thumbnail","6":"product_brand-silicon-power","7":"product_cat-ddr4","8":"product_cat-pamieci-ram","9":"product_cat-podzespoly-komputerowe","11":"first","12":"instock","13":"taxable","14":"shipping-taxable","15":"purchasable","16":"product-type-simple"},"_links":{"self":[{"href":"https:\/\/lemonti.pl\/en\/wp-json\/wp\/v2\/product\/1830027","targetHints":{"allow":["GET"]}}],"collection":[{"href":"https:\/\/lemonti.pl\/en\/wp-json\/wp\/v2\/product"}],"about":[{"href":"https:\/\/lemonti.pl\/en\/wp-json\/wp\/v2\/types\/product"}],"replies":[{"embeddable":true,"href":"https:\/\/lemonti.pl\/en\/wp-json\/wp\/v2\/comments?post=1830027"}],"version-history":[{"count":0,"href":"https:\/\/lemonti.pl\/en\/wp-json\/wp\/v2\/product\/1830027\/revisions"}],"wp:featuredmedia":[{"embeddable":true,"href":"https:\/\/lemonti.pl\/en\/wp-json\/wp\/v2\/media\/1830025"}],"wp:attachment":[{"href":"https:\/\/lemonti.pl\/en\/wp-json\/wp\/v2\/media?parent=1830027"}],"wp:term":[{"taxonomy":"product_brand","embeddable":true,"href":"https:\/\/lemonti.pl\/en\/wp-json\/wp\/v2\/product_brand?post=1830027"},{"taxonomy":"product_cat","embeddable":true,"href":"https:\/\/lemonti.pl\/en\/wp-json\/wp\/v2\/product_cat?post=1830027"},{"taxonomy":"product_tag","embeddable":true,"href":"https:\/\/lemonti.pl\/en\/wp-json\/wp\/v2\/product_tag?post=1830027"}],"curies":[{"name":"wp","href":"https:\/\/api.w.org\/{rel}","templated":true}]}}