{"id":1829978,"date":"2026-01-02T18:05:07","date_gmt":"2026-01-02T17:05:07","guid":{"rendered":"https:\/\/lemonti.pl\/sklep\/bez-kategorii\/pamiec-ddr4-kingston-fury-beast-16gb-2x8gb-3200mhz-cl16-135v-czarna\/"},"modified":"2026-04-14T12:01:53","modified_gmt":"2026-04-14T10:01:53","slug":"pamiec-ddr4-kingston-fury-beast-16gb-2x8gb-3200mhz-cl16-135v-czarna","status":"publish","type":"product","link":"https:\/\/lemonti.pl\/en\/sklep\/podzespoly-komputerowe\/pamieci-ram\/ddr4\/pamiec-ddr4-kingston-fury-beast-16gb-2x8gb-3200mhz-cl16-135v-czarna\/","title":{"rendered":"Pami\u0119\u0107 DDR4 Kingston Fury Beast 16GB (2x8GB) 3200MHz CL16 1,35V czarna"},"content":{"rendered":"<div class=\"vgblk-rw-wrapper limit-wrapper\">\n<section class=\"section\">\n<div class=\"item item-12\">\n<section class=\"text-item\">\n<h2>Pami\u0119\u0107 DDR4 Kingston Fury Beast 16GB (2x8GB) 3200MHz CL16 1,35V czarna<\/h2>\n<\/section><\/div>\n<\/section>\n<section class=\"section\">\n<div class=\"item item-6\">\n<section class=\"image-item\"><img decoding=\"async\" src=\"https:\/\/upload.cdn.baselinker.com\/products\/6010088\/6a5f9248d21568c34c59c079fbff1c54.jpg\" \/><\/section>\n<\/p><\/div>\n<div class=\"item item-6\">\n<section class=\"text-item\">\n<p><b>Pami\u0119\u0107 Kingston FURY Beast DDR4<\/b><\/p>\n<p><b>Uwolnij wydajno\u015b\u0107 swojego komputera.<\/b><\/p>\n<p>Pami\u0119\u0107 Kingston FURY Beast DDR4 o&nbsp;cz\u0119stotliwo\u015bci taktowania&nbsp;3200MHz&nbsp;to pot\u0119\u017cny \u0142adunek wydajno\u015bci w grach, edycji materia\u0142\u00f3w wideo i renderowaniu grafiki. Pami\u0119\u0107 o cz\u0119stotliwo\u015bci taktowania 3200MHz i op\u00f3\u017anieniu&nbsp;CL16 to niedrogi spos\u00f3b na modernizacj\u0119 komputera. Ch\u0142odzenie pami\u0119ci FURY Beast DDR4 zapewnia stylowy, niskoprofilowy radiator.<\/p>\n<p>generacj\u0105) nie zosta\u0142y przystosowane do obs\u0142ugi modu\u0142\u00f3w pami\u0119ci DRAM DDR4 16Gbit. Zaleca si\u0119 sprawdzenie, czy producent systemu lub p\u0142yty g\u0142\u00f3wnej oferuje aktualizacj\u0119 systemu BIOS umo\u017cliwiaj\u0105c\u0105 obs\u0142ug\u0119 16-gigabitowej pami\u0119ci DRAM.<\/p>\n<ul>\n<li>Niskoprofilowa konstrukcja radiatora<\/li>\n<li>Przyst\u0119pna cenowo, wysokowydajna pami\u0119\u0107 DDR4 do modernizacji system\u00f3w<\/li>\n<li>Zgodno\u015b\u0107 z procesorami AMD Ryzen<\/li>\n<li>Funkcja Plug N Play przy cz\u0119stotliwo\u015bci taktowania 2666MHz*<\/li>\n<\/ul>\n<p>*Pami\u0119\u0107 FURY Plug N Play dzia\u0142a w systemach DDR4 z cz\u0119stotliwo\u015bci\u0105 taktowania dopuszczon\u0105 przez BIOS systemu danego producenta. Funkcja PnP nie pozwala uzyska\u0107 wy\u017cszej cz\u0119stotliwo\u015bci taktowania pami\u0119ci systemowej ni\u017c dopuszczona przez BIOS producenta. Produkty FURY DDR4 Plug N Play obs\u0142uguj\u0105 standard XMP 2.0, co oznacza, \u017ce mo\u017cna je r\u00f3wnie\u017c przetaktowa\u0107, aktywuj\u0105c wbudowany profil XMP.<\/p>\n<\/section><\/div>\n<\/section>\n<section class=\"section\">\n<div class=\"item item-6\">\n<section class=\"image-item\"><img decoding=\"async\" src=\"https:\/\/upload.cdn.baselinker.com\/products\/6010088\/cdbbcd4b249614fb71d1373645ee0d98.jpg\" \/><\/section>\n<\/p><\/div>\n<div class=\"item item-6\">\n<section class=\"text-item\">\n<p><b>Specyfikacja:<\/b><\/p>\n<ul>\n<li><b>Rodzaj pami\u0119ci:<\/b> DDR4<\/li>\n<li><b>Ca\u0142kowita pojemno\u015b\u0107 pami\u0119ci:<\/b> 16 GB<\/li>\n<li><b>Cz\u0119stotliwo\u015b\u0107 szyny pami\u0119ci:<\/b> 3200 MHz<\/li>\n<li><b>Liczba pami\u0119ci w zestawie:<\/b> 2<\/li>\n<li><b>CAS Latency:<\/b> CL16<\/li>\n<li><b>Obs\u0142uga ECC:<\/b> Nie<\/li>\n<li><b>Radiator:<\/b> Tak<\/li>\n<\/ul>\n<\/section><\/div>\n<\/section>\n<section class=\"section\">\n<div class=\"item item-6\">\n<section class=\"image-item\"><img decoding=\"async\" src=\"https:\/\/upload.cdn.baselinker.com\/products\/6010088\/438121b0957dbb928ebcccaaf749fa55.jpg\" \/><\/section>\n<\/p><\/div>\n<div class=\"item item-6\">\n<section class=\"image-item\"><img decoding=\"async\" src=\"https:\/\/upload.cdn.baselinker.com\/products\/6010088\/4d13455e6fdf842f5bccc53a76030788.jpg\" \/><\/section>\n<\/p><\/div>\n<\/section>\n<section class=\"section\">\n<div class=\"item item-6\">\n<section class=\"image-item\"><img decoding=\"async\" src=\"https:\/\/upload.cdn.baselinker.com\/products\/6010088\/0b02185263aa0dc7f91294d34d31c765.jpg\" \/><\/section>\n<\/p><\/div>\n<div class=\"item item-6\">\n<section class=\"image-item\"><img decoding=\"async\" src=\"https:\/\/upload.cdn.baselinker.com\/products\/6010088\/89029a0ebe48d00b1949bc038058331b.jpg\" \/><\/section>\n<\/p><\/div>\n<\/section>\n<\/div>\n<p><!-- .vgblk-rw-wrapper --><\/p>","protected":false},"excerpt":{"rendered":"<p>Pami\u0119\u0107 DDR4 Kingston Fury Beast 16GB (2x8GB) 3200MHz CL16 1,35V czarna Pami\u0119\u0107 Kingston FURY Beast DDR4 Uwolnij wydajno\u015b\u0107 swojego komputera. Pami\u0119\u0107 Kingston FURY Beast DDR4 o&nbsp;cz\u0119stotliwo\u015bci taktowania&nbsp;3200MHz&nbsp;to pot\u0119\u017cny \u0142adunek wydajno\u015bci w grach, edycji materia\u0142\u00f3w wideo i renderowaniu grafiki. Pami\u0119\u0107 o cz\u0119stotliwo\u015bci taktowania 3200MHz i op\u00f3\u017anieniu&nbsp;CL16 to niedrogi spos\u00f3b na modernizacj\u0119 komputera. Ch\u0142odzenie pami\u0119ci FURY Beast&#8230;<\/p>","protected":false},"featured_media":1829965,"comment_status":"open","ping_status":"closed","template":"","meta":[],"product_brand":[16652],"product_cat":[273,251,246],"product_tag":[],"class_list":{"0":"post-1829978","1":"product","2":"type-product","3":"status-publish","4":"has-post-thumbnail","6":"product_brand-kingston","7":"product_cat-ddr4","8":"product_cat-pamieci-ram","9":"product_cat-podzespoly-komputerowe","11":"first","12":"instock","13":"taxable","14":"shipping-taxable","15":"purchasable","16":"product-type-simple"},"_links":{"self":[{"href":"https:\/\/lemonti.pl\/en\/wp-json\/wp\/v2\/product\/1829978","targetHints":{"allow":["GET"]}}],"collection":[{"href":"https:\/\/lemonti.pl\/en\/wp-json\/wp\/v2\/product"}],"about":[{"href":"https:\/\/lemonti.pl\/en\/wp-json\/wp\/v2\/types\/product"}],"replies":[{"embeddable":true,"href":"https:\/\/lemonti.pl\/en\/wp-json\/wp\/v2\/comments?post=1829978"}],"version-history":[{"count":0,"href":"https:\/\/lemonti.pl\/en\/wp-json\/wp\/v2\/product\/1829978\/revisions"}],"wp:featuredmedia":[{"embeddable":true,"href":"https:\/\/lemonti.pl\/en\/wp-json\/wp\/v2\/media\/1829965"}],"wp:attachment":[{"href":"https:\/\/lemonti.pl\/en\/wp-json\/wp\/v2\/media?parent=1829978"}],"wp:term":[{"taxonomy":"product_brand","embeddable":true,"href":"https:\/\/lemonti.pl\/en\/wp-json\/wp\/v2\/product_brand?post=1829978"},{"taxonomy":"product_cat","embeddable":true,"href":"https:\/\/lemonti.pl\/en\/wp-json\/wp\/v2\/product_cat?post=1829978"},{"taxonomy":"product_tag","embeddable":true,"href":"https:\/\/lemonti.pl\/en\/wp-json\/wp\/v2\/product_tag?post=1829978"}],"curies":[{"name":"wp","href":"https:\/\/api.w.org\/{rel}","templated":true}]}}