{"id":1829963,"date":"2026-01-02T18:04:58","date_gmt":"2026-01-02T17:04:58","guid":{"rendered":"https:\/\/lemonti.pl\/sklep\/bez-kategorii\/pamiec-ddr4-silicon-power-xpower-pulse-gaming-32gb-2x16gb-3200mhz-cl16-135v\/"},"modified":"2026-04-17T14:30:41","modified_gmt":"2026-04-17T12:30:41","slug":"pamiec-ddr4-silicon-power-xpower-pulse-gaming-32gb-2x16gb-3200mhz-cl16-135v","status":"publish","type":"product","link":"https:\/\/lemonti.pl\/en\/sklep\/podzespoly-komputerowe\/pamieci-ram\/ddr4\/pamiec-ddr4-silicon-power-xpower-pulse-gaming-32gb-2x16gb-3200mhz-cl16-135v\/","title":{"rendered":"Pami\u0119\u0107 DDR4 Silicon Power XPOWER Pulse Gaming 32GB (2x16GB) 3200MHz CL16 1,35V"},"content":{"rendered":"<div class=\"vgblk-rw-wrapper limit-wrapper\">\n<section class=\"section\">\n<div class=\"item item-12\">\n<section class=\"text-item\">\n<h2>Pami\u0119\u0107 DDR4 Silicon Power XPOWER Pulse Gaming 32GB (2x16GB) 3200MHz CL16 1,35V<\/h2>\n<\/section><\/div>\n<\/section>\n<section class=\"section\">\n<div class=\"item item-6\">\n<section class=\"text-item\">\n<ul>\n<li><b>Rodzaj pami\u0119ci:<\/b> DDR4<\/li>\n<li><b>Ca\u0142kowita pojemno\u015b\u0107 pami\u0119ci:<\/b> 32 GB<\/li>\n<li><b>Cz\u0119stotliwo\u015b\u0107 szyny pami\u0119ci:<\/b> 3200 MHz<\/li>\n<li><b>Liczba pami\u0119ci w zestawie:<\/b> 2<\/li>\n<li><b>CAS Latency:<\/b> CL16<\/li>\n<li><b>Obs\u0142uga ECC:<\/b> Nie<\/li>\n<li><b>Radiator :<\/b> Tak<\/li>\n<li><b>Wymiary:<\/b> 31,3 x 133,4 x 5 mm<\/li>\n<li><b>Waga:<\/b> 50 g<\/li>\n<\/ul>\n<\/section><\/div>\n<div class=\"item item-6\">\n<section class=\"image-item\"><img decoding=\"async\" src=\"https:\/\/upload.cdn.baselinker.com\/products\/6010088\/5215249dfec96d7c5a94362d2c7f4476.jpg\" \/><\/section>\n<\/p><\/div>\n<\/section>\n<section class=\"section\">\n<div class=\"item item-6\">\n<section class=\"text-item\">\n<p><b>DDR4 XPOWER Pulse<\/b><\/p>\n<p><b>Bardzo niskie op\u00f3\u017anienia. Niezr\u00f3wnana szybko\u015b\u0107 reakcji<\/b>Pami\u0119\u0107 Pulse zapewnia ultra responsywne obliczenia, oferuj\u0105c szybkie pr\u0119dko\u015bci 3200MT\/s i precyzyjne taktowanie CL16 dla maksymalnej wydajno\u015bci.<b>Uwolnij potencja\u0142 dzi\u0119ki kompatybilno\u015bci z XMP<\/b>Pami\u0119\u0107 DRAM Pulse 3200 MT\/s to doskona\u0142y wyb\u00f3r pr\u0119dko\u015bci, maksymalizuj\u0105cy wydajno\u015b\u0107 komputera dzi\u0119ki obs\u0142udze Intel XMP i precyzyjnemu taktowaniu CL16, aby uwolni\u0107 pe\u0142ny potencja\u0142 systemu.<b>Ch\u0142odna, elegancka i wydajna konstrukcja<\/b>Pulsacyjny rozpraszacz ciep\u0142a zapewnia ch\u0142odn\u0105, stabiln\u0105 prac\u0119 i wyd\u0142u\u017ca \u017cywotno\u015b\u0107. Lekka waga 25 g, elegancka konstrukcja 133,4 mm ze szczotkowanym wyko\u0144czeniem. Utrzymuje najwy\u017csz\u0105 wydajno\u015b\u0107 1,35 V, idealn\u0105 dla entuzjast\u00f3w.<b> Trwa\u0142a wydajno\u015b\u0107<\/b>Nasza pami\u0119\u0107 Pulse zapewnia bezpieczn\u0105 przysz\u0142o\u015b\u0107 dzi\u0119ki ograniczonej do\u017cywotniej gwarancji, obiecuj\u0105c trwa\u0142\u0105 wydajno\u015b\u0107 i niezawodno\u015b\u0107 systemu.<\/p>\n<\/section><\/div>\n<div class=\"item item-6\">\n<section class=\"image-item\"><img decoding=\"async\" src=\"https:\/\/upload.cdn.baselinker.com\/products\/6010088\/8df2aaa1384b5b487964cb0bfcf1c6d2.jpg\" \/><\/section>\n<\/p><\/div>\n<\/section>\n<\/div>\n<p><!-- .vgblk-rw-wrapper --><\/p>","protected":false},"excerpt":{"rendered":"<p>Pami\u0119\u0107 DDR4 Silicon Power XPOWER Pulse Gaming 32GB (2x16GB) 3200MHz CL16 1,35V Rodzaj pami\u0119ci: DDR4 Ca\u0142kowita pojemno\u015b\u0107 pami\u0119ci: 32 GB Cz\u0119stotliwo\u015b\u0107 szyny pami\u0119ci: 3200 MHz Liczba pami\u0119ci w zestawie: 2 CAS Latency: CL16 Obs\u0142uga ECC: Nie Radiator : Tak Wymiary: 31,3 x 133,4 x 5 mm Waga: 50 g DDR4 XPOWER Pulse Bardzo niskie op\u00f3\u017anienia&#8230;.<\/p>","protected":false},"featured_media":1829961,"comment_status":"open","ping_status":"closed","template":"","meta":[],"product_brand":[16648],"product_cat":[273,251,246],"product_tag":[],"class_list":{"0":"post-1829963","1":"product","2":"type-product","3":"status-publish","4":"has-post-thumbnail","6":"product_brand-silicon-power","7":"product_cat-ddr4","8":"product_cat-pamieci-ram","9":"product_cat-podzespoly-komputerowe","11":"first","12":"instock","13":"taxable","14":"shipping-taxable","15":"purchasable","16":"product-type-simple"},"_links":{"self":[{"href":"https:\/\/lemonti.pl\/en\/wp-json\/wp\/v2\/product\/1829963","targetHints":{"allow":["GET"]}}],"collection":[{"href":"https:\/\/lemonti.pl\/en\/wp-json\/wp\/v2\/product"}],"about":[{"href":"https:\/\/lemonti.pl\/en\/wp-json\/wp\/v2\/types\/product"}],"replies":[{"embeddable":true,"href":"https:\/\/lemonti.pl\/en\/wp-json\/wp\/v2\/comments?post=1829963"}],"version-history":[{"count":0,"href":"https:\/\/lemonti.pl\/en\/wp-json\/wp\/v2\/product\/1829963\/revisions"}],"wp:featuredmedia":[{"embeddable":true,"href":"https:\/\/lemonti.pl\/en\/wp-json\/wp\/v2\/media\/1829961"}],"wp:attachment":[{"href":"https:\/\/lemonti.pl\/en\/wp-json\/wp\/v2\/media?parent=1829963"}],"wp:term":[{"taxonomy":"product_brand","embeddable":true,"href":"https:\/\/lemonti.pl\/en\/wp-json\/wp\/v2\/product_brand?post=1829963"},{"taxonomy":"product_cat","embeddable":true,"href":"https:\/\/lemonti.pl\/en\/wp-json\/wp\/v2\/product_cat?post=1829963"},{"taxonomy":"product_tag","embeddable":true,"href":"https:\/\/lemonti.pl\/en\/wp-json\/wp\/v2\/product_tag?post=1829963"}],"curies":[{"name":"wp","href":"https:\/\/api.w.org\/{rel}","templated":true}]}}