{"id":1829955,"date":"2026-01-02T18:04:52","date_gmt":"2026-01-02T17:04:52","guid":{"rendered":"https:\/\/lemonti.pl\/sklep\/bez-kategorii\/pamiec-ddr4-kingston-valueram-8gb-1x8gb-3200mhz-cl22-1-2v\/"},"modified":"2026-04-13T15:51:09","modified_gmt":"2026-04-13T13:51:09","slug":"pamiec-ddr4-kingston-valueram-8gb-1x8gb-3200mhz-cl22-1-2v","status":"publish","type":"product","link":"https:\/\/lemonti.pl\/en\/sklep\/podzespoly-komputerowe\/pamieci-ram\/ddr4\/pamiec-ddr4-kingston-valueram-8gb-1x8gb-3200mhz-cl22-1-2v\/","title":{"rendered":"Pami\u0119\u0107 DDR4 Kingston ValueRAM 8GB (1x8GB) 3200MHz CL22 1.2V"},"content":{"rendered":"<div class=\"vgblk-rw-wrapper limit-wrapper\">\n<section class=\"section\">\n<div class=\"item item-12\">\n<section class=\"text-item\">\n<h2>KINGSTON 8GB 3200MHz DDR4 NonECC CL22 DIMM 1Rx8<\/h2>\n<\/section><\/div>\n<\/section>\n<section class=\"section\">\n<div class=\"item item-6\">\n<section class=\"text-item\">\n<h2>KINGSTON 8GB 3200MHz DDR4 NonECC CL22 DIMM 1Rx8<\/h2>\n<p>KINGSTON<\/p>\n<p>Pami\u0119ci ValueRAM, standardowe pami\u0119ci firmy Kingston, zapewniaj\u0105 wielokrotnie nagradzan\u0105 wydajno\u015b\u0107 i legendarn\u0105 niezawodno\u015b\u0107 pami\u0119ci Kingston. Je\u017celi masz wysokie wymagania, potrzebujesz pami\u0119ci Kingston ValueRAM.<\/p>\n<\/section><\/div>\n<div class=\"item item-6\">\n<section class=\"image-item\"><img decoding=\"async\" src=\"https:\/\/upload.cdn.baselinker.com\/products\/6010088\/c146e9d245890c6a27b0e0dc3e321cdf.jpg\" \/><\/section>\n<\/p><\/div>\n<\/section>\n<section class=\"section\">\n<div class=\"item item-6\">\n<section class=\"text-item\">\n<ul>\n<li><b>Opis produktu:<\/b> Kingston ValueRAM DDR4 modu\u0142 8 GB DIMM 288pin 3200 MHz PC425600 niebuforowana<\/li>\n<li><b>Typ produktu:<\/b> Modu\u0142 pami\u0119ci<\/li>\n<li><b>Pojemno\u015b\u0107:<\/b> 8 GB<\/li>\n<li><b>Typ pami\u0119ci:<\/b> DDR4 SDRAM DIMM 288pin<\/li>\n<li><b>Spos\u00f3b rozbudowy:<\/b> Standardowy<\/li>\n<li><b>Sprawdzenie intgralno\u015bci danych:<\/b> Bez ECC<\/li>\n<li><b>Szybko\u015b\u0107:<\/b> 3200 MHz (PC425600)<\/li>\n<li><b>Latency Timings:<\/b> CL22 (222222)<\/li>\n<li><b>Cechy:<\/b> Modu\u0142 Jednostronny, OnDie Termination (ODT), Serial Presence Detect (SPD), 16 bank\u00f3w, Automatyczne od\u015bwie\u017canie przy niskiej mocy (LPASR), niebuforowana<\/li>\n<li><b>Napi\u0119cie:<\/b> 1.2 V<\/li>\n<li><b>Pow\u0142oka \u0142\u0105cz\u00f3wki:<\/b> Z\u0142oto<\/li>\n<\/ul>\n<\/section><\/div>\n<div class=\"item item-6\">\n<section class=\"image-item\"><img decoding=\"async\" src=\"https:\/\/upload.cdn.baselinker.com\/products\/6010088\/8cc0d724c5f5ebba00c174f4c6108218.jpg\" \/><\/section>\n<\/p><\/div>\n<\/section>\n<section class=\"section\">\n<div class=\"item item-6\">\n<section class=\"image-item\"><img decoding=\"async\" src=\"https:\/\/upload.cdn.baselinker.com\/products\/6010088\/8cc0d724c5f5ebba00c174f4c6108218.jpg\" \/><\/section>\n<\/p><\/div>\n<div class=\"item item-6\">\n<section class=\"image-item\"><img decoding=\"async\" src=\"https:\/\/upload.cdn.baselinker.com\/products\/6010088\/9a9c48ae02b9e3fe6bc902ab89a0c0a8.jpg\" \/><\/section>\n<\/p><\/div>\n<\/section>\n<\/div>\n<p><!-- .vgblk-rw-wrapper --><\/p>","protected":false},"excerpt":{"rendered":"<p>KINGSTON 8GB 3200MHz DDR4 NonECC CL22 DIMM 1Rx8 KINGSTON 8GB 3200MHz DDR4 NonECC CL22 DIMM 1Rx8 KINGSTON Pami\u0119ci ValueRAM, standardowe pami\u0119ci firmy Kingston, zapewniaj\u0105 wielokrotnie nagradzan\u0105 wydajno\u015b\u0107 i legendarn\u0105 niezawodno\u015b\u0107 pami\u0119ci Kingston. Je\u017celi masz wysokie wymagania, potrzebujesz pami\u0119ci Kingston ValueRAM. Opis produktu: Kingston ValueRAM DDR4 modu\u0142 8 GB DIMM 288pin 3200 MHz PC425600 niebuforowana Typ&#8230;<\/p>","protected":false},"featured_media":1829952,"comment_status":"open","ping_status":"closed","template":"","meta":[],"product_brand":[16652],"product_cat":[273,251,246],"product_tag":[],"class_list":{"0":"post-1829955","1":"product","2":"type-product","3":"status-publish","4":"has-post-thumbnail","6":"product_brand-kingston","7":"product_cat-ddr4","8":"product_cat-pamieci-ram","9":"product_cat-podzespoly-komputerowe","11":"first","12":"instock","13":"taxable","14":"shipping-taxable","15":"purchasable","16":"product-type-simple"},"_links":{"self":[{"href":"https:\/\/lemonti.pl\/en\/wp-json\/wp\/v2\/product\/1829955","targetHints":{"allow":["GET"]}}],"collection":[{"href":"https:\/\/lemonti.pl\/en\/wp-json\/wp\/v2\/product"}],"about":[{"href":"https:\/\/lemonti.pl\/en\/wp-json\/wp\/v2\/types\/product"}],"replies":[{"embeddable":true,"href":"https:\/\/lemonti.pl\/en\/wp-json\/wp\/v2\/comments?post=1829955"}],"version-history":[{"count":0,"href":"https:\/\/lemonti.pl\/en\/wp-json\/wp\/v2\/product\/1829955\/revisions"}],"wp:featuredmedia":[{"embeddable":true,"href":"https:\/\/lemonti.pl\/en\/wp-json\/wp\/v2\/media\/1829952"}],"wp:attachment":[{"href":"https:\/\/lemonti.pl\/en\/wp-json\/wp\/v2\/media?parent=1829955"}],"wp:term":[{"taxonomy":"product_brand","embeddable":true,"href":"https:\/\/lemonti.pl\/en\/wp-json\/wp\/v2\/product_brand?post=1829955"},{"taxonomy":"product_cat","embeddable":true,"href":"https:\/\/lemonti.pl\/en\/wp-json\/wp\/v2\/product_cat?post=1829955"},{"taxonomy":"product_tag","embeddable":true,"href":"https:\/\/lemonti.pl\/en\/wp-json\/wp\/v2\/product_tag?post=1829955"}],"curies":[{"name":"wp","href":"https:\/\/api.w.org\/{rel}","templated":true}]}}