{"id":1829928,"date":"2026-01-02T18:04:42","date_gmt":"2026-01-02T17:04:42","guid":{"rendered":"https:\/\/lemonti.pl\/sklep\/bez-kategorii\/pamiec-ddr4-silicon-power-8gb-1x8gb-3200mhz-cl22-12v\/"},"modified":"2026-04-20T17:10:51","modified_gmt":"2026-04-20T15:10:51","slug":"pamiec-ddr4-silicon-power-8gb-1x8gb-3200mhz-cl22-12v","status":"publish","type":"product","link":"https:\/\/lemonti.pl\/en\/sklep\/podzespoly-komputerowe\/pamieci-ram\/ddr4\/pamiec-ddr4-silicon-power-8gb-1x8gb-3200mhz-cl22-12v\/","title":{"rendered":"Pami\u0119\u0107 DDR4 Silicon Power 8GB (1x8GB) 3200MHz CL22 1,2V"},"content":{"rendered":"<div class=\"vgblk-rw-wrapper limit-wrapper\">\n<section class=\"section\">\n<div class=\"item item-12\">\n<section class=\"text-item\">\n<h1>Pami\u0119\u0107 DDR4 Silicon Power 8GB (1x8GB) 3200MHz CL22 1,2V<\/h1>\n<\/section><\/div>\n<\/section>\n<section class=\"section\">\n<div class=\"item item-6\">\n<section class=\"text-item\">\n<h2>Specyfikacja:<\/h2>\n<ul>\n<li><b>Rodzaj pami\u0119ci:<\/b> Pami\u0119\u0107 RAM<\/li>\n<li><b>Pojemno\u015b\u0107 pami\u0119ci:<\/b> 8 GB<\/li>\n<li><b>Standard pami\u0119ci:<\/b> DIMM<\/li>\n<li><b>Cz\u0119stotliwo\u015b\u0107 szyny pami\u0119ci:<\/b> 3200 MHz<\/li>\n<li><b>Typ pami\u0119ci:<\/b> DDR4<\/li>\n<li><b>Op\u00f3\u017anienie:<\/b> CL 22<\/li>\n<li><b>Z\u0142\u0105cze pami\u0119ci:<\/b> 288-pin<\/li>\n<li><b>Napi\u0119cie (V):<\/b> 1.20<\/li>\n<li><b>Kolor:<\/b> Czarny<\/li>\n<li><b>Opakowanie:<\/b> Blister<\/li>\n<li><b>Certyfikaty: <\/b>CE, FCC, Green dot, WEEE, RoHS<\/li>\n<\/ul>\n<\/section><\/div>\n<div class=\"item item-6\">\n<section class=\"image-item\"><img decoding=\"async\" src=\"https:\/\/upload.cdn.baselinker.com\/products\/6010088\/3fdacceb560c8fbc8f6da8516221be91.jpg\" \/><\/section>\n<\/p><\/div>\n<\/section>\n<section class=\"section\">\n<div class=\"item item-6\">\n<section class=\"text-item\">\n<h2>Pami\u0119\u0107 RAM Silicon Power DDR4 8 GB 3200<\/h2>\n<p><b>Aktualizacja pami\u0119ci, kt\u00f3ra daje wi\u0119cej<\/b><\/p>\n<p>Zaprojektowana, aby pom\u00f3c Twojemu systemowi dzia\u0142a\u0107 szybciej i p\u0142ynniej, seria DDR4 UDIMM oferuje najszybsz\u0105 w bran\u017cy szybko\u015b\u0107 pami\u0119ci wynosz\u0105c\u0105 3200 MT\/s. Ponadto technologia DDR4 jest nawet dwukrotnie szybsza ni\u017c jej poprzedniczka, DDR3, zapewniaj\u0105c wi\u0119ksz\u0105 przepustowo\u015b\u0107 i wi\u0119ksz\u0105 efektywno\u015b\u0107 energetyczn\u0105. Prosta aktualizacja pozwala na szybsze \u0142adowanie aplikacji, zwi\u0119kszon\u0105 responsywno\u015b\u0107 i mo\u017cliwo\u015b\u0107 \u0142atwej obs\u0142ugi program\u00f3w intensywnie korzystaj\u0105cych z danych.<\/p>\n<p><b>Dodatkowa pami\u0119\u0107, dodatkowa oszcz\u0119dno\u015b\u0107 energii<\/b><\/p>\n<p>Wi\u0119ksza ilo\u015b\u0107 pami\u0119ci jest \u0142atwym lekarstwem na powolny komputer, ale mo\u017ce r\u00f3wnie\u017c zwi\u0119kszy\u0107 zu\u017cycie energii i og\u00f3lne obci\u0105\u017cenie sprz\u0119tu systemowego.<\/p>\n<p><b>Kompatybilny dla Twojej wygody<\/b><\/p>\n<p>Zastanawiasz si\u0119, czy nowy modu\u0142 pami\u0119ci b\u0119dzie dzia\u0142a\u0142 p\u0142ynnie w nowym komputerze lub zaufanym starym komputerze? Ta seria DDR4 UDIMM jest kompatybilna z szerok\u0105 gam\u0105 komputer\u00f3w stacjonarnych. Dzi\u0119ki mo\u017cliwo\u015bci adaptacji tego modu\u0142u pami\u0119ci unikniesz losowych restart\u00f3w i niebieskich ekran\u00f3w, kt\u00f3re towarzysz\u0105 niestabilnemu i niezgodnemu modu\u0142owi pami\u0119ci.<\/p>\n<p><b>Jako\u015b\u0107 na ca\u0142e \u017cycie<\/b><\/p>\n<p>Ta seria DDR4 UDIMM jest w 100% testowana fabrycznie, aby zagwarantowa\u0107 najwy\u017cszy poziom stabilno\u015bci, trwa\u0142o\u015bci i niezawodno\u015bci.<\/p>\n<\/section><\/div>\n<div class=\"item item-6\">\n<section class=\"image-item\"><img decoding=\"async\" src=\"https:\/\/upload.cdn.baselinker.com\/products\/6010088\/3fdacceb560c8fbc8f6da8516221be91.jpg\" \/><\/section>\n<\/p><\/div>\n<\/section>\n<\/div>\n<p><!-- .vgblk-rw-wrapper --><\/p>","protected":false},"excerpt":{"rendered":"<p>Pami\u0119\u0107 DDR4 Silicon Power 8GB (1x8GB) 3200MHz CL22 1,2V Specyfikacja: Rodzaj pami\u0119ci: Pami\u0119\u0107 RAM Pojemno\u015b\u0107 pami\u0119ci: 8 GB Standard pami\u0119ci: DIMM Cz\u0119stotliwo\u015b\u0107 szyny pami\u0119ci: 3200 MHz Typ pami\u0119ci: DDR4 Op\u00f3\u017anienie: CL 22 Z\u0142\u0105cze pami\u0119ci: 288-pin Napi\u0119cie (V): 1.20 Kolor: Czarny Opakowanie: Blister Certyfikaty: CE, FCC, Green dot, WEEE, RoHS Pami\u0119\u0107 RAM Silicon Power DDR4 8&#8230;<\/p>","protected":false},"featured_media":1829926,"comment_status":"open","ping_status":"closed","template":"","meta":[],"product_brand":[16648],"product_cat":[273,251,246],"product_tag":[],"class_list":{"0":"post-1829928","1":"product","2":"type-product","3":"status-publish","4":"has-post-thumbnail","6":"product_brand-silicon-power","7":"product_cat-ddr4","8":"product_cat-pamieci-ram","9":"product_cat-podzespoly-komputerowe","11":"first","12":"instock","13":"taxable","14":"shipping-taxable","15":"purchasable","16":"product-type-simple"},"_links":{"self":[{"href":"https:\/\/lemonti.pl\/en\/wp-json\/wp\/v2\/product\/1829928","targetHints":{"allow":["GET"]}}],"collection":[{"href":"https:\/\/lemonti.pl\/en\/wp-json\/wp\/v2\/product"}],"about":[{"href":"https:\/\/lemonti.pl\/en\/wp-json\/wp\/v2\/types\/product"}],"replies":[{"embeddable":true,"href":"https:\/\/lemonti.pl\/en\/wp-json\/wp\/v2\/comments?post=1829928"}],"version-history":[{"count":0,"href":"https:\/\/lemonti.pl\/en\/wp-json\/wp\/v2\/product\/1829928\/revisions"}],"wp:featuredmedia":[{"embeddable":true,"href":"https:\/\/lemonti.pl\/en\/wp-json\/wp\/v2\/media\/1829926"}],"wp:attachment":[{"href":"https:\/\/lemonti.pl\/en\/wp-json\/wp\/v2\/media?parent=1829928"}],"wp:term":[{"taxonomy":"product_brand","embeddable":true,"href":"https:\/\/lemonti.pl\/en\/wp-json\/wp\/v2\/product_brand?post=1829928"},{"taxonomy":"product_cat","embeddable":true,"href":"https:\/\/lemonti.pl\/en\/wp-json\/wp\/v2\/product_cat?post=1829928"},{"taxonomy":"product_tag","embeddable":true,"href":"https:\/\/lemonti.pl\/en\/wp-json\/wp\/v2\/product_tag?post=1829928"}],"curies":[{"name":"wp","href":"https:\/\/api.w.org\/{rel}","templated":true}]}}