{"id":1829924,"date":"2026-01-02T18:04:38","date_gmt":"2026-01-02T17:04:38","guid":{"rendered":"https:\/\/lemonti.pl\/sklep\/bez-kategorii\/pamiec-udimm-ddr4-silicon-power-32gb-1x32gb-3200mhz-cl22-12v\/"},"modified":"2026-04-17T00:11:47","modified_gmt":"2026-04-16T22:11:47","slug":"pamiec-udimm-ddr4-silicon-power-32gb-1x32gb-3200mhz-cl22-12v","status":"publish","type":"product","link":"https:\/\/lemonti.pl\/en\/sklep\/podzespoly-komputerowe\/pamieci-ram\/ddr4\/pamiec-udimm-ddr4-silicon-power-32gb-1x32gb-3200mhz-cl22-12v\/","title":{"rendered":"Pami\u0119\u0107 UDIMM DDR4 Silicon Power 32GB (1x32GB) 3200MHz CL22 1,2V"},"content":{"rendered":"<div class=\"vgblk-rw-wrapper limit-wrapper\">\n<section class=\"section\">\n<div class=\"item item-12\">\n<section class=\"text-item\">\n<h1>Pami\u0119\u0107 UDIMM DDR4 Silicon Power 32GB (1x32GB) 3200MHz CL22 1,2V<\/h1>\n<\/section><\/div>\n<\/section>\n<section class=\"section\">\n<div class=\"item item-6\">\n<section class=\"text-item\">\n<h2>Specyfikacja:<\/h2>\n<ul>\n<li><b>Rodzaj pami\u0119ci:<\/b> Pami\u0119\u0107 RAM<\/li>\n<li><b>Pojemno\u015b\u0107 pami\u0119ci:<\/b> 32 GB<\/li>\n<li><b>Standard pami\u0119ci:<\/b> DIMM<\/li>\n<li><b>Cz\u0119stotliwo\u015b\u0107 szyny pami\u0119ci:<\/b> 3200 MHz<\/li>\n<li><b>Typ pami\u0119ci:<\/b> DDR4<\/li>\n<li><b>Op\u00f3\u017anienie:<\/b> CL 22<\/li>\n<li><b>Napi\u0119cie (V):<\/b> 1.20<\/li>\n<li><b>Kolor:<\/b> Czarny<\/li>\n<li><b>Opakowanie:<\/b> Blister<\/li>\n<li><b>Informacje dodatkowe:<\/b><\/li>\n<li>&#8211; Format wykonania: U-DIMM<\/li>\n<li>&#8211; Certyfikaty: CE, FCC, Green dot, WEEE, RoHS<\/li>\n<\/ul>\n<\/section><\/div>\n<div class=\"item item-6\">\n<section class=\"image-item\"><img decoding=\"async\" src=\"https:\/\/upload.cdn.baselinker.com\/products\/6010088\/8741c1697c294c3d77d2958b13ce7c17.jpg\" \/><\/section>\n<\/p><\/div>\n<\/section>\n<section class=\"section\">\n<div class=\"item item-12\">\n<section class=\"image-item\"><img decoding=\"async\" src=\"https:\/\/upload.cdn.baselinker.com\/products\/6010088\/8741c1697c294c3d77d2958b13ce7c17.jpg\" \/><\/section>\n<\/p><\/div>\n<\/section>\n<section class=\"section\">\n<div class=\"item item-12\">\n<section class=\"text-item\">\n<h2>&nbsp;\u270f\ufe0f Najwa\u017cniejsze parametry techniczne:<\/h2>\n<ul>\n<li><b>Pami\u0119\u0107 &#8211; Typ pami\u0119ci wewn\u0119trznej:<\/b> DDR4<\/li>\n<li><b>Pami\u0119\u0107 &#8211; Pami\u0119\u0107 wewn\u0119trzna:<\/b> 32 GB<\/li>\n<li><b>Pami\u0119\u0107 &#8211; Pr\u0119dko\u015b\u0107 zegara pami\u0119ci:<\/b> 3200 Mhz<\/li>\n<li><b>Pami\u0119\u0107 &#8211; Rodzaj pami\u0119ci:<\/b> 288-pin DIMM<\/li>\n<li><b>Pami\u0119\u0107 &#8211; Korekcja ECC:<\/b> Nie<\/li>\n<li><b>Cechy &#8211; Typ pami\u0119ci buforowej:<\/b> Unregistered (unbuffered)<\/li>\n<li><b>Cechy &#8211; Op\u00f3\u017anienie CAS:<\/b> 22<\/li>\n<li><b>Cechy &#8211; Uk\u0142ad pami\u0119ci (modu\u0142y x rozmiar):<\/b> 1 x 32 GB<\/li>\n<li><b>Cechy &#8211; Napi\u0119cie pami\u0119ci:<\/b> 1.2 V<\/li>\n<li><b>Cechy &#8211; Przeznaczenie:<\/b> PC\/serwer<\/li>\n<li><b>Klasyfikacja &#8211; Kod producenta:<\/b> SP032GBLFU320X02<\/li>\n<li><b>Klasyfikacja &#8211; EAN:<\/b> 4713436144113<\/li>\n<\/ul>\n<\/section><\/div>\n<\/section>\n<\/div>\n<p><!-- .vgblk-rw-wrapper --><\/p>","protected":false},"excerpt":{"rendered":"<p>Pami\u0119\u0107 UDIMM DDR4 Silicon Power 32GB (1x32GB) 3200MHz CL22 1,2V Specyfikacja: Rodzaj pami\u0119ci: Pami\u0119\u0107 RAM Pojemno\u015b\u0107 pami\u0119ci: 32 GB Standard pami\u0119ci: DIMM Cz\u0119stotliwo\u015b\u0107 szyny pami\u0119ci: 3200 MHz Typ pami\u0119ci: DDR4 Op\u00f3\u017anienie: CL 22 Napi\u0119cie (V): 1.20 Kolor: Czarny Opakowanie: Blister Informacje dodatkowe: &#8211; Format wykonania: U-DIMM &#8211; Certyfikaty: CE, FCC, Green dot, WEEE, RoHS &nbsp;\u270f\ufe0f&#8230;<\/p>","protected":false},"featured_media":1829921,"comment_status":"open","ping_status":"closed","template":"","meta":[],"product_brand":[16648],"product_cat":[273,251,246],"product_tag":[],"class_list":{"0":"post-1829924","1":"product","2":"type-product","3":"status-publish","4":"has-post-thumbnail","6":"product_brand-silicon-power","7":"product_cat-ddr4","8":"product_cat-pamieci-ram","9":"product_cat-podzespoly-komputerowe","11":"first","12":"instock","13":"taxable","14":"shipping-taxable","15":"purchasable","16":"product-type-simple"},"_links":{"self":[{"href":"https:\/\/lemonti.pl\/en\/wp-json\/wp\/v2\/product\/1829924","targetHints":{"allow":["GET"]}}],"collection":[{"href":"https:\/\/lemonti.pl\/en\/wp-json\/wp\/v2\/product"}],"about":[{"href":"https:\/\/lemonti.pl\/en\/wp-json\/wp\/v2\/types\/product"}],"replies":[{"embeddable":true,"href":"https:\/\/lemonti.pl\/en\/wp-json\/wp\/v2\/comments?post=1829924"}],"version-history":[{"count":0,"href":"https:\/\/lemonti.pl\/en\/wp-json\/wp\/v2\/product\/1829924\/revisions"}],"wp:featuredmedia":[{"embeddable":true,"href":"https:\/\/lemonti.pl\/en\/wp-json\/wp\/v2\/media\/1829921"}],"wp:attachment":[{"href":"https:\/\/lemonti.pl\/en\/wp-json\/wp\/v2\/media?parent=1829924"}],"wp:term":[{"taxonomy":"product_brand","embeddable":true,"href":"https:\/\/lemonti.pl\/en\/wp-json\/wp\/v2\/product_brand?post=1829924"},{"taxonomy":"product_cat","embeddable":true,"href":"https:\/\/lemonti.pl\/en\/wp-json\/wp\/v2\/product_cat?post=1829924"},{"taxonomy":"product_tag","embeddable":true,"href":"https:\/\/lemonti.pl\/en\/wp-json\/wp\/v2\/product_tag?post=1829924"}],"curies":[{"name":"wp","href":"https:\/\/api.w.org\/{rel}","templated":true}]}}