{"id":1829919,"date":"2026-01-02T18:04:35","date_gmt":"2026-01-02T17:04:35","guid":{"rendered":"https:\/\/lemonti.pl\/sklep\/bez-kategorii\/pamiec-ddr4-kingston-fury-beast-8gb-1x8gb-3200mhz-cl16-135v-czarna\/"},"modified":"2026-03-31T19:08:44","modified_gmt":"2026-03-31T17:08:44","slug":"pamiec-ddr4-kingston-fury-beast-8gb-1x8gb-3200mhz-cl16-135v-czarna","status":"publish","type":"product","link":"https:\/\/lemonti.pl\/en\/sklep\/podzespoly-komputerowe\/pamieci-ram\/ddr4\/pamiec-ddr4-kingston-fury-beast-8gb-1x8gb-3200mhz-cl16-135v-czarna\/","title":{"rendered":"Pami\u0119\u0107 DDR4 Kingston Fury Beast 8GB (1x8GB) 3200MHz CL16 1,35V czarna"},"content":{"rendered":"<div class=\"vgblk-rw-wrapper limit-wrapper\">\n<section class=\"section\">\n<div class=\"item item-12\">\n<section class=\"text-item\">\n<h2>Pami\u0119\u0107 DDR4 Kingston Fury Beast 8GB (1x8GB) 3200MHz CL16 1,35V czarna<\/h2>\n<\/section><\/div>\n<\/section>\n<section class=\"section\">\n<div class=\"item item-6\">\n<section class=\"image-item\"><img decoding=\"async\" src=\"https:\/\/upload.cdn.baselinker.com\/products\/6010088\/fcfc6c2b2865712df7866482dfcc10a6.jpg\" \/><\/section>\n<\/p><\/div>\n<div class=\"item item-6\">\n<section class=\"text-item\">\n<p><b>Specyfikacja:<\/b><\/p>\n<ul>\n<li><b>Rodzaj pami\u0119ci:<\/b> Pami\u0119\u0107 RAM<\/li>\n<li><b>Pojemno\u015b\u0107 pami\u0119ci:<\/b> 8 GB<\/li>\n<li><b>Standard pami\u0119ci:<\/b> DIMM<\/li>\n<li><b>Cz\u0119stotliwo\u015b\u0107 szyny pami\u0119ci:<\/b> 3200 MHz<\/li>\n<li><b>Typ pami\u0119ci:<\/b> DDR4<\/li>\n<li><b>Op\u00f3\u017anienie:<\/b> CL 16<\/li>\n<li><b>Obs\u0142uga XMP:<\/b> Tak<\/li>\n<li><b>Z\u0142\u0105cze pami\u0119ci:<\/b> 288-pin<\/li>\n<li><b>Napi\u0119cie (V):<\/b> 1.35<\/li>\n<li><b>Kolor:<\/b> Czarny<\/li>\n<li><b>Opakowanie:<\/b> Blister<\/li>\n<li><b>Wymiary produktu:<\/b> 133,4 x 34 x 7,1 mm<\/li>\n<li><b>Jednostkowa waga netto \/ brutto: <\/b>36,05g \/ 51,6g<\/li>\n<li>Niskoprofilowa konstrukcja radiatora<\/li>\n<li>Przyst\u0119pna cenowo, wysokowydajna pami\u0119\u0107 DDR4 do modernizacji system\u00f3w<\/li>\n<li>Obs\u0142uga technologii Intel XMP<\/li>\n<li>Zgodno\u015b\u0107 z procesorami AMD Ryzen<\/li>\n<\/ul>\n<\/section><\/div>\n<\/section>\n<section class=\"section\">\n<div class=\"item item-6\">\n<section class=\"image-item\"><img decoding=\"async\" src=\"https:\/\/upload.cdn.baselinker.com\/products\/6010088\/217731cf39ac892e7ab42fc69a0b2fa8.jpg\" \/><\/section>\n<\/p><\/div>\n<div class=\"item item-6\">\n<section class=\"image-item\"><img decoding=\"async\" src=\"https:\/\/upload.cdn.baselinker.com\/products\/6010088\/1b9e138edb96d6b2783cb0ed917915ec.jpg\" \/><\/section>\n<\/p><\/div>\n<\/section>\n<section class=\"section\">\n<div class=\"item item-12\">\n<section class=\"image-item\"><img decoding=\"async\" src=\"https:\/\/upload.cdn.baselinker.com\/products\/6010088\/8ead23ab653f5cb22535f6fe793966b4.jpg\" \/><\/section>\n<\/p><\/div>\n<\/section>\n<\/div>\n<p><!-- .vgblk-rw-wrapper --><\/p>","protected":false},"excerpt":{"rendered":"<p>Pami\u0119\u0107 DDR4 Kingston Fury Beast 8GB (1x8GB) 3200MHz CL16 1,35V czarna Specyfikacja: Rodzaj pami\u0119ci: Pami\u0119\u0107 RAM Pojemno\u015b\u0107 pami\u0119ci: 8 GB Standard pami\u0119ci: DIMM Cz\u0119stotliwo\u015b\u0107 szyny pami\u0119ci: 3200 MHz Typ pami\u0119ci: DDR4 Op\u00f3\u017anienie: CL 16 Obs\u0142uga XMP: Tak Z\u0142\u0105cze pami\u0119ci: 288-pin Napi\u0119cie (V): 1.35 Kolor: Czarny Opakowanie: Blister Wymiary produktu: 133,4 x 34 x 7,1 mm&#8230;<\/p>","protected":false},"featured_media":1829913,"comment_status":"open","ping_status":"closed","template":"","meta":[],"product_brand":[16652],"product_cat":[273,251,246],"product_tag":[],"class_list":{"0":"post-1829919","1":"product","2":"type-product","3":"status-publish","4":"has-post-thumbnail","6":"product_brand-kingston","7":"product_cat-ddr4","8":"product_cat-pamieci-ram","9":"product_cat-podzespoly-komputerowe","11":"first","12":"instock","13":"taxable","14":"shipping-taxable","15":"purchasable","16":"product-type-simple"},"_links":{"self":[{"href":"https:\/\/lemonti.pl\/en\/wp-json\/wp\/v2\/product\/1829919","targetHints":{"allow":["GET"]}}],"collection":[{"href":"https:\/\/lemonti.pl\/en\/wp-json\/wp\/v2\/product"}],"about":[{"href":"https:\/\/lemonti.pl\/en\/wp-json\/wp\/v2\/types\/product"}],"replies":[{"embeddable":true,"href":"https:\/\/lemonti.pl\/en\/wp-json\/wp\/v2\/comments?post=1829919"}],"version-history":[{"count":0,"href":"https:\/\/lemonti.pl\/en\/wp-json\/wp\/v2\/product\/1829919\/revisions"}],"wp:featuredmedia":[{"embeddable":true,"href":"https:\/\/lemonti.pl\/en\/wp-json\/wp\/v2\/media\/1829913"}],"wp:attachment":[{"href":"https:\/\/lemonti.pl\/en\/wp-json\/wp\/v2\/media?parent=1829919"}],"wp:term":[{"taxonomy":"product_brand","embeddable":true,"href":"https:\/\/lemonti.pl\/en\/wp-json\/wp\/v2\/product_brand?post=1829919"},{"taxonomy":"product_cat","embeddable":true,"href":"https:\/\/lemonti.pl\/en\/wp-json\/wp\/v2\/product_cat?post=1829919"},{"taxonomy":"product_tag","embeddable":true,"href":"https:\/\/lemonti.pl\/en\/wp-json\/wp\/v2\/product_tag?post=1829919"}],"curies":[{"name":"wp","href":"https:\/\/api.w.org\/{rel}","templated":true}]}}