{"id":1829859,"date":"2026-01-02T18:04:05","date_gmt":"2026-01-02T17:04:05","guid":{"rendered":"https:\/\/lemonti.pl\/sklep\/bez-kategorii\/pamiec-ddr4-silicon-power-16gb-1x16gb-3200mhz-cl22-12v\/"},"modified":"2026-04-02T11:04:40","modified_gmt":"2026-04-02T09:04:40","slug":"pamiec-ddr4-silicon-power-16gb-1x16gb-3200mhz-cl22-12v","status":"publish","type":"product","link":"https:\/\/lemonti.pl\/en\/sklep\/podzespoly-komputerowe\/pamieci-ram\/ddr4\/pamiec-ddr4-silicon-power-16gb-1x16gb-3200mhz-cl22-12v\/","title":{"rendered":"Pami\u0119\u0107 DDR4 Silicon Power 16GB (1x16GB) 3200MHz CL22 1,2V"},"content":{"rendered":"<div class=\"vgblk-rw-wrapper limit-wrapper\">\n<section class=\"section\">\n<div class=\"item item-12\">\n<section class=\"text-item\">\n<h1>Pami\u0119\u0107 DDR4 Silicon Power 16GB (1x 16GB) 3200MHz CL22 1,2V<\/h1>\n<\/section><\/div>\n<\/section>\n<section class=\"section\">\n<div class=\"item item-6\">\n<section class=\"text-item\">\n<p><b>Specyfikacja:<\/b><\/p>\n<ul>\n<li><b>Rodzaj pami\u0119ci:<\/b> DDR4<\/li>\n<li><b>Ca\u0142kowita pojemno\u015b\u0107 pami\u0119ci:<\/b> 16 GB<\/li>\n<li><b>Cz\u0119stotliwo\u015b\u0107 szyny pami\u0119ci:<\/b> 3200 MHz<\/li>\n<li><b>Liczba pami\u0119ci w zestawie:<\/b> 1<\/li>\n<li><b>CAS Latency:<\/b> CL22<\/li>\n<li><b>Obs\u0142uga ECC:<\/b> Nie<\/li>\n<li><b>Napi\u0119cie: <\/b>1,2V<\/li>\n<\/ul>\n<\/section><\/div>\n<div class=\"item item-6\">\n<section class=\"image-item\"><img decoding=\"async\" src=\"https:\/\/upload.cdn.baselinker.com\/products\/6010088\/4de4fff51939ecf7c8bee63dbaca5c8b.jpg\" \/><\/section>\n<\/p><\/div>\n<\/section>\n<section class=\"section\">\n<div class=\"item item-6\">\n<section class=\"image-item\"><img decoding=\"async\" src=\"https:\/\/upload.cdn.baselinker.com\/products\/6010088\/793d0055ae85d668b69f78e0caf3b157.jpg\" \/><\/section>\n<\/p><\/div>\n<div class=\"item item-6\">\n<section class=\"image-item\"><img decoding=\"async\" src=\"https:\/\/upload.cdn.baselinker.com\/products\/6010088\/f6044ec61cff7e5e88d97b31b5c8da05.jpg\" \/><\/section>\n<\/p><\/div>\n<\/section>\n<\/div>\n<p><!-- .vgblk-rw-wrapper --><\/p>","protected":false},"excerpt":{"rendered":"<p>Pami\u0119\u0107 DDR4 Silicon Power 16GB (1x 16GB) 3200MHz CL22 1,2V Specyfikacja: Rodzaj pami\u0119ci: DDR4 Ca\u0142kowita pojemno\u015b\u0107 pami\u0119ci: 16 GB Cz\u0119stotliwo\u015b\u0107 szyny pami\u0119ci: 3200 MHz Liczba pami\u0119ci w zestawie: 1 CAS Latency: CL22 Obs\u0142uga ECC: Nie Napi\u0119cie: 1,2V<\/p>","protected":false},"featured_media":1829856,"comment_status":"open","ping_status":"closed","template":"","meta":[],"product_brand":[16648],"product_cat":[273,251,246],"product_tag":[],"class_list":{"0":"post-1829859","1":"product","2":"type-product","3":"status-publish","4":"has-post-thumbnail","6":"product_brand-silicon-power","7":"product_cat-ddr4","8":"product_cat-pamieci-ram","9":"product_cat-podzespoly-komputerowe","11":"first","12":"instock","13":"taxable","14":"shipping-taxable","15":"purchasable","16":"product-type-simple"},"_links":{"self":[{"href":"https:\/\/lemonti.pl\/en\/wp-json\/wp\/v2\/product\/1829859","targetHints":{"allow":["GET"]}}],"collection":[{"href":"https:\/\/lemonti.pl\/en\/wp-json\/wp\/v2\/product"}],"about":[{"href":"https:\/\/lemonti.pl\/en\/wp-json\/wp\/v2\/types\/product"}],"replies":[{"embeddable":true,"href":"https:\/\/lemonti.pl\/en\/wp-json\/wp\/v2\/comments?post=1829859"}],"version-history":[{"count":0,"href":"https:\/\/lemonti.pl\/en\/wp-json\/wp\/v2\/product\/1829859\/revisions"}],"wp:featuredmedia":[{"embeddable":true,"href":"https:\/\/lemonti.pl\/en\/wp-json\/wp\/v2\/media\/1829856"}],"wp:attachment":[{"href":"https:\/\/lemonti.pl\/en\/wp-json\/wp\/v2\/media?parent=1829859"}],"wp:term":[{"taxonomy":"product_brand","embeddable":true,"href":"https:\/\/lemonti.pl\/en\/wp-json\/wp\/v2\/product_brand?post=1829859"},{"taxonomy":"product_cat","embeddable":true,"href":"https:\/\/lemonti.pl\/en\/wp-json\/wp\/v2\/product_cat?post=1829859"},{"taxonomy":"product_tag","embeddable":true,"href":"https:\/\/lemonti.pl\/en\/wp-json\/wp\/v2\/product_tag?post=1829859"}],"curies":[{"name":"wp","href":"https:\/\/api.w.org\/{rel}","templated":true}]}}