{"id":1829712,"date":"2026-01-02T18:01:25","date_gmt":"2026-01-02T17:01:25","guid":{"rendered":"https:\/\/lemonti.pl\/sklep\/bez-kategorii\/dysk-ssd-kingston-a400-960gb-25-sata3-500-450-mb-s-7mm\/"},"modified":"2026-03-31T19:09:19","modified_gmt":"2026-03-31T17:09:19","slug":"dysk-ssd-kingston-a400-960gb-25-sata3-500-450-mb-s-7mm","status":"publish","type":"product","link":"https:\/\/lemonti.pl\/en\/sklep\/podzespoly-komputerowe\/dyski\/dyski-ssd\/dysk-ssd-kingston-a400-960gb-25-sata3-500-450-mb-s-7mm\/","title":{"rendered":"Dysk SSD Kingston A400 960GB 2,5&#8243; SATA3 (500\/450 MB\/s) 7mm"},"content":{"rendered":"<div class=\"vgblk-rw-wrapper limit-wrapper\">\n<section class=\"section\">\n<div class=\"item item-12\">\n<section class=\"text-item\">\n<h2>Dysk SSD Kingston A400 960GB 2,5&#8243; SATA3 (500\/450 MB\/s) 7mm<\/h2>\n<\/section><\/div>\n<\/section>\n<section class=\"section\">\n<div class=\"item item-6\">\n<section class=\"text-item\">\n<h1>Kingston Technology A400.<\/h1>\n<ul>\n<li>Pojemno\u015b\u0107 pami\u0119ci SSD: 960 GB<\/li>\n<li>Rozmiar kieszeni dysku SSD: 2.5&#8243;<\/li>\n<li>Pr\u0119dko\u015b\u0107 odczytu z no\u015bnika: 500 MB\/s<\/li>\n<li>Pr\u0119dko\u015b\u0107 zapisu no\u015bnika: 450 MB\/s,<\/li>\n<li>przesy\u0142ania danych: 6 Gbit\/s<\/li>\n<li>Element dla: PC\/notebook<\/li>\n<\/ul>\n<\/section><\/div>\n<div class=\"item item-6\">\n<section class=\"image-item\"><img decoding=\"async\" src=\"https:\/\/upload.cdn.baselinker.com\/products\/6010088\/c50be4f5b998db94c09e5caef577942f.jpg\" \/><\/section>\n<\/p><\/div>\n<\/section>\n<section class=\"section\">\n<div class=\"item item-6\">\n<section class=\"text-item\">\n<h2>Niesamowite pr\u0119dko\u015bci i stabilna niezawodno\u015b\u0107.<\/h2>\n<p>Dysk SSD A400 firmy Kingston radykalnie<b> podnosi wydajno\u015b\u0107 starszych system\u00f3w<\/b>, oferuj\u0105c pr\u0119dko\u015bci uruchamiania, \u0142adowania i transferu danych zauwa\u017calnie wy\u017csze od pr\u0119dko\u015bci udost\u0119pnianych przez mechaniczne dyski twarde. Dzi\u0119ki zastosowaniu kontrolera najnowszej generacji pr\u0119dko\u015bci odczytu i zapisu osi\u0105gaj\u0105 odpowiednio 500 MB\/s i 450 MB\/s*, co oznacza, \u017ce ten dysk SSD jest dziesi\u0119ciokrotnie szybszy od tradycyjnego dysku twardego**, wyra\u017anie usprawnia wielozadaniowo\u015b\u0107 i przyspiesza dzia\u0142anie ca\u0142ego systemu.<\/p>\n<\/section><\/div>\n<div class=\"item item-6\">\n<section class=\"image-item\"><img decoding=\"async\" src=\"https:\/\/upload.cdn.baselinker.com\/products\/6010088\/4a023869a7d31204b7855e0aa0ca8e01.jpg\" \/><\/section>\n<\/p><\/div>\n<\/section>\n<section class=\"section\">\n<div class=\"item item-6\">\n<section class=\"text-item\">\n<h2>Dysk A400 zbudowano z pami\u0119ci flash<\/h2>\n<p>dzi\u0119ki czemu<b> jest trwalszy i bardziej niezawodny<\/b> ni\u017c tradycyjne dyski talerzowe. Brak ruchomych cz\u0119\u015bci stosowanych w dyskach mechanicznych sprawia, \u017ce dysk jest mniej podatny na awarie. Pracuje ciszej, wytwarza mniej ciep\u0142a i jest odporny na wibracje i wstrz\u0105sy. Dzi\u0119ki temu \u015bwietnie sprawdza si\u0119 w notebookach i innych urz\u0105dzeniach mobilnych. Dyski A400 s\u0105 dost\u0119pne w r\u00f3\u017cnych formatach i w pojemno\u015bciach od 120 GB do1,92 TB** oferuj\u0105 wi\u0119c mn\u00f3stwo przestrzeni na aplikacje, filmy, zdj\u0119cia i inne wa\u017cne dokumenty. Jest to te\u017c \u015bwietna oferta dla os\u00f3b poszukuj\u0105cych alternatywy dla tradycyjnego dysku twardego lub zbyt ma\u0142ego dysku SSD. Ten dysk SSD jest przeznaczony do komputer\u00f3w stacjonarnych i notebook\u00f3w. Nie jest przeznaczony do u\u017cytkowania w \u015brodowiskach serwerowych. Na podstawie wydajno\u015bci nowego produktu z p\u0142yt\u0105 g\u0142\u00f3wn\u0105 wyposa\u017con\u0105 w interfejs SATA 3.0. Rzeczywista szybko\u015b\u0107 mo\u017ce si\u0119 r\u00f3\u017cni\u0107 w zale\u017cno\u015bci od urz\u0105dzenia hostuj\u0105cego, oprogramowania i sposobu u\u017cytkowania. Cz\u0119\u015b\u0107 podanej pojemno\u015bci urz\u0105dzenia z pami\u0119ci\u0105 flash s\u0142u\u017cy do obs\u0142ugi formatowania oraz innych funkcji i nie jest wykorzystywana do przechowywania danych. Z tego wzgl\u0119du rzeczywista pojemno\u015b\u0107 urz\u0105dzenia dost\u0119pna do przechowywania danych jest mniejsza ni\u017c podana na produktach.<\/p>\n<\/section><\/div>\n<div class=\"item item-6\">\n<section class=\"image-item\"><img decoding=\"async\" src=\"https:\/\/upload.cdn.baselinker.com\/products\/6010088\/f2cb00b6535f7ccab7efc35b3dfa4255.jpg\" \/><\/section>\n<\/p><\/div>\n<\/section>\n<section class=\"section\">\n<div class=\"item item-6\">\n<section class=\"image-item\"><img decoding=\"async\" src=\"https:\/\/upload.cdn.baselinker.com\/products\/6010088\/5d27540113becc3ad741355ca4e6ae17.jpg\" \/><\/section>\n<\/p><\/div>\n<div class=\"item item-6\">\n<section class=\"image-item\"><img decoding=\"async\" src=\"https:\/\/upload.cdn.baselinker.com\/products\/6010088\/8d83afba2b288044ccc5da7f4007ca07.jpg\" \/><\/section>\n<\/p><\/div>\n<\/section>\n<section class=\"section\">\n<div class=\"item item-6\">\n<section class=\"image-item\"><img decoding=\"async\" src=\"https:\/\/upload.cdn.baselinker.com\/products\/6010088\/de6e1b0709fd7f0f26ef1a4d560107a2.jpg\" \/><\/section>\n<\/p><\/div>\n<div class=\"item item-6\">\n<section class=\"image-item\"><img decoding=\"async\" src=\"https:\/\/upload.cdn.baselinker.com\/products\/6010088\/c50be4f5b998db94c09e5caef577942f.jpg\" \/><\/section>\n<\/p><\/div>\n<\/section>\n<\/div>\n<p><!-- .vgblk-rw-wrapper --><\/p>","protected":false},"excerpt":{"rendered":"<p>Dysk SSD Kingston A400 960GB 2,5&#8243; SATA3 (500\/450 MB\/s) 7mm Kingston Technology A400. Pojemno\u015b\u0107 pami\u0119ci SSD: 960 GB Rozmiar kieszeni dysku SSD: 2.5&#8243; Pr\u0119dko\u015b\u0107 odczytu z no\u015bnika: 500 MB\/s Pr\u0119dko\u015b\u0107 zapisu no\u015bnika: 450 MB\/s, przesy\u0142ania danych: 6 Gbit\/s Element dla: PC\/notebook Niesamowite pr\u0119dko\u015bci i stabilna niezawodno\u015b\u0107. Dysk SSD A400 firmy Kingston radykalnie podnosi wydajno\u015b\u0107 starszych&#8230;<\/p>","protected":false},"featured_media":1829703,"comment_status":"open","ping_status":"closed","template":"","meta":[],"product_brand":[16652],"product_cat":[247,256,246],"product_tag":[],"class_list":{"0":"post-1829712","1":"product","2":"type-product","3":"status-publish","4":"has-post-thumbnail","6":"product_brand-kingston","7":"product_cat-dyski","8":"product_cat-dyski-ssd","9":"product_cat-podzespoly-komputerowe","11":"first","12":"instock","13":"taxable","14":"shipping-taxable","15":"purchasable","16":"product-type-simple"},"_links":{"self":[{"href":"https:\/\/lemonti.pl\/en\/wp-json\/wp\/v2\/product\/1829712","targetHints":{"allow":["GET"]}}],"collection":[{"href":"https:\/\/lemonti.pl\/en\/wp-json\/wp\/v2\/product"}],"about":[{"href":"https:\/\/lemonti.pl\/en\/wp-json\/wp\/v2\/types\/product"}],"replies":[{"embeddable":true,"href":"https:\/\/lemonti.pl\/en\/wp-json\/wp\/v2\/comments?post=1829712"}],"version-history":[{"count":0,"href":"https:\/\/lemonti.pl\/en\/wp-json\/wp\/v2\/product\/1829712\/revisions"}],"wp:featuredmedia":[{"embeddable":true,"href":"https:\/\/lemonti.pl\/en\/wp-json\/wp\/v2\/media\/1829703"}],"wp:attachment":[{"href":"https:\/\/lemonti.pl\/en\/wp-json\/wp\/v2\/media?parent=1829712"}],"wp:term":[{"taxonomy":"product_brand","embeddable":true,"href":"https:\/\/lemonti.pl\/en\/wp-json\/wp\/v2\/product_brand?post=1829712"},{"taxonomy":"product_cat","embeddable":true,"href":"https:\/\/lemonti.pl\/en\/wp-json\/wp\/v2\/product_cat?post=1829712"},{"taxonomy":"product_tag","embeddable":true,"href":"https:\/\/lemonti.pl\/en\/wp-json\/wp\/v2\/product_tag?post=1829712"}],"curies":[{"name":"wp","href":"https:\/\/api.w.org\/{rel}","templated":true}]}}