{"id":1829656,"date":"2026-01-02T18:00:44","date_gmt":"2026-01-02T17:00:44","guid":{"rendered":"https:\/\/lemonti.pl\/sklep\/bez-kategorii\/dysk-ssd-kingston-a400-480gb-25-sata3-500-450-mb-s-7mm\/"},"modified":"2026-03-31T18:31:34","modified_gmt":"2026-03-31T16:31:34","slug":"dysk-ssd-kingston-a400-480gb-25-sata3-500-450-mb-s-7mm","status":"publish","type":"product","link":"https:\/\/lemonti.pl\/en\/sklep\/podzespoly-komputerowe\/dyski\/dyski-ssd\/dysk-ssd-kingston-a400-480gb-25-sata3-500-450-mb-s-7mm\/","title":{"rendered":"Dysk SSD Kingston A400 480GB 2,5&#8243; SATA3 (500\/450 MB\/s) 7mm"},"content":{"rendered":"<div class=\"vgblk-rw-wrapper limit-wrapper\">\n<section class=\"section\">\n<div class=\"item item-12\">\n<section class=\"text-item\">\n<h2>Dysk SSD Kingston A400 480 GB SATA III 2,5&#8243;<\/h2>\n<\/section><\/div>\n<\/section>\n<section class=\"section\">\n<div class=\"item item-6\">\n<section class=\"image-item\"><img decoding=\"async\" src=\"https:\/\/upload.cdn.baselinker.com\/products\/6010088\/c60c55e01f20584839713129fa8344e5.jpg\" \/><\/section>\n<\/p><\/div>\n<div class=\"item item-6\">\n<section class=\"text-item\">\n<p>Kingston SSD A400, 480GB, 500\/450MB\/s, 2,5&#8242;, SATA<\/p>\n<p>Dysk p\u00f3\u0142przewodnikowy A400 firmy Kingston niesamowicie szybko zasila system, znacznie skraca czas reakcji oraz \u0142aduje i przesy\u0142a pliki znacznie szybciej ni\u017c mechaniczne dyski twarde.<\/p>\n<p>To ten ze sterownikiem najnowszej generacji, kt\u00f3ra zapewnia pr\u0119dko\u015bci odczytu i zapisu do 500 MB \/ si 450 MB \/ s.<\/p>\n<p>Ten dysk SSD jest 10 razy szybszy ni\u017c tradycyjny dysk twardy, zapewnia wysok\u0105 wydajno\u015b\u0107 i ultraszybki czas reakcji z wielozadaniowo\u015bci\u0105 i og\u00f3lnie przyspiesza system.<\/p>\n<\/section><\/div>\n<\/section>\n<section class=\"section\">\n<div class=\"item item-6\">\n<section class=\"image-item\"><img decoding=\"async\" src=\"https:\/\/upload.cdn.baselinker.com\/products\/6010088\/fed1d9f669e4bb8bd0fbd4ab8e97c8a5.jpg\" \/><\/section>\n<\/p><\/div>\n<div class=\"item item-6\">\n<section class=\"text-item\">\n<ul>\n<li>Producent: Kingston,<\/li>\n<li>Seria: A400,<\/li>\n<li>Kod producenta: SA400S37\/480G,<\/li>\n<li>Model: A400,<\/li>\n<\/ul>\n<p><b>Parametry fizyczne:<\/b><\/p>\n<ul>\n<li>Format dysku: 2,5&#8243;,<\/li>\n<li>Wysoko\u015b\u0107 produktu (mm): 7,<\/li>\n<li>Waga produktu z opakowaniem jednostkowym (kg): 0,041,<\/li>\n<\/ul>\n<p><b>Dane szczeg\u00f3\u0142owe:<\/b><\/p>\n<ul>\n<li>Pojemno\u015b\u0107 dysku (GB): 480,<\/li>\n<li>Interfejs: SATA III,<\/li>\n<li>Maksymalna pr\u0119dko\u015b\u0107 odczytu (MB\/s): 500,<\/li>\n<li>Maksymalna pr\u0119dko\u015b\u0107 zapisu (MB\/s): 450,<\/li>\n<li>Rodzaj ko\u015bci pami\u0119ci: TLC,<\/li>\n<li>Cechy dodatkowe: S.M.A.R.T.<\/li>\n<\/ul>\n<\/section><\/div>\n<\/section>\n<section class=\"section\">\n<div class=\"item item-6\">\n<section class=\"image-item\"><img decoding=\"async\" src=\"https:\/\/upload.cdn.baselinker.com\/products\/6010088\/d06ad7560dad313744efbb69830cf10d.jpg\" \/><\/section>\n<\/p><\/div>\n<div class=\"item item-6\">\n<section class=\"image-item\"><img decoding=\"async\" src=\"https:\/\/upload.cdn.baselinker.com\/products\/6010088\/25d2c2739f37c0524db5731926243c01.jpg\" \/><\/section>\n<\/p><\/div>\n<\/section>\n<\/div>\n<p><!-- .vgblk-rw-wrapper --><\/p>","protected":false},"excerpt":{"rendered":"<p>Dysk SSD Kingston A400 480 GB SATA III 2,5&#8243; Kingston SSD A400, 480GB, 500\/450MB\/s, 2,5&#8242;, SATA Dysk p\u00f3\u0142przewodnikowy A400 firmy Kingston niesamowicie szybko zasila system, znacznie skraca czas reakcji oraz \u0142aduje i przesy\u0142a pliki znacznie szybciej ni\u017c mechaniczne dyski twarde. To ten ze sterownikiem najnowszej generacji, kt\u00f3ra zapewnia pr\u0119dko\u015bci odczytu i zapisu do 500 MB&#8230;<\/p>","protected":false},"featured_media":1829649,"comment_status":"open","ping_status":"closed","template":"","meta":[],"product_brand":[16652],"product_cat":[247,256,246],"product_tag":[],"class_list":{"0":"post-1829656","1":"product","2":"type-product","3":"status-publish","4":"has-post-thumbnail","6":"product_brand-kingston","7":"product_cat-dyski","8":"product_cat-dyski-ssd","9":"product_cat-podzespoly-komputerowe","11":"first","12":"instock","13":"taxable","14":"shipping-taxable","15":"purchasable","16":"product-type-simple"},"_links":{"self":[{"href":"https:\/\/lemonti.pl\/en\/wp-json\/wp\/v2\/product\/1829656","targetHints":{"allow":["GET"]}}],"collection":[{"href":"https:\/\/lemonti.pl\/en\/wp-json\/wp\/v2\/product"}],"about":[{"href":"https:\/\/lemonti.pl\/en\/wp-json\/wp\/v2\/types\/product"}],"replies":[{"embeddable":true,"href":"https:\/\/lemonti.pl\/en\/wp-json\/wp\/v2\/comments?post=1829656"}],"version-history":[{"count":0,"href":"https:\/\/lemonti.pl\/en\/wp-json\/wp\/v2\/product\/1829656\/revisions"}],"wp:featuredmedia":[{"embeddable":true,"href":"https:\/\/lemonti.pl\/en\/wp-json\/wp\/v2\/media\/1829649"}],"wp:attachment":[{"href":"https:\/\/lemonti.pl\/en\/wp-json\/wp\/v2\/media?parent=1829656"}],"wp:term":[{"taxonomy":"product_brand","embeddable":true,"href":"https:\/\/lemonti.pl\/en\/wp-json\/wp\/v2\/product_brand?post=1829656"},{"taxonomy":"product_cat","embeddable":true,"href":"https:\/\/lemonti.pl\/en\/wp-json\/wp\/v2\/product_cat?post=1829656"},{"taxonomy":"product_tag","embeddable":true,"href":"https:\/\/lemonti.pl\/en\/wp-json\/wp\/v2\/product_tag?post=1829656"}],"curies":[{"name":"wp","href":"https:\/\/api.w.org\/{rel}","templated":true}]}}