{"id":1829647,"date":"2026-01-02T18:00:38","date_gmt":"2026-01-02T17:00:38","guid":{"rendered":"https:\/\/lemonti.pl\/sklep\/bez-kategorii\/dysk-ssd-silicon-power-a60-1tb-m-2-pcie-gen3x4-nvme-2200-1600-mb-s-2280\/"},"modified":"2026-04-20T09:58:40","modified_gmt":"2026-04-20T07:58:40","slug":"dysk-ssd-silicon-power-a60-1tb-m-2-pcie-gen3x4-nvme-2200-1600-mb-s-2280","status":"publish","type":"product","link":"https:\/\/lemonti.pl\/en\/sklep\/podzespoly-komputerowe\/dyski\/dyski-ssd\/dysk-ssd-silicon-power-a60-1tb-m-2-pcie-gen3x4-nvme-2200-1600-mb-s-2280\/","title":{"rendered":"Dysk SSD Silicon Power A60 1TB M.2 PCIe Gen3x4 NVMe (2200\/1600 MB\/s) 2280"},"content":{"rendered":"<div class=\"vgblk-rw-wrapper limit-wrapper\">\n<section class=\"section\">\n<div class=\"item item-12\">\n<section class=\"text-item\">\n<h2>Dysk SSD Silicon Power A60 1TB M.2 PCIe Gen3x4 NVMe (2200\/1600 MB\/s) 2280<\/h2>\n<p><b>Producent:&nbsp;Silicon Power<\/b><\/p>\n<\/section><\/div>\n<\/section>\n<section class=\"section\">\n<div class=\"item item-6\">\n<section class=\"text-item\">\n<p><b>Specyfikacja techniczna:<\/b><\/p>\n<ul>\n<li><b>Pojemno\u015b\u0107 dysku:<\/b> 1 TB<\/li>\n<li><b>Format dysku:<\/b> M.2 2280<\/li>\n<li><b>Typ dysku:<\/b> SSD<\/li>\n<li><b>Technika zapisywania danych:<\/b> TLC<\/li>\n<li><b>Pr\u0119dko\u015b\u0107 odczytu (max):<\/b> 2200 MB\/s<\/li>\n<li><b>Pr\u0119dko\u015b\u0107 zapisu (max):<\/b> 1600 MB\/s<\/li>\n<li><b>Interfejs:<\/b> PCIe NVMe 3.0 x4<\/li>\n<li><b>\u015aredni czas miedzy uszkodzeniami (MTBF):<\/b> 2000000 h<\/li>\n<li><b>Wymiary: <\/b>22.0 x 80.0 x 3.5mm<\/li>\n<li><b>Waga:<\/b> 8g<\/li>\n<li><b>Temperatura pracy:<\/b> 0\u00b0C &#8211; 70\u00b0C<\/li>\n<li><b>Certyfikaty: <\/b>CE, FCC, BSMI, Green dot, WEEE, RoHS, KCC<\/li>\n<\/ul>\n<\/section><\/div>\n<div class=\"item item-6\">\n<section class=\"image-item\"><img decoding=\"async\" src=\"https:\/\/upload.cdn.baselinker.com\/products\/6010088\/e05eafa43c99df84af7dbae4e2985c35.jpg\" \/><\/section>\n<\/p><\/div>\n<\/section>\n<section class=\"section\">\n<div class=\"item item-12\">\n<section class=\"image-item\"><img decoding=\"async\" src=\"https:\/\/upload.cdn.baselinker.com\/products\/6010088\/ecf26810d13c3f8e0747d39c150fda05.jpg\" \/><\/section>\n<\/p><\/div>\n<\/section>\n<\/div>\n<p><!-- .vgblk-rw-wrapper --><\/p>","protected":false},"excerpt":{"rendered":"<p>Dysk SSD Silicon Power A60 1TB M.2 PCIe Gen3x4 NVMe (2200\/1600 MB\/s) 2280 Producent:&nbsp;Silicon Power Specyfikacja techniczna: Pojemno\u015b\u0107 dysku: 1 TB Format dysku: M.2 2280 Typ dysku: SSD Technika zapisywania danych: TLC Pr\u0119dko\u015b\u0107 odczytu (max): 2200 MB\/s Pr\u0119dko\u015b\u0107 zapisu (max): 1600 MB\/s Interfejs: PCIe NVMe 3.0 x4 \u015aredni czas miedzy uszkodzeniami (MTBF): 2000000 h Wymiary:&#8230;<\/p>","protected":false},"featured_media":1829645,"comment_status":"open","ping_status":"closed","template":"","meta":[],"product_brand":[16648],"product_cat":[247,256,246],"product_tag":[],"class_list":{"0":"post-1829647","1":"product","2":"type-product","3":"status-publish","4":"has-post-thumbnail","6":"product_brand-silicon-power","7":"product_cat-dyski","8":"product_cat-dyski-ssd","9":"product_cat-podzespoly-komputerowe","11":"first","12":"instock","13":"taxable","14":"shipping-taxable","15":"purchasable","16":"product-type-simple"},"_links":{"self":[{"href":"https:\/\/lemonti.pl\/en\/wp-json\/wp\/v2\/product\/1829647","targetHints":{"allow":["GET"]}}],"collection":[{"href":"https:\/\/lemonti.pl\/en\/wp-json\/wp\/v2\/product"}],"about":[{"href":"https:\/\/lemonti.pl\/en\/wp-json\/wp\/v2\/types\/product"}],"replies":[{"embeddable":true,"href":"https:\/\/lemonti.pl\/en\/wp-json\/wp\/v2\/comments?post=1829647"}],"version-history":[{"count":0,"href":"https:\/\/lemonti.pl\/en\/wp-json\/wp\/v2\/product\/1829647\/revisions"}],"wp:featuredmedia":[{"embeddable":true,"href":"https:\/\/lemonti.pl\/en\/wp-json\/wp\/v2\/media\/1829645"}],"wp:attachment":[{"href":"https:\/\/lemonti.pl\/en\/wp-json\/wp\/v2\/media?parent=1829647"}],"wp:term":[{"taxonomy":"product_brand","embeddable":true,"href":"https:\/\/lemonti.pl\/en\/wp-json\/wp\/v2\/product_brand?post=1829647"},{"taxonomy":"product_cat","embeddable":true,"href":"https:\/\/lemonti.pl\/en\/wp-json\/wp\/v2\/product_cat?post=1829647"},{"taxonomy":"product_tag","embeddable":true,"href":"https:\/\/lemonti.pl\/en\/wp-json\/wp\/v2\/product_tag?post=1829647"}],"curies":[{"name":"wp","href":"https:\/\/api.w.org\/{rel}","templated":true}]}}