{"id":1829445,"date":"2026-01-02T17:57:33","date_gmt":"2026-01-02T16:57:33","guid":{"rendered":"https:\/\/lemonti.pl\/sklep\/bez-kategorii\/dysk-ssd-silicon-power-a60-512gb-pcie-gen3x4-nvme-2200-1600-mb-s-2280\/"},"modified":"2026-04-17T11:12:22","modified_gmt":"2026-04-17T09:12:22","slug":"dysk-ssd-silicon-power-a60-512gb-pcie-gen3x4-nvme-2200-1600-mb-s-2280","status":"publish","type":"product","link":"https:\/\/lemonti.pl\/en\/sklep\/podzespoly-komputerowe\/dyski\/dyski-ssd\/dysk-ssd-silicon-power-a60-512gb-pcie-gen3x4-nvme-2200-1600-mb-s-2280\/","title":{"rendered":"Dysk SSD Silicon Power A60 512GB PCIe Gen3x4 NVMe (2200\/1600 MB\/s) 2280"},"content":{"rendered":"<div class=\"vgblk-rw-wrapper limit-wrapper\">\n<section class=\"section\">\n<div class=\"item item-12\">\n<section class=\"text-item\">\n<h2>Dysk SSD Silicon Power A60 512GB PCIe Gen3x4 NVMe (2200\/1600 MB\/s) 2280<\/h2>\n<\/section><\/div>\n<\/section>\n<section class=\"section\">\n<div class=\"item item-6\">\n<section class=\"text-item\">\n<h2>Dane:<\/h2>\n<ul>\n<li><b>Model:<\/b> P34A60<\/li>\n<li><b>Typ dysku:<\/b> SSD<\/li>\n<li><b>Format szeroko\u015bci:<\/b> M.2 2280<\/li>\n<li><b>Typ nap\u0119du:<\/b> Wewn\u0119trzny<\/li>\n<li><b>Pojemno\u015b\u0107 dysku:<\/b> 512 GB<\/li>\n<li><b>Interfejs dysku:<\/b> PCI-Express<\/li>\n<li><b>Pr\u0119dko\u015b\u0107 odczytu:<\/b> 2200 MB\/s<\/li>\n<li><b>Pr\u0119dko\u015b\u0107 zapisu:<\/b> 1600 MB\/s<\/li>\n<li><b>Wysoko\u015b\u0107:<\/b> 3.5 mm<\/li>\n<li><b>Szeroko\u015b\u0107:<\/b> 80 mm<\/li>\n<li><b>G\u0142\u0119boko\u015b\u0107:<\/b> 22 mm<\/li>\n<li><b>Waga:<\/b> 8 g<\/li>\n<\/ul>\n<\/section><\/div>\n<div class=\"item item-6\">\n<section class=\"image-item\"><img decoding=\"async\" src=\"https:\/\/upload.cdn.baselinker.com\/products\/6010088\/d8ef6b9640bc99d2feb6489a5ecb815f.jpg\" \/><\/section>\n<\/p><\/div>\n<\/section>\n<section class=\"section\">\n<div class=\"item item-12\">\n<section class=\"text-item\">\n<p><b>Dysk SSD Silicon Power P34A60<\/b><\/p>\n<p>Dysk P34A60 to niedrogie rozwi\u0105zanie pami\u0119ci masowej, kt\u00f3re nie ogranicza wydajno\u015bci. Jest przeznaczony dla pocz\u0105tkuj\u0105cych u\u017cytkownik\u00f3w, tw\u00f3rc\u00f3w system\u00f3w DIY, producent\u00f3w system\u00f3w specjalnie zaprojektowanych i po prostu tych, kt\u00f3rzy chc\u0105 uaktualni\u0107 sw\u00f3j komputer. Interfejs PCIe Gen3x4 oznacza, \u017ce cztery linie s\u0105 u\u017cywane do jednoczesnego przesy\u0142ania i odbierania danych. Pr\u0119dko\u015bci odczytu do 2200 MB\/s oraz pr\u0119dko\u015bci zapisu do 1600 MB\/s. Ten dysk SSD urzeka swoj\u0105 prostot\u0105.<\/p>\n<p><b>NVMe 1.3 + HMB = Optymalna wydajno\u015b\u0107<\/b><\/p>\n<p>Dysk P34A60 obs\u0142uguje NVMe 1.3, kt\u00f3ry wymaga lepszych wska\u017anik\u00f3w wydajno\u015bci ni\u017c AHCI (Advanced Host Controller Interface), w tym skalowalnej przepustowo\u015bci, zwi\u0119kszonego IOPS i niskich op\u00f3\u017anie\u0144. Ponadto architektura HMB (Host Memory Buffer), kt\u00f3ra pozwala sterownikowi hosta przydzieli\u0107 pami\u0119\u0107 systemow\u0105 (RAM) do wy\u0142\u0105cznego u\u017cytku przez SSD, powoduje wy\u017csz\u0105 wydajno\u015b\u0107. Ta wsp\u00f3\u0142praca zapewnia optymaln\u0105 wydajno\u015b\u0107.<\/p>\n<p><b>Twoje dane w dobrych r\u0119kach<\/b><\/p>\n<p>Dysk P34A60 zosta\u0142 zaprojektowany z wykorzystaniem kodowania LDPC (Low-Density Parity Check), wydajnego algorytmu kodu korekcji b\u0142\u0119d\u00f3w (ECC), kt\u00f3ry zapewnia bezpiecze\u0144stwo danych. Ponadto realizuje ochron\u0119 danych End-To-End (E2E) w celu zapewnienia poprawno\u015bci uzyskiwanych i pobieranych danych od pocz\u0105tku do ko\u0144ca, a protok\u00f3\u0142 RAID, kt\u00f3ry zapewnia akceptowalny poziom tolerancji na uszkodzenia, dzia\u0142a w celu zwi\u0119kszenia integralno\u015bci danych, zwi\u0119kszenia niezawodno\u015bci i stabilno\u015bci.<\/p>\n<p><b>Modernizacja sprz\u0119tu z oszcz\u0119dno\u015bci\u0105 miejsca<\/b><\/p>\n<p>Dzi\u0119ki formatowi M.2 2280 (80 mm), kompaktowy rozmiar P34A60 pozwala na \u0142atw\u0105 instalacj\u0119 w laptopach, ma\u0142ych komputerach PC i niekt\u00f3rych ultrabookach. A dzi\u0119ki opcji ogromnej pojemno\u015bci 2TB, jest to \u0142atwa modernizacja, kt\u00f3ra mo\u017ce znacznie zwi\u0119kszy\u0107 potencja\u0142 pami\u0119ci systemu, a jednocze\u015bnie zaoszcz\u0119dzi\u0107 miejsce na inne komponenty.<\/p>\n<\/section><\/div>\n<\/section>\n<section class=\"section\">\n<div class=\"item item-12\">\n<section class=\"image-item\"><img decoding=\"async\" src=\"https:\/\/upload.cdn.baselinker.com\/products\/6010088\/8a0abddcb3022a51d29769716ac377a7.jpg\" \/><\/section>\n<\/p><\/div>\n<\/section>\n<\/div>\n<p><!-- .vgblk-rw-wrapper --><\/p>","protected":false},"excerpt":{"rendered":"<p>Dysk SSD Silicon Power A60 512GB PCIe Gen3x4 NVMe (2200\/1600 MB\/s) 2280 Dane: Model: P34A60 Typ dysku: SSD Format szeroko\u015bci: M.2 2280 Typ nap\u0119du: Wewn\u0119trzny Pojemno\u015b\u0107 dysku: 512 GB Interfejs dysku: PCI-Express Pr\u0119dko\u015b\u0107 odczytu: 2200 MB\/s Pr\u0119dko\u015b\u0107 zapisu: 1600 MB\/s Wysoko\u015b\u0107: 3.5 mm Szeroko\u015b\u0107: 80 mm G\u0142\u0119boko\u015b\u0107: 22 mm Waga: 8 g Dysk SSD Silicon&#8230;<\/p>","protected":false},"featured_media":1829443,"comment_status":"open","ping_status":"closed","template":"","meta":[],"product_brand":[16648],"product_cat":[247,256,246],"product_tag":[],"class_list":{"0":"post-1829445","1":"product","2":"type-product","3":"status-publish","4":"has-post-thumbnail","6":"product_brand-silicon-power","7":"product_cat-dyski","8":"product_cat-dyski-ssd","9":"product_cat-podzespoly-komputerowe","11":"first","12":"instock","13":"taxable","14":"shipping-taxable","15":"purchasable","16":"product-type-simple"},"_links":{"self":[{"href":"https:\/\/lemonti.pl\/en\/wp-json\/wp\/v2\/product\/1829445","targetHints":{"allow":["GET"]}}],"collection":[{"href":"https:\/\/lemonti.pl\/en\/wp-json\/wp\/v2\/product"}],"about":[{"href":"https:\/\/lemonti.pl\/en\/wp-json\/wp\/v2\/types\/product"}],"replies":[{"embeddable":true,"href":"https:\/\/lemonti.pl\/en\/wp-json\/wp\/v2\/comments?post=1829445"}],"version-history":[{"count":0,"href":"https:\/\/lemonti.pl\/en\/wp-json\/wp\/v2\/product\/1829445\/revisions"}],"wp:featuredmedia":[{"embeddable":true,"href":"https:\/\/lemonti.pl\/en\/wp-json\/wp\/v2\/media\/1829443"}],"wp:attachment":[{"href":"https:\/\/lemonti.pl\/en\/wp-json\/wp\/v2\/media?parent=1829445"}],"wp:term":[{"taxonomy":"product_brand","embeddable":true,"href":"https:\/\/lemonti.pl\/en\/wp-json\/wp\/v2\/product_brand?post=1829445"},{"taxonomy":"product_cat","embeddable":true,"href":"https:\/\/lemonti.pl\/en\/wp-json\/wp\/v2\/product_cat?post=1829445"},{"taxonomy":"product_tag","embeddable":true,"href":"https:\/\/lemonti.pl\/en\/wp-json\/wp\/v2\/product_tag?post=1829445"}],"curies":[{"name":"wp","href":"https:\/\/api.w.org\/{rel}","templated":true}]}}