{"id":1829430,"date":"2026-01-02T17:57:23","date_gmt":"2026-01-02T16:57:23","guid":{"rendered":"https:\/\/lemonti.pl\/sklep\/bez-kategorii\/dysk-ssd-kingston-nv3-m-2-2280-pcie-4-0x4-nvme-1tb-6000-4000mb-s\/"},"modified":"2026-04-09T11:50:10","modified_gmt":"2026-04-09T09:50:10","slug":"dysk-ssd-kingston-nv3-m-2-2280-pcie-4-0x4-nvme-1tb-6000-4000mb-s","status":"publish","type":"product","link":"https:\/\/lemonti.pl\/en\/sklep\/podzespoly-komputerowe\/dyski\/dyski-ssd\/dysk-ssd-kingston-nv3-m-2-2280-pcie-4-0x4-nvme-1tb-6000-4000mb-s\/","title":{"rendered":"Dysk SSD Kingston NV3 M.2 2280 PCIe 4.0&#215;4 NVMe 1TB (6000\/4000MB\/s)"},"content":{"rendered":"<div class=\"vgblk-rw-wrapper limit-wrapper\">\n<section class=\"section\">\n<div class=\"item item-12\">\n<section class=\"text-item\">\n<h1>Dysk SSD Kingston NV3 M.2 PCIe 4.0&#215;4 NVMe 1TB (6000\/4000MB\/s) 2280<\/h1>\n<\/section><\/div>\n<\/section>\n<section class=\"section\">\n<div class=\"item item-6\">\n<section class=\"image-item\"><img decoding=\"async\" src=\"https:\/\/upload.cdn.baselinker.com\/products\/6010088\/a4a21878f860124287fed267baadbd26.jpg\" \/><\/section>\n<\/p><\/div>\n<div class=\"item item-6\">\n<section class=\"text-item\">\n<h2>Specyfikacja:<\/h2>\n<p>Techniczne<\/p>\n<ul>\n<li><b>Pojemno\u015b\u0107 dysku:<\/b> 1 TB<\/li>\n<li><b>Format dysku:<\/b> M.2 2280<\/li>\n<li><b>Typ dysku:<\/b> SSD<\/li>\n<li><b>Pr\u0119dko\u015b\u0107 odczytu (max):<\/b> 6000 MB\/s<\/li>\n<li><b>Pr\u0119dko\u015b\u0107 zapisu (max):<\/b> 4000 MB\/s<\/li>\n<li><b>TBW (ang. Total Bytes Written):<\/b> 320.0<\/li>\n<\/ul>\n<p>Charakterystyka<\/p>\n<ul>\n<li><b>Interfejs:<\/b> PCIe NVMe 4.0 x4<\/li>\n<li><b>\u015aredni czas miedzy uszkodzeniami (MTBF):<\/b> 2000000 h<\/li>\n<\/ul>\n<p>Z\u0142\u0105cza<\/p>\n<ul>\n<li><b>Typ z\u0142\u0105cza:<\/b> M.2 (NGFF)<\/li>\n<\/ul>\n<p>Pozosta\u0142e parametry<\/p>\n<ul>\n<li><b>Informacje dodatkowe:<\/b><\/li>\n<li>Wymiary: 80mm x 22mm x 2,3mm<\/li>\n<li>Waga: 7 g<\/li>\n<\/ul>\n<\/section><\/div>\n<\/section>\n<section class=\"section\">\n<div class=\"item item-6\">\n<section class=\"image-item\"><img decoding=\"async\" src=\"https:\/\/upload.cdn.baselinker.com\/products\/6010088\/50baaca5c1a0f93f1eb54ac37532b0e8.jpg\" \/><\/section>\n<\/p><\/div>\n<div class=\"item item-6\">\n<section class=\"image-item\"><img decoding=\"async\" src=\"https:\/\/upload.cdn.baselinker.com\/products\/6010088\/d3541c97f7c6e13054af948bf44d7e7a.jpg\" \/><\/section>\n<\/p><\/div>\n<\/section>\n<section class=\"section\">\n<div class=\"item item-6\">\n<section class=\"image-item\"><img decoding=\"async\" src=\"https:\/\/upload.cdn.baselinker.com\/products\/6010088\/c89a68d69f8d7d2a496c665b4ba7094f.jpg\" \/><\/section>\n<\/p><\/div>\n<div class=\"item item-6\">\n<section class=\"image-item\"><img decoding=\"async\" src=\"https:\/\/upload.cdn.baselinker.com\/products\/6010088\/bb7157bd217cdca251a28368b0b89798.jpg\" \/><\/section>\n<\/p><\/div>\n<\/section>\n<\/div>\n<p><!-- .vgblk-rw-wrapper --><\/p>","protected":false},"excerpt":{"rendered":"<p>Dysk SSD Kingston NV3 M.2 PCIe 4.0&#215;4 NVMe 1TB (6000\/4000MB\/s) 2280 Specyfikacja: Techniczne Pojemno\u015b\u0107 dysku: 1 TB Format dysku: M.2 2280 Typ dysku: SSD Pr\u0119dko\u015b\u0107 odczytu (max): 6000 MB\/s Pr\u0119dko\u015b\u0107 zapisu (max): 4000 MB\/s TBW (ang. Total Bytes Written): 320.0 Charakterystyka Interfejs: PCIe NVMe 4.0 x4 \u015aredni czas miedzy uszkodzeniami (MTBF): 2000000 h Z\u0142\u0105cza Typ&#8230;<\/p>","protected":false},"featured_media":1829420,"comment_status":"open","ping_status":"closed","template":"","meta":[],"product_brand":[16652],"product_cat":[247,256,246],"product_tag":[],"class_list":{"0":"post-1829430","1":"product","2":"type-product","3":"status-publish","4":"has-post-thumbnail","6":"product_brand-kingston","7":"product_cat-dyski","8":"product_cat-dyski-ssd","9":"product_cat-podzespoly-komputerowe","11":"first","12":"instock","13":"taxable","14":"shipping-taxable","15":"purchasable","16":"product-type-simple"},"_links":{"self":[{"href":"https:\/\/lemonti.pl\/en\/wp-json\/wp\/v2\/product\/1829430","targetHints":{"allow":["GET"]}}],"collection":[{"href":"https:\/\/lemonti.pl\/en\/wp-json\/wp\/v2\/product"}],"about":[{"href":"https:\/\/lemonti.pl\/en\/wp-json\/wp\/v2\/types\/product"}],"replies":[{"embeddable":true,"href":"https:\/\/lemonti.pl\/en\/wp-json\/wp\/v2\/comments?post=1829430"}],"version-history":[{"count":0,"href":"https:\/\/lemonti.pl\/en\/wp-json\/wp\/v2\/product\/1829430\/revisions"}],"wp:featuredmedia":[{"embeddable":true,"href":"https:\/\/lemonti.pl\/en\/wp-json\/wp\/v2\/media\/1829420"}],"wp:attachment":[{"href":"https:\/\/lemonti.pl\/en\/wp-json\/wp\/v2\/media?parent=1829430"}],"wp:term":[{"taxonomy":"product_brand","embeddable":true,"href":"https:\/\/lemonti.pl\/en\/wp-json\/wp\/v2\/product_brand?post=1829430"},{"taxonomy":"product_cat","embeddable":true,"href":"https:\/\/lemonti.pl\/en\/wp-json\/wp\/v2\/product_cat?post=1829430"},{"taxonomy":"product_tag","embeddable":true,"href":"https:\/\/lemonti.pl\/en\/wp-json\/wp\/v2\/product_tag?post=1829430"}],"curies":[{"name":"wp","href":"https:\/\/api.w.org\/{rel}","templated":true}]}}