{"id":1829397,"date":"2026-01-02T17:56:55","date_gmt":"2026-01-02T16:56:55","guid":{"rendered":"https:\/\/lemonti.pl\/sklep\/bez-kategorii\/dysk-ssd-kingston-kc3000-2tb-m-2-2280-pcie-gen-4-0-x4-nvme-7000-7000-mb-s\/"},"modified":"2026-04-16T11:01:05","modified_gmt":"2026-04-16T09:01:05","slug":"dysk-ssd-kingston-kc3000-2tb-m-2-2280-pcie-gen-4-0-x4-nvme-7000-7000-mb-s","status":"publish","type":"product","link":"https:\/\/lemonti.pl\/en\/sklep\/podzespoly-komputerowe\/dyski\/dyski-ssd\/dysk-ssd-kingston-kc3000-2tb-m-2-2280-pcie-gen-4-0-x4-nvme-7000-7000-mb-s\/","title":{"rendered":"Dysk SSD Kingston KC3000 2TB M.2 2280 PCIe Gen 4.0 x4 NVMe (7000\/7000 MB\/s)"},"content":{"rendered":"<div class=\"vgblk-rw-wrapper limit-wrapper\">\n<section class=\"section\">\n<div class=\"item item-12\">\n<section class=\"text-item\">\n<h2>Dysk SSD Kingston KC3000 2TB M.2 NVMe 2280 PCIe Gen 4.0 x4 (7000\/7000 MB\/s)<\/h2>\n<\/section><\/div>\n<\/section>\n<section class=\"section\">\n<div class=\"item item-6\">\n<section class=\"image-item\"><img decoding=\"async\" src=\"https:\/\/upload.cdn.baselinker.com\/products\/6010088\/e5734d26c4fbbd7648392ad770a51124.jpg\" \/><\/section>\n<\/p><\/div>\n<div class=\"item item-6\">\n<section class=\"text-item\">\n<p><b>Specyfikacja:<\/b><\/p>\n<ul>\n<li><b>Pojemno\u015b\u0107 dysku:<\/b> 2 TB<\/li>\n<li><b>Format dysku:<\/b> M.2 2280<\/li>\n<li><b>Typ dysku:<\/b> SSD<\/li>\n<li><b>Pr\u0119dko\u015b\u0107 odczytu (max):<\/b> 7000 MB\/s<\/li>\n<li><b>Pr\u0119dko\u015b\u0107 zapisu (max):<\/b> 7000 MB\/s<\/li>\n<li><b>Interfejs:<\/b> PCIe NVMe 4.0 x4<\/li>\n<li><b>Odczyt losowy:<\/b> 1000000 IOPS<\/li>\n<li><b>Zapis losowy:<\/b> 1000000 IOPS<\/li>\n<li><b>\u015aredni czas miedzy uszkodzeniami (MTBF):<\/b> 1800000 h<\/li>\n<li><b>TBW: <\/b>1.6 PBW<\/li>\n<li><b>Wymiary:<\/b> 80mm x 22mm x 3,5mm<\/li>\n<li><b>Waga:<\/b> 9,7 g<\/li>\n<\/ul>\n<\/section><\/div>\n<\/section>\n<section class=\"section\">\n<div class=\"item item-6\">\n<section class=\"image-item\"><img decoding=\"async\" src=\"https:\/\/upload.cdn.baselinker.com\/products\/6010088\/4b260694408acdeb4015fba0494d18d9.jpg\" \/><\/section>\n<\/p><\/div>\n<div class=\"item item-6\">\n<section class=\"text-item\">\n<p><b>KC3000 PCIe 4.0 NVMe M.2 SSDWysokowydajna pami\u0119\u0107 masowa do komputer\u00f3w stacjonarnych i laptop\u00f3w<\/b><\/p>\n<p>Kingston KC3000 PCIe 4.0 NVMe M.2 SSD zapewnia wy\u017csz\u0105 wydajno\u015b\u0107, wykorzystuj\u0105c najnowszy kontroler Gen 4&#215;4 NVMe i pami\u0119\u0107 3D TLC NAND. Zmodernizuj pami\u0119\u0107 masow\u0105 i zwi\u0119ksz niezawodno\u015b\u0107 systemu, aby sprosta\u0107 wymagaj\u0105cym obci\u0105\u017ceniom i uzyska\u0107 lepsz\u0105 wydajno\u015b\u0107 aplikacji do renderowania 3D i tworzenia tre\u015bci 4K . Dzi\u0119ki imponuj\u0105cej szybko\u015bci odczytu i zapisu dysk umo\u017cliwia szybsz\u0105 prac\u0119 na wysokowydajnych komputerach stacjonarnych i laptopach, dzi\u0119ki czemu jest idealnym rozwi\u0105zaniem dla zaawansowanych u\u017cytkownik\u00f3w, kt\u00f3rzy wymagaj\u0105 najszybszego sprz\u0119tu.<\/p>\n<p>Kompaktowy format M.2 2280 doskonale pasuje do p\u0142yt g\u0142\u00f3wnych i zapewnia wi\u0119ksz\u0105 elastyczno\u015b\u0107 tam, gdzie zaawansowani u\u017cytkownicy doceniaj\u0105 szybko\u015b\u0107 reakcji i doskona\u0142e czasy \u0142adowania.<\/p>\n<p><b>Niskoprofilowy aluminiowy radiator z pow\u0142ok\u0105 grafenow\u0105<\/b><\/p>\n<p>Wyj\u0105tkowy system odprowadzania ciep\u0142a zapewnia maksymaln\u0105 wydajno\u015b\u0107 ch\u0142odzenia dysku.<\/p>\n<\/section><\/div>\n<\/section>\n<section class=\"section\">\n<div class=\"item item-12\">\n<section class=\"image-item\"><img decoding=\"async\" src=\"https:\/\/upload.cdn.baselinker.com\/products\/6010088\/e5734d26c4fbbd7648392ad770a51124.jpg\" \/><\/section>\n<\/p><\/div>\n<\/section>\n<\/div>\n<p><!-- .vgblk-rw-wrapper --><\/p>","protected":false},"excerpt":{"rendered":"<p>Dysk SSD Kingston KC3000 2TB M.2 NVMe 2280 PCIe Gen 4.0 x4 (7000\/7000 MB\/s) Specyfikacja: Pojemno\u015b\u0107 dysku: 2 TB Format dysku: M.2 2280 Typ dysku: SSD Pr\u0119dko\u015b\u0107 odczytu (max): 7000 MB\/s Pr\u0119dko\u015b\u0107 zapisu (max): 7000 MB\/s Interfejs: PCIe NVMe 4.0 x4 Odczyt losowy: 1000000 IOPS Zapis losowy: 1000000 IOPS \u015aredni czas miedzy uszkodzeniami (MTBF): 1800000&#8230;<\/p>","protected":false},"featured_media":1829394,"comment_status":"open","ping_status":"closed","template":"","meta":[],"product_brand":[16652],"product_cat":[247,256,246],"product_tag":[],"class_list":{"0":"post-1829397","1":"product","2":"type-product","3":"status-publish","4":"has-post-thumbnail","6":"product_brand-kingston","7":"product_cat-dyski","8":"product_cat-dyski-ssd","9":"product_cat-podzespoly-komputerowe","11":"first","12":"instock","13":"taxable","14":"shipping-taxable","15":"purchasable","16":"product-type-simple"},"_links":{"self":[{"href":"https:\/\/lemonti.pl\/en\/wp-json\/wp\/v2\/product\/1829397","targetHints":{"allow":["GET"]}}],"collection":[{"href":"https:\/\/lemonti.pl\/en\/wp-json\/wp\/v2\/product"}],"about":[{"href":"https:\/\/lemonti.pl\/en\/wp-json\/wp\/v2\/types\/product"}],"replies":[{"embeddable":true,"href":"https:\/\/lemonti.pl\/en\/wp-json\/wp\/v2\/comments?post=1829397"}],"version-history":[{"count":0,"href":"https:\/\/lemonti.pl\/en\/wp-json\/wp\/v2\/product\/1829397\/revisions"}],"wp:featuredmedia":[{"embeddable":true,"href":"https:\/\/lemonti.pl\/en\/wp-json\/wp\/v2\/media\/1829394"}],"wp:attachment":[{"href":"https:\/\/lemonti.pl\/en\/wp-json\/wp\/v2\/media?parent=1829397"}],"wp:term":[{"taxonomy":"product_brand","embeddable":true,"href":"https:\/\/lemonti.pl\/en\/wp-json\/wp\/v2\/product_brand?post=1829397"},{"taxonomy":"product_cat","embeddable":true,"href":"https:\/\/lemonti.pl\/en\/wp-json\/wp\/v2\/product_cat?post=1829397"},{"taxonomy":"product_tag","embeddable":true,"href":"https:\/\/lemonti.pl\/en\/wp-json\/wp\/v2\/product_tag?post=1829397"}],"curies":[{"name":"wp","href":"https:\/\/api.w.org\/{rel}","templated":true}]}}