{"id":1829392,"date":"2026-01-02T17:56:50","date_gmt":"2026-01-02T16:56:50","guid":{"rendered":"https:\/\/lemonti.pl\/sklep\/bez-kategorii\/dysk-ssd-kingston-nv3-m-2-2280-pcie-4-0x4-nvme-2tb-6000-5000mb-s\/"},"modified":"2026-04-14T12:01:15","modified_gmt":"2026-04-14T10:01:15","slug":"dysk-ssd-kingston-nv3-m-2-2280-pcie-4-0x4-nvme-2tb-6000-5000mb-s","status":"publish","type":"product","link":"https:\/\/lemonti.pl\/en\/sklep\/podzespoly-komputerowe\/dyski\/dyski-ssd\/dysk-ssd-kingston-nv3-m-2-2280-pcie-4-0x4-nvme-2tb-6000-5000mb-s\/","title":{"rendered":"Dysk SSD Kingston NV3 M.2 2280 PCIe 4.0&#215;4 NVMe 2TB (6000\/5000MB\/s)"},"content":{"rendered":"<div class=\"vgblk-rw-wrapper limit-wrapper\">\n<section class=\"section\">\n<div class=\"item item-12\">\n<section class=\"text-item\">\n<h2>Dysk SSD Kingston NV3 2TB M.2 PCIe SNV3S\/2000G<\/h2>\n<\/section><\/div>\n<\/section>\n<section class=\"section\">\n<div class=\"item item-6\">\n<section class=\"image-item\"><img decoding=\"async\" src=\"https:\/\/upload.cdn.baselinker.com\/products\/6010088\/2517d1894498513d0fe09f5422b4c1b1.jpg\" \/><\/section>\n<\/p><\/div>\n<div class=\"item item-6\">\n<section class=\"text-item\">\n<h2>Kingston NV3 2TB<\/h2>\n<p><b>SNV3S\/2000G<\/b><\/p>\n<p>Dysk SSD NV3 2TB PCIe 4.0 NVMe firmy Kingston to rozwi\u0105zanie pami\u0119ci masowej nowej generacji wykorzystuj\u0105ce kontroler NVMe Gen 4&#215;4, kt\u00f3re zapewnia szybko\u015b\u0107 odczytu\/zapisu na poziomie 6000\/5000MB\/s. W po\u0142\u0105czeniu z ni\u017cszym zu\u017cyciem energii i mniejsz\u0105 ilo\u015bci\u0105 wydzielanego ciep\u0142a pozwala to zoptymalizowa\u0107 wydajno\u015b\u0107 systemu przy jednoczesnym zachowaniu jego warto\u015bci. Kompaktowa, jednostronna konstrukcja M.2 2280 (22 x 80mm) zapewnia du\u017c\u0105 pojemno\u015b\u0107, pozostawiaj\u0105c wi\u0119cej miejsca na inne komponenty. Wykorzystaj szybko\u015b\u0107 interfejsu NVMe, wybieraj\u0105c dysk NV3.<\/p>\n<\/section><\/div>\n<\/section>\n<section class=\"section\">\n<div class=\"item item-6\">\n<section class=\"image-item\"><img decoding=\"async\" src=\"https:\/\/upload.cdn.baselinker.com\/products\/6010088\/6fee7359080a53b2b7400ac772a2d8c2.jpg\" \/><\/section>\n<\/p><\/div>\n<div class=\"item item-6\">\n<section class=\"text-item\">\n<h2>Wydajno\u015b\u0107 interfejsu PCIe NVMe Gen 4&#215;4<\/h2>\n<p>Zwi\u0119ksz mo\u017cliwo\u015bci swojego komputera dzi\u0119ki szybko\u015bci odczytu\/zapisu do 6000\/5000MB\/s.<\/p>\n<h2>Idealne rozwi\u0105zanie do system\u00f3w z ograniczon\u0105 ilo\u015bci\u0105 miejsca<\/h2>\n<p>Umo\u017cliwia \u0142atw\u0105 instalacj\u0119 w systemach ze z\u0142\u0105czem M.2. Doskona\u0142e rozwi\u0105zanie do cienkich laptop\u00f3w i komputer\u00f3w SFF.<\/p>\n<h2>Wi\u0119cej miejsca na dane<\/h2>\n<p>Pojemno\u015b\u0107 si\u0119gaj\u0105ca 2TB zapewnia wystarczaj\u0105c\u0105 ilo\u015b\u0107 miejsca do przechowywania plik\u00f3w, film\u00f3w, dokument\u00f3w i gier.<\/p>\n<\/section><\/div>\n<\/section>\n<section class=\"section\">\n<div class=\"item item-6\">\n<section class=\"image-item\"><img decoding=\"async\" src=\"https:\/\/upload.cdn.baselinker.com\/products\/6010088\/9c48c1b059a281331245ca672f050e47.jpg\" \/><\/section>\n<\/p><\/div>\n<div class=\"item item-6\">\n<section class=\"text-item\">\n<p><b>Specyfikacja<\/b><\/p>\n<ul>\n<li>Pojemno\u015b\u0107: <b>2 TB<\/b><\/li>\n<li>Format: <b>M.2 2280<\/b><\/li>\n<li>Interfejs: <b>M.2 PCIe NVMe 4.0 x4<\/b><\/li>\n<li>Pr\u0119dko\u015b\u0107 odczytu (maksymalna): <b>6000 MB\/s<\/b><\/li>\n<li>Pr\u0119dko\u015b\u0107 zapisu (maksymalna): <b>5000 MB\/s<\/b><\/li>\n<li>Niezawodno\u015b\u0107 MTBF: <b>2 000 000 godzin<\/b><\/li>\n<li>Wsp\u00f3\u0142czynnik TBW: <b>640 TB<\/b><\/li>\n<li>Wysoko\u015b\u0107: <b>3,8 mm<\/b><\/li>\n<li>Szeroko\u015b\u0107: <b>22 mm<\/b><\/li>\n<li>G\u0142\u0119boko\u015b\u0107: <b>80 mm<\/b><\/li>\n<li>Waga: <b>6,6 g<\/b><\/li>\n<\/ul>\n<\/section><\/div>\n<\/section>\n<section class=\"section\">\n<div class=\"item item-6\">\n<section class=\"image-item\"><img decoding=\"async\" src=\"https:\/\/upload.cdn.baselinker.com\/products\/6010088\/6fee7359080a53b2b7400ac772a2d8c2.jpg\" \/><\/section>\n<\/p><\/div>\n<div class=\"item item-6\">\n<section class=\"image-item\"><img decoding=\"async\" src=\"https:\/\/upload.cdn.baselinker.com\/products\/6010088\/c62c4057c51a8ec195cae23115312f42.jpg\" \/><\/section>\n<\/p><\/div>\n<\/section>\n<section class=\"section\">\n<div class=\"item item-6\">\n<section class=\"image-item\"><img decoding=\"async\" src=\"https:\/\/upload.cdn.baselinker.com\/products\/6010088\/22ff03afb1e2874852562e24027bf93b.jpg\" \/><\/section>\n<\/p><\/div>\n<div class=\"item item-6\">\n<section class=\"image-item\"><img decoding=\"async\" src=\"https:\/\/upload.cdn.baselinker.com\/products\/6010088\/8dae4db1924245cbc7581319065a7047.jpg\" \/><\/section>\n<\/p><\/div>\n<\/section>\n<\/div>\n<p><!-- .vgblk-rw-wrapper --><\/p>","protected":false},"excerpt":{"rendered":"<p>Dysk SSD Kingston NV3 2TB M.2 PCIe SNV3S\/2000G Kingston NV3 2TB SNV3S\/2000G Dysk SSD NV3 2TB PCIe 4.0 NVMe firmy Kingston to rozwi\u0105zanie pami\u0119ci masowej nowej generacji wykorzystuj\u0105ce kontroler NVMe Gen 4&#215;4, kt\u00f3re zapewnia szybko\u015b\u0107 odczytu\/zapisu na poziomie 6000\/5000MB\/s. W po\u0142\u0105czeniu z ni\u017cszym zu\u017cyciem energii i mniejsz\u0105 ilo\u015bci\u0105 wydzielanego ciep\u0142a pozwala to zoptymalizowa\u0107 wydajno\u015b\u0107 systemu&#8230;<\/p>","protected":false},"featured_media":1829378,"comment_status":"open","ping_status":"closed","template":"","meta":[],"product_brand":[16652],"product_cat":[247,256,246],"product_tag":[],"class_list":{"0":"post-1829392","1":"product","2":"type-product","3":"status-publish","4":"has-post-thumbnail","6":"product_brand-kingston","7":"product_cat-dyski","8":"product_cat-dyski-ssd","9":"product_cat-podzespoly-komputerowe","11":"first","12":"instock","13":"taxable","14":"shipping-taxable","15":"purchasable","16":"product-type-simple"},"_links":{"self":[{"href":"https:\/\/lemonti.pl\/en\/wp-json\/wp\/v2\/product\/1829392","targetHints":{"allow":["GET"]}}],"collection":[{"href":"https:\/\/lemonti.pl\/en\/wp-json\/wp\/v2\/product"}],"about":[{"href":"https:\/\/lemonti.pl\/en\/wp-json\/wp\/v2\/types\/product"}],"replies":[{"embeddable":true,"href":"https:\/\/lemonti.pl\/en\/wp-json\/wp\/v2\/comments?post=1829392"}],"version-history":[{"count":0,"href":"https:\/\/lemonti.pl\/en\/wp-json\/wp\/v2\/product\/1829392\/revisions"}],"wp:featuredmedia":[{"embeddable":true,"href":"https:\/\/lemonti.pl\/en\/wp-json\/wp\/v2\/media\/1829378"}],"wp:attachment":[{"href":"https:\/\/lemonti.pl\/en\/wp-json\/wp\/v2\/media?parent=1829392"}],"wp:term":[{"taxonomy":"product_brand","embeddable":true,"href":"https:\/\/lemonti.pl\/en\/wp-json\/wp\/v2\/product_brand?post=1829392"},{"taxonomy":"product_cat","embeddable":true,"href":"https:\/\/lemonti.pl\/en\/wp-json\/wp\/v2\/product_cat?post=1829392"},{"taxonomy":"product_tag","embeddable":true,"href":"https:\/\/lemonti.pl\/en\/wp-json\/wp\/v2\/product_tag?post=1829392"}],"curies":[{"name":"wp","href":"https:\/\/api.w.org\/{rel}","templated":true}]}}